{"id":6117,"date":"2024-03-07T05:37:20","date_gmt":"2024-03-07T04:37:20","guid":{"rendered":"https:\/\/www.allortho.de\/?post_type=product&#038;p=6117"},"modified":"2024-10-03T22:53:43","modified_gmt":"2024-10-03T20:53:43","slug":"enovis-aircast-airselect-short-walker","status":"publish","type":"product","link":"https:\/\/www.allortho.de\/en\/produkt\/enovis-aircast-airselect-short-walker\/","title":{"rendered":"Enovis AIRCAST\u00ae AIRSELECT\u2122 Short Walker"},"content":{"rendered":"<h2>Medizinische Fachinformationen<\/h2>\n<h2>Indikationen<\/h2>\n<ul>\n<li>St\u00fctze und Immobilisierung des Sprunggelenks und Fu\u00dfes<\/li>\n<li>Stabile Frakturen des Fu\u00dfes<\/li>\n<li>Laterale Kn\u00f6chelverstauchungen<\/li>\n<li>Bandverletzungen<\/li>\n<li>Plantarfasciitis<\/li>\n<\/ul>\n<h2>Rezeptierung<\/h2>\n<p><strong>AIRCAST\u00ae AIRSELECT\u2122 Short Walker<\/strong> &#8211; Unterschenkel-Fu\u00df-Orthese<\/p>\n<p><strong>HMV-Nr.: <\/strong>23.06.01.0039<\/p>\n<h2>Kontraindikation<\/h2>\n<ul>\n<li>Instabile Frakturen des Unterschenkels, Sprunggelenks oder Fu\u00dfes<\/li>\n<li>Allergien gegen einen der in diesem Produkt enthaltenen Stoffe<\/li>\n<\/ul>\n<h2>Pflegehinweis<\/h2>\n<p>Die Schaumstoffeinlage und die Fersenkeile k\u00f6nnen mit Wasser bei einer Temperatur von 30 \u00b0C und einem milden Reinigungsmittel handgewaschen und anschlie\u00dfend luftgetrocknet werden. Nicht im W\u00e4schetrockner oder mit einer anderen W\u00e4rmequelle trocknen.<\/p>\n<h2>Materialzusammensetzung<\/h2>\n<p>Ethylenvinylacetat (EVA, EVA Schaumstoff), Polyamid (PA, Nylon, 6\/6 Harz, Cordura), Polycarbonat (PC, Polyester), Polyethylen hoher Dichte (PE-HD), Polypropylen (PP), Polyurethan (PUR, PU, Polyether Schaum, Urethanschaum), Thermoplastisches Elastomer (TPE, Thermoplastisches Gummi, TR, TPR)<\/p>\n<h2>Zubeh\u00f6r<\/h2>\n<ul>\n<li>Verl\u00e4ngerungsgurt f\u00fcr die AIRCAST\u00ae Airselect Walker<\/li>\n<li>Walker Wettercover Kurz<\/li>\n<\/ul>\n","protected":false},"excerpt":{"rendered":"<p>Kurze Unterschenkel-Fu\u00df-Orthese zur Immobilisierung in vorgegebener Position<\/p>\n<h2 class=\"mb-6 text-3xl font-medium text-black-light md:col-span-2\">Eigenschaften<\/h2>\n<div class=\"pdp-html-module md:grid md:gap-8 md:grid-cols-2\">\n<div>\n<p><strong>Pluspunkte<\/strong><\/p>\n<ul>\n<li>Passgenaue und sichere Einbettung des Fu\u00dfes durch zwei individuell aufpumpbare Luftkammern<\/li>\n<li>Integrierte Luftpumpe<\/li>\n<li>Hohe Stabilit\u00e4t bieten zwei feste Halbschalen mit individuell einstellbaren Klettgurten<\/li>\n<li>Komfortabler Sitz dank kompletter Schaumstoffauspolsterung<\/li>\n<li>Biomechanisch optimierte Abrollsohle<\/li>\n<\/ul>\n<div class=\"w-full py-4 px-0 md:w-1\/2 md:py-0 md:mr-4 lg:mr-10 xl:mr-14 2xl:mr-20\">\n<div>\n<div>\n<h3 class=\"mb-2 md:mb-4\">SoftStrike Technologie und leichtes Gewicht<\/h3>\n<\/div>\n<div>\n<div class=\"richText mb-4 md:mb-6\">\n<p><b>Biomechanisch optimierte Sohle\u200b<\/b><\/p>\n<p>Die Sohle mit SoftStrike Technologie optimiert die D\u00e4mpfung, unterst\u00fctzt den nat\u00fcrlichen Gang, verbessert die Abrollung und maximiert die Bodenhaftung. Das sto\u00dfd\u00e4mpfende EVA-Material der Sohle mit abriebfreiem und rutschfestem Gummiprofil machen den Walker besonders alltagstauglich. \u200b<\/p>\n<p><b>Leichtes Gewicht\u200b<\/b><\/p>\n<p>Die einzigartige Kombination aus innovativer Technologie und Leichtigkeit tr\u00e4gt ma\u00dfgeblich zum Therapieerfolg bei. Die AIRCAST\u00ae AIRSELECT\u2122\u00a0Walker zeichnen sich durch geringes Gewicht aus und bieten damit einen hohen Tragekomfort sowie einen erleichterten Alltag f\u00fcr die Patienten. \u200b<\/p>\n<p>&nbsp;<\/p>\n<\/div>\n<\/div>\n<\/div>\n<\/div>\n<\/div>\n<\/div>\n","protected":false},"featured_media":6118,"comment_status":"closed","ping_status":"closed","template":"","meta":[],"product_brand":[],"product_cat":[289,210,290],"product_tag":[],"class_list":{"0":"post-6117","1":"product","2":"type-product","3":"status-publish","4":"has-post-thumbnail","6":"product_cat-enovis","7":"product_cat-orthesen-2","8":"product_cat-orthesen-enovis","10":"first","11":"instock","12":"taxable","13":"shipping-taxable","14":"product-type-simple"},"_links":{"self":[{"href":"https:\/\/www.allortho.de\/en\/wp-json\/wp\/v2\/product\/6117","targetHints":{"allow":["GET"]}}],"collection":[{"href":"https:\/\/www.allortho.de\/en\/wp-json\/wp\/v2\/product"}],"about":[{"href":"https:\/\/www.allortho.de\/en\/wp-json\/wp\/v2\/types\/product"}],"replies":[{"embeddable":true,"href":"https:\/\/www.allortho.de\/en\/wp-json\/wp\/v2\/comments?post=6117"}],"wp:featuredmedia":[{"embeddable":true,"href":"https:\/\/www.allortho.de\/en\/wp-json\/wp\/v2\/media\/6118"}],"wp:attachment":[{"href":"https:\/\/www.allortho.de\/en\/wp-json\/wp\/v2\/media?parent=6117"}],"wp:term":[{"taxonomy":"product_brand","embeddable":true,"href":"https:\/\/www.allortho.de\/en\/wp-json\/wp\/v2\/product_brand?post=6117"},{"taxonomy":"product_cat","embeddable":true,"href":"https:\/\/www.allortho.de\/en\/wp-json\/wp\/v2\/product_cat?post=6117"},{"taxonomy":"product_tag","embeddable":true,"href":"https:\/\/www.allortho.de\/en\/wp-json\/wp\/v2\/product_tag?post=6117"}],"curies":[{"name":"wp","href":"https:\/\/api.w.org\/{rel}","templated":true}]}}