{"id":6109,"date":"2024-03-07T05:29:07","date_gmt":"2024-03-07T04:29:07","guid":{"rendered":"https:\/\/www.allortho.de\/?post_type=product&#038;p=6109"},"modified":"2024-10-03T22:53:43","modified_gmt":"2024-10-03T20:53:43","slug":"enovis-procare-shoelift","status":"publish","type":"product","link":"https:\/\/www.allortho.de\/en\/produkt\/enovis-procare-shoelift\/","title":{"rendered":"Enovis PROCARE\u00ae Shoelift\u2122"},"content":{"rendered":"","protected":false},"excerpt":{"rendered":"<p>H\u00f6henausgleichssohle<\/p>\n<h2>Eigenschaften<\/h2>\n<p><strong>Pluspunkte<\/strong><\/p>\n<ul>\n<li>Ausgleich von Beinl\u00e4ngendifferenzen beim Tragen von Fu\u00dforthesen<\/li>\n<li>Unterst\u00fctzt die Verringerung der k\u00f6rperlichen Anstrengung beim Tragen eines Gipses oder einer Unterschenkel-Fu\u00df-Orthese<\/li>\n<li>Einfach und schnell anzulegen<\/li>\n<li>In drei Gr\u00f6\u00dfen erh\u00e4ltlich<\/li>\n<\/ul>\n<h2>Indikationen<\/h2>\n<ul>\n<li>Ausgleich von Beinl\u00e4ngendifferenzen beim Tragen einer Gehorthese aufgrund von Frakturen<\/li>\n<li>Empfohlen f\u00fcr die Verwendung \u00fcber einem fest zugeschn\u00fcrten geschlossenen Schuh oder Turnschuh<\/li>\n<\/ul>\n<h2>Rezeptierung<\/h2>\n<p><strong>PROCARE\u00ae Shoelift\u2122<\/strong> &#8211;<\/p>\n<p><strong>HMV-Nr.: <\/strong><\/p>\n<h2>Kontraindikation<\/h2>\n<p>Keine<\/p>\n<h2>Pflegehinweis<\/h2>\n<p>In kaltem Wasser mit milder Seife von Hand waschen oder mit einem feuchten Tuch abwischen. An der Luft trocknen lassen.<\/p>\n<h2>Materialzusammensetzung<\/h2>\n<p>Ethylenvinylacetat (EVA, EVA Schaumstoff), Polyamid (PA, Nylon, 6\/6 Harz, Cordura), Thermoplastisches Elastomer (TPE, Thermoplastisches Gummi, TR, TPR)<\/p>\n","protected":false},"featured_media":6110,"comment_status":"closed","ping_status":"closed","template":"","meta":[],"product_brand":[],"product_cat":[289,210,290],"product_tag":[],"class_list":{"0":"post-6109","1":"product","2":"type-product","3":"status-publish","4":"has-post-thumbnail","6":"product_cat-enovis","7":"product_cat-orthesen-2","8":"product_cat-orthesen-enovis","10":"first","11":"instock","12":"taxable","13":"shipping-taxable","14":"product-type-simple"},"_links":{"self":[{"href":"https:\/\/www.allortho.de\/en\/wp-json\/wp\/v2\/product\/6109","targetHints":{"allow":["GET"]}}],"collection":[{"href":"https:\/\/www.allortho.de\/en\/wp-json\/wp\/v2\/product"}],"about":[{"href":"https:\/\/www.allortho.de\/en\/wp-json\/wp\/v2\/types\/product"}],"replies":[{"embeddable":true,"href":"https:\/\/www.allortho.de\/en\/wp-json\/wp\/v2\/comments?post=6109"}],"wp:featuredmedia":[{"embeddable":true,"href":"https:\/\/www.allortho.de\/en\/wp-json\/wp\/v2\/media\/6110"}],"wp:attachment":[{"href":"https:\/\/www.allortho.de\/en\/wp-json\/wp\/v2\/media?parent=6109"}],"wp:term":[{"taxonomy":"product_brand","embeddable":true,"href":"https:\/\/www.allortho.de\/en\/wp-json\/wp\/v2\/product_brand?post=6109"},{"taxonomy":"product_cat","embeddable":true,"href":"https:\/\/www.allortho.de\/en\/wp-json\/wp\/v2\/product_cat?post=6109"},{"taxonomy":"product_tag","embeddable":true,"href":"https:\/\/www.allortho.de\/en\/wp-json\/wp\/v2\/product_tag?post=6109"}],"curies":[{"name":"wp","href":"https:\/\/api.w.org\/{rel}","templated":true}]}}