{"id":6092,"date":"2024-03-07T04:59:53","date_gmt":"2024-03-07T03:59:53","guid":{"rendered":"https:\/\/www.allortho.de\/?post_type=product&#038;p=6092"},"modified":"2024-10-03T22:53:43","modified_gmt":"2024-10-03T20:53:43","slug":"medi-easy-sling-medi-easy-sling-ice","status":"publish","type":"product","link":"https:\/\/www.allortho.de\/en\/produkt\/medi-easy-sling-medi-easy-sling-ice\/","title":{"rendered":"medi Easy sling \/ medi Easy sling ICE"},"content":{"rendered":"<h2>medi Easy sling Orthese zur Ruhigstellung des Schultergelenks<\/h2>\n<p>Bei der medi Easy sling handelt es sich um eine Orthese, die zur Immobilisierung des Schultergelenks in Innenrotation eingesetzt wird. Zur individuellen und bedarfsgerechten Anpassung an den Anwender sind drei verschiedene Tragevarianten der Orthese m\u00f6glich. Dadurch l\u00e4sst sie sich beispielsweise durch einen zus\u00e4tzlichen Bauchgurt in der Nacht strenger fixieren.<\/p>\n<p>Die K\u00e4lte der Gel-K\u00fchlkompresse lindert Schmerzen im Schulterbereich, indem sie die Erregbarkeit der Schmerzrezeptoren lokal hemmt. Beispielsweise kommt dies Patient:innen nach einer Operation oder einem akuten Trauma zugute, sodass der Schmerzmittelkonsum gegebenenfalls gesenkt werden kann. Die Kompresse ist anatomisch vorgeformt und liegt deshalb im Schulterbereich fl\u00e4chig auf. Die Aussparung platzieren Sie bitte auf dem Acromion (Schulterdach). Dank des formstabilen, nicht flie\u00dfenden Gels k\u00fchlt die Kompresse gleichm\u00e4\u00dfig. Lagern Sie die Kompresse bitte nicht im Eisfach, sondern im K\u00fchlschrank:<br \/>\nDie K\u00fchlkompresse darf nicht zu kalt sein, damit die Durchblutung im Gewebe nicht zu stark vermindert wird.<\/p>\n<p>Die medi Easy sling Orthese kommt bei einer Ruhigstellung der Schulter in Innenrotation zur Anwendung. Dies ist zum Beispiel bei der konservativen Therapie nach einer Ausrenkung der Schulter nach vorne (anteriore Schulterluxation) oder bei chronischer vorderer Subluxation sinnvoll. Weitere Indikationen, bei denen medi Easy sling angewendet wird:<\/p>\n<ul>\n<li>nach Rotatorenmanschetten-Rekonstruktion<\/li>\n<li>AC-Gelenksprengung (konservativ, postoperativ)<\/li>\n<li>Br\u00fcche des Schulterblatts (Scapulafraktur; konservativ, postoperativ)<\/li>\n<li>nach einem Bruch des schulternahen Oberarms (proximale Humerusfraktur; konservativ, postoperativ)<\/li>\n<\/ul>\n<p>Mit der medi Easy sling hat der Anwender je nach Bedarf drei verschiedene Trage- und Fixierungsm\u00f6glichkeiten zur Auswahl: In der Nacht sorgt ein zus\u00e4tzlicher Bauchgurt f\u00fcr eine strengere Fixierung des Arms. Am Tag l\u00e4sst sich die Orthese abr\u00fcsten \u2013 dadurch kann eine leichte, kontrollierte Beweglichkeit gewonnen werden. Eine weitere Tragevariante der Orthese entlastet den Nacken tags\u00fcber: Damit kann die Zugkraft auf den Nackenbereich reduziert werden, w\u00e4hrend das Schultergelenk weiterhin ruhiggestellt ist.<\/p>\n<p>F\u00fcr Tragekomfort sorgt das hochwertige Polstermaterial der Schulterorthese. F\u00fcr einen guten Sitz gibt es die medi Easy sling in zwei verschiedenen Gr\u00f6\u00dfen.<\/p>\n<h2>Produktvorteile<\/h2>\n<ul>\n<li>Sichere Lagerung des Schulter- und Ellenbogengelenks in Innenrotation zum Schutz vor unzutr\u00e4glichen Gelenkbewegungen.<\/li>\n<li>Insgesamt drei verschiedene Tragevarianten.<\/li>\n<li>Strenge Fixierung in der Nacht durch zus\u00e4tzlichen Bauchgurt m\u00f6glich.<\/li>\n<li>Tragevariante zur Entlastung des Nackens.<\/li>\n<li>Hochwertiges Polstermaterial.<\/li>\n<li>Einfache Handhabung.<\/li>\n<\/ul>\n<h2>Zweckbestimmung<\/h2>\n<p>Schultergelenkorthese zur Immobilisierung in definierter Position.<\/p>\n<h2>Indikationen<\/h2>\n<p>Alle Indikationen, bei denen eine Ruhigstellung des Schultergelenks in Innenrotation notwendig ist, wie z. B.:<\/p>\n<ul>\n<li>Konservativ bei vorderer Schulterluxation \/ chronischer vorderer Subluxation<\/li>\n<li>Nach Rotatorenmanschetten-Rekonstruktion<\/li>\n<li>AC-Gelenksprengung (konservativ, postoperativ)<\/li>\n<li>Scapulafraktur (konservativ, postoperativ)<\/li>\n<li>Proximaler Humeruskopffraktur (konservativ, postoperativ)<\/li>\n<\/ul>\n<h2>Kontra-Indikationen<\/h2>\n<p>Alle Indikationen, bei denen eine Abduktion und\/oder Au\u00dfenrotation ben\u00f6tigt wird<\/p>\n","protected":false},"excerpt":{"rendered":"<h2>Schulterschlinge zur Lagerung in Innenrotation<\/h2>\n<ul>\n<li>Ruhigstellung des Schultergelenks in Innenrotation<\/li>\n<li>drei verschiedene Tragevarianten m\u00f6glich<\/li>\n<li>zus\u00e4tzlicher Bauchgurt f\u00fcr strenge Fixierung in der Nacht<\/li>\n<\/ul>\n","protected":false},"featured_media":6093,"comment_status":"closed","ping_status":"closed","template":"","meta":[],"product_brand":[],"product_cat":[96,141,210],"product_tag":[],"class_list":{"0":"post-6092","1":"product","2":"type-product","3":"status-publish","4":"has-post-thumbnail","6":"product_cat-medi","7":"product_cat-orthesen","8":"product_cat-orthesen-2","10":"first","11":"instock","12":"taxable","13":"shipping-taxable","14":"product-type-simple"},"_links":{"self":[{"href":"https:\/\/www.allortho.de\/en\/wp-json\/wp\/v2\/product\/6092","targetHints":{"allow":["GET"]}}],"collection":[{"href":"https:\/\/www.allortho.de\/en\/wp-json\/wp\/v2\/product"}],"about":[{"href":"https:\/\/www.allortho.de\/en\/wp-json\/wp\/v2\/types\/product"}],"replies":[{"embeddable":true,"href":"https:\/\/www.allortho.de\/en\/wp-json\/wp\/v2\/comments?post=6092"}],"wp:featuredmedia":[{"embeddable":true,"href":"https:\/\/www.allortho.de\/en\/wp-json\/wp\/v2\/media\/6093"}],"wp:attachment":[{"href":"https:\/\/www.allortho.de\/en\/wp-json\/wp\/v2\/media?parent=6092"}],"wp:term":[{"taxonomy":"product_brand","embeddable":true,"href":"https:\/\/www.allortho.de\/en\/wp-json\/wp\/v2\/product_brand?post=6092"},{"taxonomy":"product_cat","embeddable":true,"href":"https:\/\/www.allortho.de\/en\/wp-json\/wp\/v2\/product_cat?post=6092"},{"taxonomy":"product_tag","embeddable":true,"href":"https:\/\/www.allortho.de\/en\/wp-json\/wp\/v2\/product_tag?post=6092"}],"curies":[{"name":"wp","href":"https:\/\/api.w.org\/{rel}","templated":true}]}}