{"id":5999,"date":"2024-02-13T04:04:50","date_gmt":"2024-02-13T03:04:50","guid":{"rendered":"https:\/\/www.allortho.de\/?post_type=product&#038;p=5999"},"modified":"2024-10-03T22:53:43","modified_gmt":"2024-10-03T20:53:43","slug":"ofa-bamberg-push-care-cervicalstuetze","status":"publish","type":"product","link":"https:\/\/www.allortho.de\/en\/produkt\/ofa-bamberg-push-care-cervicalstuetze\/","title":{"rendered":"Ofa Bamberg Push care Cervicalst\u00fctze"},"content":{"rendered":"<h3>Indikationen<\/h3>\n<p>Die Push care Cervicalst\u00fctze ist f\u00fcr die Behandlung folgender Indikationen geeignet:<\/p>\n<ul>\n<li>Nachbehandlung eines Schleudertraumas<\/li>\n<li>akute Nackenverletzungen<\/li>\n<li>leichter Verschlei\u00df (zervikale Arthrose)<\/li>\n<\/ul>\n<h3>Kontraindikationen<\/h3>\n<p>In folgenden F\u00e4llen sollten Sie vor Anwendung des Produktes Ihren Arzt konsultieren:<\/p>\n<ul>\n<li>Hauterkrankungen oder -verletzungen im Anwendungsbereich, insbesondere bei Entz\u00fcndungszeichen wie R\u00f6tungen, Erw\u00e4rmungen oder Schwellungen<\/li>\n<li>Empfindungs- und Durchblutungsst\u00f6rungen im Anwendungsbereich<\/li>\n<li>Lymphabflussst\u00f6rungen sowie nicht eindeutige Schwellungen<\/li>\n<\/ul>\n<h3>Farben und Ausf\u00fchrungen<\/h3>\n<p>Die Push care Cervicalst\u00fctze ist in zwei H\u00f6hen (8 cm und 10 cm) erh\u00e4ltlich und verf\u00fcgbar in der Farbe <strong>Grau\/Aubergine<\/strong>.<\/p>\n<h3 class=\"host_container_head\">Das richtige Anlegen<\/h3>\n<p>Der korrekte Sitz der Push care Cervicalst\u00fctze ist notwendig, damit sie ihre volle Wirksamkeit entfalten kann.<\/p>\n<h3 class=\"subheadline\">Gut zu wissen<\/h3>\n<ul>\n<li>F\u00fcr die richtige Anwendung der Push St\u00fctze kann eine Diagnose eines Arztes oder Therapeuten notwendig sein.<\/li>\n<li>Das <strong>erstmalige Anlegen<\/strong> des Produktes sollte <strong>durch geschultes Fachpersonal<\/strong> erfolgen und gezeigt werden.<\/li>\n<li>Eine optimale Wirkung der Push St\u00fctze kann nur durch <strong>Auswahl der richtigen Gr\u00f6\u00dfe <\/strong>erzielt werden. Probieren Sie die St\u00fctze vor dem Kauf an, um Ihre Gr\u00f6\u00dfe zu \u00fcberpr\u00fcfen.<\/li>\n<li>Bewahren Sie die <strong>Produktinformationen<\/strong> auf, um die Anweisungen zum Anlegen sp\u00e4ter nachlesen zu k\u00f6nnen.<\/li>\n<li>Wenden Sie sich auch an Ihren Fachh\u00e4ndler, wenn das Produkt individuell angepasst werden muss.<\/li>\n<li>Pr\u00fcfen Sie vor jedem Gebrauch Ihre Push St\u00fctze auf Anzeichen von Verschlei\u00df oder Alterung der Teile und N\u00e4hte. Denn eine optimale Leistung Ihrer Push St\u00fctze kann nur gew\u00e4hrleistet werden, wenn sich das Produkt in einem einwandfreien Zustand befindet.<\/li>\n<\/ul>\n<h3>Der richtige Umgang mit der Push care Cervicalst\u00fctze<\/h3>\n<p>Bitte beachten Sie folgende Hinweise zum Waschen und Pflegen Ihres Hilfsmittels:<\/p>\n<ul>\n<li>Schlie\u00dfen Sie alle Klettverschl\u00fcsse und waschen Sie die St\u00fctze im<strong> Schonwaschgang oder von Hand bei maximal 30\u00b0 C.<\/strong><\/li>\n<li>Verwenden Sie dazu<strong> Feinwaschmittel ohne Weichmacher <\/strong>(z. B. <a class=\" \" href=\"https:\/\/www.ofa.de\/de-de\/kompressionsstruempfe\/zubehoer\/ofa-clean\/\" target=\"_blank\" rel=\"noopener\">Ofa Clean Spezialwaschmittel<\/a>) und sp\u00fclen Sie die St\u00fctze gut aus.<\/li>\n<li>Die St\u00fctze kann schonend geschleudert werden, bitte wringen Sie sie aber nicht aus.<\/li>\n<li>Bringen Sie die St\u00fctze in Form und lassen Sie sie im Freien an der Luft trocknen. Bitte trocknen Sie die St\u00fctze <strong>nicht im Trockner,<\/strong> auf der <strong>Heizung<\/strong> oder <strong>in direktem Sonnenlicht<\/strong> und b\u00fcgeln Sie sie nicht.<\/li>\n<li>Um die Qualit\u00e4t der St\u00fctze zu erhalten, verwenden Sie bitte <strong>keine chemischen Reinigungsmittel, Bleichmittel, Benzin oder Weichsp\u00fcler.<\/strong><\/li>\n<li>Vor der Lagerung muss die St\u00fctze nach jeder Nutzung getrocknet werden.<\/li>\n<\/ul>\n","protected":false},"excerpt":{"rendered":"<h3>Die innovative orthop\u00e4dische Versorgung<\/h3>\n<p>Die Push care Cervicalst\u00fctze bietet der Halswirbels\u00e4ule <strong>guten Halt durch ihre anatomische Passform <\/strong>und den Einsatz eines<strong> formfesten Schaumstoffs<\/strong>. Hals und Kopf erhalten zwischen Kiefer und Schl\u00fcsselbein<strong> funktionellen Halt<\/strong>, werden aber nicht immobilisiert. Die abgerundete R\u00e4nder sowie die weiche,<strong> Feuchtigkeit ableitende Auskleidung<\/strong>, verleihen der St\u00fctze zus\u00e4tzlich einen<strong> sehr hohen Tragekomfort.<\/strong><\/p>\n<p>Sympress\u2122 Technologie<br \/>\nDie Bandage ist aus <strong>Sympress\u2122<\/strong> hergestellt, ein <strong>qualitativ hochwertiges<\/strong> und sehr<strong> komfortables Material<\/strong>. Das Produkt f\u00fchlt sich weich an und bietet ein bequemes wie sicheres Gef\u00fchl.<\/p>\n","protected":false},"featured_media":6048,"comment_status":"closed","ping_status":"closed","template":"","meta":[],"product_brand":[],"product_cat":[286,210,288],"product_tag":[],"class_list":{"0":"post-5999","1":"product","2":"type-product","3":"status-publish","4":"has-post-thumbnail","6":"product_cat-ofa-bamberg","7":"product_cat-orthesen-2","8":"product_cat-orthesen-3","10":"first","11":"instock","12":"taxable","13":"shipping-taxable","14":"product-type-simple"},"_links":{"self":[{"href":"https:\/\/www.allortho.de\/en\/wp-json\/wp\/v2\/product\/5999","targetHints":{"allow":["GET"]}}],"collection":[{"href":"https:\/\/www.allortho.de\/en\/wp-json\/wp\/v2\/product"}],"about":[{"href":"https:\/\/www.allortho.de\/en\/wp-json\/wp\/v2\/types\/product"}],"replies":[{"embeddable":true,"href":"https:\/\/www.allortho.de\/en\/wp-json\/wp\/v2\/comments?post=5999"}],"wp:featuredmedia":[{"embeddable":true,"href":"https:\/\/www.allortho.de\/en\/wp-json\/wp\/v2\/media\/6048"}],"wp:attachment":[{"href":"https:\/\/www.allortho.de\/en\/wp-json\/wp\/v2\/media?parent=5999"}],"wp:term":[{"taxonomy":"product_brand","embeddable":true,"href":"https:\/\/www.allortho.de\/en\/wp-json\/wp\/v2\/product_brand?post=5999"},{"taxonomy":"product_cat","embeddable":true,"href":"https:\/\/www.allortho.de\/en\/wp-json\/wp\/v2\/product_cat?post=5999"},{"taxonomy":"product_tag","embeddable":true,"href":"https:\/\/www.allortho.de\/en\/wp-json\/wp\/v2\/product_tag?post=5999"}],"curies":[{"name":"wp","href":"https:\/\/api.w.org\/{rel}","templated":true}]}}