{"id":5995,"date":"2024-02-13T03:51:59","date_gmt":"2024-02-13T02:51:59","guid":{"rendered":"https:\/\/www.allortho.de\/?post_type=product&#038;p=5995"},"modified":"2024-10-03T22:53:43","modified_gmt":"2024-10-03T20:53:43","slug":"ofa-bamberg-dynamics-handgelenk-schnuerorthese-mit-daumenfixierung","status":"publish","type":"product","link":"https:\/\/www.allortho.de\/en\/produkt\/ofa-bamberg-dynamics-handgelenk-schnuerorthese-mit-daumenfixierung\/","title":{"rendered":"Ofa Bamberg Dynamics Handgelenk Schn\u00fcrorthese mit Daumenfixierung"},"content":{"rendered":"<h3>Indikationen<\/h3>\n<p>Die Dynamics Handgelenk Schn\u00fcrorthese mit Daumenfixierung ist f\u00fcr die Behandlung folgender Indikationen geeignet:<\/p>\n<ul>\n<li>schwere Verstauchungen (Distorsionen) des Handgelenks und des Daumens<\/li>\n<li>Ruhigstellung des Handgelenks nach Operationen<\/li>\n<li>verschlei\u00dfbedingte (degenerative) Erkrankungen im Handgelenk- und Daumenbereich<\/li>\n<li>schwere Sehnenscheidenentz\u00fcndung (Tendovaginitis)<\/li>\n<li>Karpaltunnelsyndrom (Nervensch\u00e4digung im Handbereich)<\/li>\n<\/ul>\n<h3>Kontraindikationen<\/h3>\n<p>In folgenden F\u00e4llen sollten Sie vor Anwendung des Produktes Ihren Arzt konsultieren:<\/p>\n<ul>\n<li>Hauterkrankungen oder -verletzungen im Anwendungsbereich, insbesondere bei Entz\u00fcndungszeichen wie R\u00f6tungen, Erw\u00e4rmungen oder Schwellungen<\/li>\n<li>Empfindungs- und Durchblutungsst\u00f6rungen im Anwendungsbereich<\/li>\n<li>Lymphabflussst\u00f6rungen sowie nicht eindeutige Schwellungen<\/li>\n<\/ul>\n<h3>Farben und Ausf\u00fchrungen<\/h3>\n<p>Die Dynamics Handgelenk Schn\u00fcrorthese mit Daumenfixierung ist f\u00fcr das linke und rechte Handgelenk erh\u00e4ltlich und verf\u00fcgbar in der Farbe <strong>Schwarz<\/strong>.<\/p>\n<h3 class=\"subheadline\">Gut zu wissen<\/h3>\n<ul>\n<li>Das <strong>erstmalige Anpassen und Anlegen<\/strong> des Produktes muss <strong>durch geschultes, <span class=\"fontstyle0\">medizinisches\/orthop\u00e4disches<\/span><\/strong><strong> Fachpersonal<\/strong> erfolgen. Die Aluminiumschienen lassen sich kalt anformen.<\/li>\n<li>Tragen Sie das <strong>Produkt direkt auf der Haut.<\/strong> Es darf nur auf intakter Haut getragen werden. Soll das Produkt in Kombination mit anderen Produkten getragen werden, besprechen Sie dies bitte vorher mit Ihrem Arzt.<\/li>\n<li>Sofern nicht anders verordnet, sollte das<strong> Produkt w\u00e4hrend l\u00e4ngerer Ruhezeiten <\/strong>(z.B. beim Schlafen) <strong>abgelegt<\/strong> werden.<\/li>\n<\/ul>\n<h3>Der richtige Umgang mit der Dynamics Handgelenk Schn\u00fcrorthese mit Daumenfixierung<\/h3>\n<p>Bitte beachten Sie folgende Hinweise zum Waschen und Pflegen Ihres Hilfsmittels:<\/p>\n<ul>\n<li>Bitte <strong>waschen <\/strong>Sie die Orthese <strong>vor dem ersten Gebrauch <\/strong>und<strong> danach regelm\u00e4\u00dfig.<\/strong><\/li>\n<li><strong>Entfernen <\/strong>Sie vor dem Waschen die <strong>Aluminiumschienen<\/strong>.<\/li>\n<li>Schlie\u00dfen Sie alle Klettverschl\u00fcsse und waschen Sie die Orthese <strong>bei maximal 30\u00b0 C von Hand.<\/strong><\/li>\n<li>Verwenden Sie <strong>Feinwaschmittel ohne Weichmacher<\/strong> (z. B. <a class=\" \" href=\"https:\/\/www.ofa.de\/de-de\/kompressionsstruempfe\/zubehoer\/ofa-clean\/\" target=\"_blank\" rel=\"noopener\">Ofa Clean Spezialwaschmittel<\/a>), sp\u00fclen Sie die Orthese gut aus und dr\u00fccken Sie das Wasser vorsichtig aus, ohne sie zu wringen.<\/li>\n<li>Bringen Sie die Orthese in Form und lassen Sie sie an der Luft trocknen. Bitte trocknen Sie die Orthese <strong>nicht im Trockner,<\/strong> auf der <strong>Heizung <\/strong>oder <strong>in direktem Sonnenlicht<\/strong> und b\u00fcgeln Sie sie nicht.<\/li>\n<li>Um die Qualit\u00e4t der Orthese zu erhalten, verwenden Sie bitte <strong>keine chemischen Reinigungsmittel, Bleichmittel, Benzin oder Weichsp\u00fcler.<\/strong><\/li>\n<li>Tragen Sie im Anwendungsbereich <strong>keine fett- oder s\u00e4urehaltigen Mittel,<\/strong> Salben oder Lotionen auf die Haut auf. Diese Substanzen k\u00f6nnen das Material angreifen.<\/li>\n<li>Lagern Sie die Orthese trocken und gesch\u00fctzt vor Sonne und Hitze m\u00f6glichst in der Originalverpackung.<\/li>\n<\/ul>\n","protected":false},"excerpt":{"rendered":"<h3>Die vielseitige orthop\u00e4dische Versorgung<\/h3>\n<p>Die Dynamics Handgelenk Schn\u00fcrorthese mit Daumenfixierung sorgt f\u00fcr eine optimale <strong>Ruhigstellung des Handgelenks<\/strong> und <strong>Daumensattelgelenks<\/strong>. Dabei werden die Gelenke in <strong>entlastender Neutralstellung<\/strong> gelagert. Zudem sorgen dreidimensional formgepr\u00e4gte Innenpolster f\u00fcr einen <strong>angenehmen Tragekomfort.<\/strong> Das praktische Schn\u00fcrzugsystem <strong>erleichtert das Anlegen<\/strong> und regelt eine <strong>gleichm\u00e4\u00dfige Druckverteilung<\/strong>.<\/p>\n","protected":false},"featured_media":6020,"comment_status":"closed","ping_status":"closed","template":"","meta":[],"product_brand":[],"product_cat":[286,210,288],"product_tag":[],"class_list":{"0":"post-5995","1":"product","2":"type-product","3":"status-publish","4":"has-post-thumbnail","6":"product_cat-ofa-bamberg","7":"product_cat-orthesen-2","8":"product_cat-orthesen-3","10":"first","11":"instock","12":"taxable","13":"shipping-taxable","14":"product-type-simple"},"_links":{"self":[{"href":"https:\/\/www.allortho.de\/en\/wp-json\/wp\/v2\/product\/5995","targetHints":{"allow":["GET"]}}],"collection":[{"href":"https:\/\/www.allortho.de\/en\/wp-json\/wp\/v2\/product"}],"about":[{"href":"https:\/\/www.allortho.de\/en\/wp-json\/wp\/v2\/types\/product"}],"replies":[{"embeddable":true,"href":"https:\/\/www.allortho.de\/en\/wp-json\/wp\/v2\/comments?post=5995"}],"wp:featuredmedia":[{"embeddable":true,"href":"https:\/\/www.allortho.de\/en\/wp-json\/wp\/v2\/media\/6020"}],"wp:attachment":[{"href":"https:\/\/www.allortho.de\/en\/wp-json\/wp\/v2\/media?parent=5995"}],"wp:term":[{"taxonomy":"product_brand","embeddable":true,"href":"https:\/\/www.allortho.de\/en\/wp-json\/wp\/v2\/product_brand?post=5995"},{"taxonomy":"product_cat","embeddable":true,"href":"https:\/\/www.allortho.de\/en\/wp-json\/wp\/v2\/product_cat?post=5995"},{"taxonomy":"product_tag","embeddable":true,"href":"https:\/\/www.allortho.de\/en\/wp-json\/wp\/v2\/product_tag?post=5995"}],"curies":[{"name":"wp","href":"https:\/\/api.w.org\/{rel}","templated":true}]}}