{"id":5984,"date":"2024-02-11T03:46:49","date_gmt":"2024-02-11T02:46:49","guid":{"rendered":"https:\/\/www.allortho.de\/?post_type=product&#038;p=5984"},"modified":"2024-10-03T22:53:43","modified_gmt":"2024-10-03T20:53:43","slug":"ofa-bamberg-dynamics-knielagerungsschiene-0-20","status":"publish","type":"product","link":"https:\/\/www.allortho.de\/en\/produkt\/ofa-bamberg-dynamics-knielagerungsschiene-0-20\/","title":{"rendered":"Ofa Bamberg Dynamics Knielagerungsschiene 0\u00b0\/20\u00b0"},"content":{"rendered":"<h3>Indikationen<\/h3>\n<p>Die Dynamics Knielagerungsschiene ist f\u00fcr die Ruhigstellung des Kniegelenks nach Verletzungen (posttraumatisch) und Operationen (postoperativ) geeignet.<\/p>\n<h3>Kontraindikationen<\/h3>\n<p>In folgenden F\u00e4llen sollten Sie vor Anwendung des Produktes Ihren Arzt konsultieren:<\/p>\n<ul>\n<li>Hauterkrankungen oder -verletzungen im Anwendungsbereich, insbesondere bei Entz\u00fcndungszeichen wie R\u00f6tungen, Erw\u00e4rmungen oder Schwellungen<\/li>\n<li>Empfindungs- und Durchblutungsst\u00f6rungen im Anwendungsbereich<\/li>\n<li>Lymphabflussst\u00f6rungen sowie nicht eindeutige Schwellungen<\/li>\n<\/ul>\n<h3>Farben und Ausf\u00fchrungen<\/h3>\n<p>Die Dynamics Knielagerungsschiene 0\u00b0\/20\u00b0 ist universell sowohl f\u00fcr das linke als auch rechte Knie einsetzbar und verf\u00fcgbar in den Ausf\u00fchrungen 0-Grad und 20-Grad in der Farbe Schwarz.<\/p>\n<h3 class=\"host_container_head\">Das richtige Anlegen<\/h3>\n<p>Der korrekte Sitz der Dynamics Knielagerungsschiene ist notwendig, damit sie ihre volle Wirksamkeit entfalten kann.<\/p>\n<p>Zum Anlegen der Schiene \u00f6ffnen Sie in einem ersten Schritt alle Klettverschl\u00fcsse und klappen Sie die Manschette komplett auf. Die Seitenteile sind individuell justierbar. Stellen Sie sie bitte so ein, dass die Manschette das Bein beim Anlegen vollst\u00e4ndig umschlie\u00dft.<\/p>\n<p>Bitte beachten Sie beim Anlegen, dass die Manschette nach unten gehend schmaler wird. Legen Sie danach die Schiene von hinten an das Bein an. Verschlie\u00dfen Sie zun\u00e4chst den Klettverschluss direkt unterhalb des Knies, indem Sie das Band durch die vorgesehene \u00d6se ziehen und festkletten. Danach schlie\u00dfen Sie den Klettverschluss oberhalb des Knies. Die Schiene ist dann richtig positioniert, wenn die Kniescheibe in der daf\u00fcr vorgesehenen \u00d6ffnung liegt.<\/p>\n<p>Verschlie\u00dfen Sie nun in einem letzten Schritt nacheinander alle Klettb\u00e4nder. Zum Schluss k\u00f6nnen Sie, wenn n\u00f6tig, die Klettverschl\u00fcsse nachjustieren, bis die Schiene optimal am Knie sitzt. Bitte achten Sie darauf, dass das Produkt fest, aber nicht zu eng anliegt, um Abschn\u00fcrungen zu vermeiden.<\/p>\n<h3 class=\"subheadline\">Gut zu wissen<\/h3>\n<ul>\n<li>Das erstmalige Anpassen und Anlegen des Produktes muss durch <strong>geschultes, medizinisches\/orthp\u00e4disches Fachpersonal <\/strong>erfolgen.<\/li>\n<li>Soll das Produkt in Kombination mit anderen Produkten getragen werden, besprechen Sie dies bitte vorher mit Ihrem Arzt.<\/li>\n<\/ul>\n<h3>Der richtige Umgang mit der Dynamics Knielagerungsschiene 0\u00b0\/20\u00b0<\/h3>\n<p>Bitte beachten Sie folgende Hinweise zum Waschen und Pflegen Ihres Hilfsmittels:<\/p>\n<ul>\n<li style=\"list-style-type: none;\">\n<ul>\n<li>Bitte waschen Sie die Schiene vor dem ersten Gebrauch und danach regelm\u00e4\u00dfig.<\/li>\n<\/ul>\n<\/li>\n<\/ul>\n<ul>\n<li>Entfernen Sie vor dem Waschen die Stabilisierungsschienen.<\/li>\n<li>Schlie\u00dfen Sie alle Klettverschl\u00fcsse und waschen Sie die Schiene bei maximal 30\u00b0 C von Hand. Verwenden Sie dazu Feinwaschmittel ohne Weichmacher (z. B. <a class=\" \" href=\"https:\/\/www.ofa.de\/de-de\/kompressionsstruempfe\/zubehoer\/ofa-clean\/\" target=\"_blank\" rel=\"noopener\">Ofa Clean Spezialwaschmittel<\/a>) und sp\u00fclen Sie die Schiene gut aus. Dr\u00fccken Sie das Wasser vorsichtig aus, ohne die Schiene zu wringen.<\/li>\n<li>Bringen Sie die Schiene in Form und lassen Sie sie an der Luft trocknen. Bitte trocknen Sie die Schiene nicht im Trockner, auf der Heizung oder in direktem Sonnenlicht und b\u00fcgeln Sie sie nicht.<\/li>\n<li>Um die Qualit\u00e4t der Schiene zu erhalten, verwenden Sie bitte keine chemischen Reinigungsmittel, Bleichmittel, Benzin oder Weichsp\u00fcler.<\/li>\n<li>Tragen Sie im Anwendungsbereich keine fett- oder s\u00e4urehaltigen Mittel, Salben oder Lotionen auf die Haut auf. Diese Substanzen k\u00f6nnen das Material angreifen.<\/li>\n<li>Lagern Sie die Schiene trocken und gesch\u00fctzt vor Sonne und Hitze m\u00f6glichst in der Originalverpackung.<\/li>\n<\/ul>\n","protected":false},"excerpt":{"rendered":"<h3>Die vielseitige orthop\u00e4dische Versorgung<\/h3>\n<p>Die Dynamics Knielagerungsschiene sorgt f\u00fcr eine optimale Ruhigstellung Ihres Kniegelenks in Streck- (0\u00b0-Version) oder Beugestellung (20\u00b0-Version). Hautfreundliches Frotteematerial auf der Innenseite garantiert einen hohen Tragekomfort. Die offene Konstruktion l\u00e4sst sich einfach an- und ablegen und erleichtert so die K\u00f6rperpflege und Wundversorgung.<\/p>\n","protected":false},"featured_media":5985,"comment_status":"closed","ping_status":"closed","template":"","meta":[],"product_brand":[],"product_cat":[286,288,210],"product_tag":[],"class_list":{"0":"post-5984","1":"product","2":"type-product","3":"status-publish","4":"has-post-thumbnail","6":"product_cat-ofa-bamberg","7":"product_cat-orthesen-3","8":"product_cat-orthesen-2","10":"first","11":"instock","12":"taxable","13":"shipping-taxable","14":"product-type-simple"},"_links":{"self":[{"href":"https:\/\/www.allortho.de\/en\/wp-json\/wp\/v2\/product\/5984","targetHints":{"allow":["GET"]}}],"collection":[{"href":"https:\/\/www.allortho.de\/en\/wp-json\/wp\/v2\/product"}],"about":[{"href":"https:\/\/www.allortho.de\/en\/wp-json\/wp\/v2\/types\/product"}],"replies":[{"embeddable":true,"href":"https:\/\/www.allortho.de\/en\/wp-json\/wp\/v2\/comments?post=5984"}],"wp:featuredmedia":[{"embeddable":true,"href":"https:\/\/www.allortho.de\/en\/wp-json\/wp\/v2\/media\/5985"}],"wp:attachment":[{"href":"https:\/\/www.allortho.de\/en\/wp-json\/wp\/v2\/media?parent=5984"}],"wp:term":[{"taxonomy":"product_brand","embeddable":true,"href":"https:\/\/www.allortho.de\/en\/wp-json\/wp\/v2\/product_brand?post=5984"},{"taxonomy":"product_cat","embeddable":true,"href":"https:\/\/www.allortho.de\/en\/wp-json\/wp\/v2\/product_cat?post=5984"},{"taxonomy":"product_tag","embeddable":true,"href":"https:\/\/www.allortho.de\/en\/wp-json\/wp\/v2\/product_tag?post=5984"}],"curies":[{"name":"wp","href":"https:\/\/api.w.org\/{rel}","templated":true}]}}