{"id":5979,"date":"2024-02-11T03:41:47","date_gmt":"2024-02-11T02:41:47","guid":{"rendered":"https:\/\/www.allortho.de\/?post_type=product&#038;p=5979"},"modified":"2024-10-03T22:53:43","modified_gmt":"2024-10-03T20:53:43","slug":"ofa-bamberg-push-med-patellabandage","status":"publish","type":"product","link":"https:\/\/www.allortho.de\/en\/produkt\/ofa-bamberg-push-med-patellabandage\/","title":{"rendered":"Ofa Bamberg Push med Patellabandage"},"content":{"rendered":"<h3>Indikationen<\/h3>\n<p>Die Push med Patellabandage ist f\u00fcr die Behandlung folgender Indikationen geeignet:<\/p>\n<ul>\n<li>Patella-Femoralis-Syndrom<\/li>\n<li>Entz\u00fcndung der Kniesehne (Tendinitis)<\/li>\n<li>Springerknie<\/li>\n<li>Osgood-Schlatter<\/li>\n<li>Gelenkverletzung (Subluxation\/ Hypermobilit\u00e4t) des proximalen Tibiofibulargelenks<\/li>\n<\/ul>\n<h3>Kontraindikationen<\/h3>\n<p>In folgenden F\u00e4llen sollten Sie vor Anwendung des Produktes Ihren Arzt konsultieren:<\/p>\n<ul>\n<li>Hauterkrankungen oder -verletzungen im Anwendungsbereich, insbesondere bei Entz\u00fcndungszeichen wie R\u00f6tungen, Erw\u00e4rmungen oder Schwellungen<\/li>\n<li>Empfindungs- und Durchblutungsst\u00f6rungen im Anwendungsbereich<\/li>\n<li>Lymphabflussst\u00f6rungen sowie nicht eindeutige Schwellungen<\/li>\n<\/ul>\n<h3>Farben und Ausf\u00fchrungen<\/h3>\n<p>Die Push med Patellabandage ist universell sowohl f\u00fcr das linke als auch rechte Knie einsetzbar. Verf\u00fcgbar in einer <strong>Universalgr\u00f6\u00dfe<\/strong> (Maximalumfang 45 cm) in der Farbe <strong>Grau\/Aubergine<\/strong>. Eine Anfertigung nach Ma\u00df ist m\u00f6glich.<\/p>\n<h3 class=\"host_container_head\">Das richtige Anlegen<\/h3>\n<p>Der korrekte Sitz der Push med Patellabandage ist notwendig, damit sie ihre volle Wirksamkeit entfalten kann.<\/p>\n<p>Sehen Sie im Video, wie das Produkt richtig angelegt wird.<\/p>\n<h3 class=\"subheadline\">Gut zu wissen<\/h3>\n<ul>\n<li>F\u00fcr die richtige Anwendung der Push Bandage kann eine Diagnose eines Arztes oder Therapeuten notwendig sein.<\/li>\n<li>Das <strong>erstmalige Anlegen<\/strong> des Produktes sollte <strong>durch geschultes Fachpersonal<\/strong> erfolgen und gezeigt werden.<\/li>\n<li>Eine optimale Wirkung der Push Bandage kann nur durch <strong>Auswahl der richtigen Gr\u00f6\u00dfe<\/strong> erzielt werden. Probieren Sie die Bandage vor dem Kauf an, um Ihre Gr\u00f6\u00dfe zu \u00fcberpr\u00fcfen.<\/li>\n<li>Bewahren Sie die<strong> Produktinformationen<\/strong> auf, um die Anweisungen zum Anlegen sp\u00e4ter nachlesen zu k\u00f6nnen.<\/li>\n<li>Wenden Sie sich auch an Ihren Fachh\u00e4ndler, wenn das Produkt individuell angepasst werden muss.<\/li>\n<li>Pr\u00fcfen Sie vor jedem Gebrauch Ihre Push Bandage auf Anzeichen von Verschlei\u00df oder Alterung der Teile und N\u00e4hte. Denn eine optimale Leistung Ihrer Push Bandage kann nur gew\u00e4hrleistet werden, wenn sich das Produkt in einem einwandfreien Zustand befindet.<\/li>\n<\/ul>\n<h3>Der richtige Umgang mit der Push med Patellabandage<\/h3>\n<p>Bitte beachten Sie folgende Hinweise zum Waschen und Pflegen Ihres Hilfsmittels:<\/p>\n<ul>\n<li>Schlie\u00dfen Sie alle Klettverschl\u00fcsse und waschen Sie die Bandage im<strong> Schonwaschgang oder von Hand bei maximal 30\u00b0 C<\/strong>. Verwenden Sie dazu <strong>Feinwaschmittel ohne Weichmacher<\/strong> (z. B. <a class=\" \" href=\"https:\/\/www.ofa.de\/de-de\/kompressionsstruempfe\/zubehoer\/ofa-clean\/\" target=\"_blank\" rel=\"noopener\">Ofa Clean Spezialwaschmittel<\/a>) und sp\u00fclen Sie die Bandage gut aus.<\/li>\n<li>Die Bandage kann schonend geschleudert werden, bitte wringen Sie sie aber nicht aus.<\/li>\n<li>Bringen Sie die Bandage in Form und lassen Sie sie im Freien an der Luft trocknen. Bitte trocknen Sie die Bandage<strong> nicht im Trockner,<\/strong> auf der <strong>Heizung<\/strong> oder<strong> in direktem Sonnenlicht<\/strong> und b\u00fcgeln Sie sie nicht.<\/li>\n<li>Um die Qualit\u00e4t der Bandage zu erhalten, verwenden Sie bitte<strong> keine chemischen Reinigungsmittel, Bleichmittel, Benzin oder Weichsp\u00fcler.<\/strong><\/li>\n<li>Vor der Lagerung muss die Bandage nach jeder Nutzung getrocknet werden.<\/li>\n<\/ul>\n","protected":false},"excerpt":{"rendered":"<h3>Die innovative orthop\u00e4dische Versorgung<\/h3>\n<p>Die Push med Patellabandage \u00fcbt einen <strong>gezielten, lokalen Druck auf die Kniesehne<\/strong> aus und gibt der Kniescheibe so <strong>schonenden Halt<\/strong>. Auf diese Weise wird der <strong>Ansatzpunkt des<\/strong> <strong>Oberschenkelmuskels entlastet<\/strong> und die Zugkraft auf den Unterschenkel vermindert. Die Pelotte besteht aus einem <strong>hautfreundlichen elastischen Polymermaterial<\/strong>. Das Versteifungselement aus Kunststoff unter der Pelotte sorgt f\u00fcr die richtige Druckverteilung. Die gute<strong> anatomische Passform<\/strong> und das Material der Pelotte sorgen f\u00fcr einen <strong>optimalen Halt<\/strong> der Bandage auch beim Laufen. Zus\u00e4tzlich ist sie<strong> auch f\u00fcr Kinder geeignet.<\/strong><\/p>\n<p>Sympress\u2122 Technologie<br \/>\nDie Bandage ist aus<strong> Sympress\u2122<\/strong> hergestellt, ein <strong>qualitativ hochwertiges<\/strong> und <strong>komfortables Material.<\/strong> Das Produkt f\u00fchlt sich weich an und bietet ein bequemes wie <strong>sicheres Tragegef\u00fchl<\/strong>.<\/p>\n","protected":false},"featured_media":5982,"comment_status":"closed","ping_status":"closed","template":"","meta":[],"product_brand":[],"product_cat":[287,209,286],"product_tag":[],"class_list":{"0":"post-5979","1":"product","2":"type-product","3":"status-publish","4":"has-post-thumbnail","6":"product_cat-bandagen-3","7":"product_cat-bandagen-2","8":"product_cat-ofa-bamberg","10":"first","11":"instock","12":"taxable","13":"shipping-taxable","14":"product-type-simple"},"_links":{"self":[{"href":"https:\/\/www.allortho.de\/en\/wp-json\/wp\/v2\/product\/5979","targetHints":{"allow":["GET"]}}],"collection":[{"href":"https:\/\/www.allortho.de\/en\/wp-json\/wp\/v2\/product"}],"about":[{"href":"https:\/\/www.allortho.de\/en\/wp-json\/wp\/v2\/types\/product"}],"replies":[{"embeddable":true,"href":"https:\/\/www.allortho.de\/en\/wp-json\/wp\/v2\/comments?post=5979"}],"wp:featuredmedia":[{"embeddable":true,"href":"https:\/\/www.allortho.de\/en\/wp-json\/wp\/v2\/media\/5982"}],"wp:attachment":[{"href":"https:\/\/www.allortho.de\/en\/wp-json\/wp\/v2\/media?parent=5979"}],"wp:term":[{"taxonomy":"product_brand","embeddable":true,"href":"https:\/\/www.allortho.de\/en\/wp-json\/wp\/v2\/product_brand?post=5979"},{"taxonomy":"product_cat","embeddable":true,"href":"https:\/\/www.allortho.de\/en\/wp-json\/wp\/v2\/product_cat?post=5979"},{"taxonomy":"product_tag","embeddable":true,"href":"https:\/\/www.allortho.de\/en\/wp-json\/wp\/v2\/product_tag?post=5979"}],"curies":[{"name":"wp","href":"https:\/\/api.w.org\/{rel}","templated":true}]}}