{"id":5923,"date":"2024-02-11T02:11:18","date_gmt":"2024-02-11T01:11:18","guid":{"rendered":"https:\/\/www.allortho.de\/?post_type=product&#038;p=5923"},"modified":"2024-10-03T22:53:44","modified_gmt":"2024-10-03T20:53:44","slug":"ofa-bamberg-push-ortho-knoechelorthese-aequi","status":"publish","type":"product","link":"https:\/\/www.allortho.de\/en\/produkt\/ofa-bamberg-push-ortho-knoechelorthese-aequi\/","title":{"rendered":"Ofa Bamberg Push ortho Kn\u00f6chelorthese Aequi"},"content":{"rendered":"<h3>Mediale Verst\u00e4rkung<\/h3>\n<p>Die mediale, also innen liegenden Versteifung dient als Verankerung f\u00fcr ein <strong>effektives, integriertes Bandsystem<\/strong>. Auf diese Weise lastet nach einer Verletzung <strong>kein unangenehmer Druck<\/strong> durch feste Elemente <strong>auf der Schmerzzone des \u00e4u\u00dferen Kn\u00f6chels<\/strong>. Ein diagonal verlaufendes, unelastisches Band beugt dabei einem erneuten Umknicken vor und <strong>verhindert den Talusvorschub<\/strong>.<\/p>\n<h3>Schlanke Konstruktion<\/h3>\n<p><strong>So viel, wie n\u00f6tig, so wenig wie m\u00f6glich<\/strong> \u2013 dieser Leitsatz beschreibt gut das Design der Push ortho Kn\u00f6chelorthese Aequi. Durch die zus\u00e4tzliche Verwendung <strong>hochmoderner, d\u00fcnner Materialien<\/strong> ist sie <strong>besonders schlank<\/strong>. Beinahe so d\u00fcnn wie eine Socke, passt die Orthese in fast jeden Schuh.<\/p>\n<h3>Elastische B\u00e4nder<\/h3>\n<p>Das eingebaute <strong>Taping-Prinzip<\/strong> rundet die Wirkungsweise der Kn\u00f6chelorthese Aequi ab. Sie wird mit zwei seitlich angebrachten, elastischen B\u00e4ndern fixiert. Je <strong>nach eigenem Druckempfinden und Schwellungszustand k\u00f6nnen diese individuell festgezogen<\/strong> werden und unterst\u00fctzen das Gelenk so bestm\u00f6glich.<\/p>\n<h3>Indikationen<\/h3>\n<p>Die Push ortho Kn\u00f6chelorthese Aequi ist f\u00fcr die Behandlung folgender Indikationen geeignet:<\/p>\n<ul>\n<li>schwere Instabilit\u00e4ten<\/li>\n<li>Behandlung akuter Verletzungen der Au\u00dfenb\u00e4nder (laterale Kn\u00f6chelb\u00e4nderl\u00e4sionen)<\/li>\n<li>Nachbehandlung von Kn\u00f6chelbr\u00fcchen (Frakturen)<\/li>\n<li>Verschlei\u00df (Arthrose) mit Instabilit\u00e4t<\/li>\n<li>Sekund\u00e4rpr\u00e4vention bei Kn\u00f6chelb\u00e4nderverletzungen (L\u00e4sionen)<\/li>\n<\/ul>\n<h3>Kontraindikationen<\/h3>\n<p>In folgenden F\u00e4llen sollten Sie vor Anwendung des Produktes Ihren Arzt konsultieren:<\/p>\n<ul>\n<li>Hauterkrankungen oder -verletzungen im Anwendungsbereich, insbesondere bei Entz\u00fcndungszeichen wie R\u00f6tungen, Erw\u00e4rmungen oder Schwellungen<\/li>\n<li>Empfindungs- und Durchblutungsst\u00f6rungen im Anwendungsbereich<\/li>\n<li>Lymphabflussst\u00f6rungen sowie nicht eindeutige Schwellungen<\/li>\n<\/ul>\n<h3>Farben und Ausf\u00fchrungen<\/h3>\n<p>Die Push ortho Kn\u00f6chelorthese Aequi ist f\u00fcr den linken und rechten Kn\u00f6chel erh\u00e4ltlich und verf\u00fcgbar in der Farbe <strong>Schwarz\/Grau<\/strong>.<\/p>\n<h3 class=\"host_container_head\">Das richtige Anlegen<\/h3>\n<p>Der korrekte Sitz der Push ortho Kn\u00f6chelorthese Aequi ist notwendig, damit sie ihre volle Wirksamkeit entfalten kann. Sehen Sie im Video, wie das Produkt richtig angelegt wird.<\/p>\n<h3 class=\"subheadline\">Gut zu wissen<\/h3>\n<ul>\n<li>F\u00fcr die richtige Anwendung der Push Orthese kann eine Diagnose eines Arztes oder Therapeuten notwendig sein.<\/li>\n<li>Das <strong>erstmalige Anlegen<\/strong> des Produktes sollte <strong>durch geschultes Fachpersonal<\/strong> erfolgen und gezeigt werden.<\/li>\n<li>Eine optimale Wirkung der Push Orthese kann nur durch<strong> Auswahl der richtigen Gr\u00f6\u00dfe <\/strong>erzielt werden. Probieren Sie die Orthese vor dem Kauf an, um Ihre Gr\u00f6\u00dfe zu \u00fcberpr\u00fcfen.<\/li>\n<li>Bewahren Sie die <strong>Produktinformationen<\/strong> auf, um die Anweisungen zum Anlegen sp\u00e4ter nachlesen zu k\u00f6nnen.<\/li>\n<li>Die Push ortho Kn\u00f6chelorthese Aequi sollte <strong>\u00fcber einem Strumpf<\/strong> und idealerweise in einem <strong>Schn\u00fcrschuh<\/strong> getragen werden.<\/li>\n<li>Wenden Sie sich auch an Ihren Fachh\u00e4ndler, wenn das Produkt individuell angepasst werden muss.<\/li>\n<li>Pr\u00fcfen Sie vor jedem Gebrauch Ihre Push Orthese auf Anzeichen von Verschlei\u00df oder Alterung der Teile und N\u00e4hte. Denn eine optimale Leistung Ihrer Push Orthese kann nur gew\u00e4hrleistet werden, wenn sich das Produkt in einem einwandfreien Zustand befindet.<\/li>\n<\/ul>\n<h3>Der richtige Umgang mit der Push ortho Kn\u00f6chelorthese Aequi<\/h3>\n<p>Bitte beachten Sie folgende Hinweise zum Waschen und Pflegen Ihres Hilfsmittels:<\/p>\n<ul>\n<li>Schlie\u00dfen Sie alle Klettverschl\u00fcsse und waschen Sie die Orthese im Schonwaschgang oder von Hand bei maximal 30\u00b0 C. Verwenden Sie dazu <strong>Feinwaschmittel ohne Weichmacher<\/strong> (z. B. <a class=\" \" href=\"https:\/\/www.ofa.de\/de-de\/kompressionsstruempfe\/zubehoer\/ofa-clean\/\" target=\"_blank\" rel=\"noopener\">Ofa Clean Spezialwaschmittel<\/a>) und sp\u00fclen Sie die Orthese gut aus.<\/li>\n<li>Die Orthese kann schonend geschleudert werden, bitte wringen Sie sie aber nicht aus.<\/li>\n<li>Bringen Sie die Orthese in Form und lassen Sie sie im Freien an der Luft trocknen. Bitte trocknen Sie die Orthese <strong>nicht im Trockner<\/strong>, auf der <strong>Heizung<\/strong> oder <strong>in direktem Sonnenlicht<\/strong> und b\u00fcgeln Sie sie nicht.<\/li>\n<li>Um die Qualit\u00e4t der Orthese zu erhalten, verwenden Sie bitte <strong>keine chemischen Reinigungsmittel, Bleichmittel, Benzin oder Weichsp\u00fcler.<\/strong><\/li>\n<li>Vor der Lagerung muss die Orthese nach jeder Nutzung getrocknet werden.<\/li>\n<\/ul>\n","protected":false},"excerpt":{"rendered":"<h3>Die innovative orthop\u00e4dische Versorgung<\/h3>\n<p><strong>Effizienter mechanischer Halt<\/strong> und ein <strong>hoher Tragekomfort <\/strong>sind in der Push ortho Kn\u00f6chelorthese Aequi vereint. Auf der innen liegenden Seite ist die Bandage mit einem rigiden Element f\u00fcr einen<strong> starken Halt <\/strong>ausgestattet, w\u00e4hrend die Au\u00dfenseite aus Formschaum besteht, der sich leicht an die individuelle K\u00f6rperform anpasst. Dadurch ist <strong>bei normaler Geh- und Laufbewegung keine Einschr\u00e4nkung<\/strong> sp\u00fcrbar. Ein elastisches Band im <strong>Taping-Prinzip erm\u00f6glicht eine individuelle Druckeinstellung<\/strong>.<\/p>\n","protected":false},"featured_media":5958,"comment_status":"closed","ping_status":"closed","template":"","meta":[],"product_brand":[],"product_cat":[286,288,210],"product_tag":[],"class_list":{"0":"post-5923","1":"product","2":"type-product","3":"status-publish","4":"has-post-thumbnail","6":"product_cat-ofa-bamberg","7":"product_cat-orthesen-3","8":"product_cat-orthesen-2","10":"first","11":"instock","12":"taxable","13":"shipping-taxable","14":"product-type-simple"},"_links":{"self":[{"href":"https:\/\/www.allortho.de\/en\/wp-json\/wp\/v2\/product\/5923","targetHints":{"allow":["GET"]}}],"collection":[{"href":"https:\/\/www.allortho.de\/en\/wp-json\/wp\/v2\/product"}],"about":[{"href":"https:\/\/www.allortho.de\/en\/wp-json\/wp\/v2\/types\/product"}],"replies":[{"embeddable":true,"href":"https:\/\/www.allortho.de\/en\/wp-json\/wp\/v2\/comments?post=5923"}],"wp:featuredmedia":[{"embeddable":true,"href":"https:\/\/www.allortho.de\/en\/wp-json\/wp\/v2\/media\/5958"}],"wp:attachment":[{"href":"https:\/\/www.allortho.de\/en\/wp-json\/wp\/v2\/media?parent=5923"}],"wp:term":[{"taxonomy":"product_brand","embeddable":true,"href":"https:\/\/www.allortho.de\/en\/wp-json\/wp\/v2\/product_brand?post=5923"},{"taxonomy":"product_cat","embeddable":true,"href":"https:\/\/www.allortho.de\/en\/wp-json\/wp\/v2\/product_cat?post=5923"},{"taxonomy":"product_tag","embeddable":true,"href":"https:\/\/www.allortho.de\/en\/wp-json\/wp\/v2\/product_tag?post=5923"}],"curies":[{"name":"wp","href":"https:\/\/api.w.org\/{rel}","templated":true}]}}