{"id":5918,"date":"2024-02-11T01:44:42","date_gmt":"2024-02-11T00:44:42","guid":{"rendered":"https:\/\/www.allortho.de\/?post_type=product&#038;p=5918"},"modified":"2024-10-03T22:53:44","modified_gmt":"2024-10-03T20:53:44","slug":"ofa-bamberg-dynamics-plus-knoechelbandage","status":"publish","type":"product","link":"https:\/\/www.allortho.de\/en\/produkt\/ofa-bamberg-dynamics-plus-knoechelbandage\/","title":{"rendered":"Ofa Bamberg Dynamics Plus Kn\u00f6chelbandage"},"content":{"rendered":"<h3>Arthroflex\u00ae Komfortzone<\/h3>\n<p>Um die empfindliche Region um die Fu\u00dfbeuge zu sch\u00fctzen, ist die<strong> hochelastische Arthroflex\u00ae Komfortzone<\/strong> nahtlos in die Dynamics Plus Kn\u00f6chelbandage eingearbeitet. Sie schmiegt sich wie eine zweite Haut an die Anatomie an, denn ihr <strong>patentiertes Spezialgestrick <\/strong>ist hauchd\u00fcnn und<strong> vermindert<\/strong> eine<strong> unangenehme Faltenbildung <\/strong>im Bereich der Gelenkbeuge \u2013 auch bei h\u00e4ufiger Bewegung!<\/p>\n<h3>Dehnbare Abschlussr\u00e4nder<\/h3>\n<p>F\u00fcr <strong>zus\u00e4tzlichen Tragekomfort<\/strong> sind die <strong>Abschlussr\u00e4nder<\/strong> der Dynamics Plus Kn\u00f6chelbandage <strong>druckreduziert<\/strong> gestrickt und elastisch gekettelt. Angenehm flach und mit hoher Dehnungsreserve sorgen sie f\u00fcr einen <strong>sanften \u00dcbergang zur Haut, <\/strong>ohne einzuschneiden.<\/p>\n<h3>Latexfreies Mikrofasergestrick<\/h3>\n<p>Das <strong>Grundmaterial<\/strong> der Dynamics Plus Kn\u00f6chelbandage besteht <strong>aus weichen Funktionsgarnen aus Mikrofasern.<\/strong> Sie gew\u00e4hrleisten einen guten Feuchtigkeitstransport, w\u00e4hrend die offene, zellenf\u00f6rmige Feinstruktur des Gestricks f\u00fcr eine <strong>optimale Bel\u00fcftung<\/strong> sorgt. Ein Plus f\u00fcr Allergiker: Die verwendeten <strong>Garne enthalten kein Latex<\/strong>.<\/p>\n<h3>Massierende Silikonpelotte<\/h3>\n<p>Die formschl\u00fcssig in die Bandage eingearbeitete <strong>Silikonpelotte<\/strong> sorgt f\u00fcr eine <strong>gleichm\u00e4\u00dfige Druckverteilung<\/strong>. Zus\u00e4tzlich massiert diese bei jeder Bewegung die Kn\u00f6chelregion und<strong> f\u00f6rdert<\/strong> so die <strong>Durchblutung<\/strong> <strong>sowie den raschen Abbau von Schwellungen<\/strong>.<\/p>\n<h3>Indikationen<\/h3>\n<p>Die Dynamics Plus Kn\u00f6chelbandage ist f\u00fcr die Behandlung folgender Indikationen geeignet:<\/p>\n<ul>\n<li>Sehnenreizungen<\/li>\n<li>Nachbehandlung von Sch\u00e4digungen des Sprunggelenks und des Bandapparates, z. B. Prellungen, Verstauchungen, Kapseleinrisse, Au\u00dfenbandrisse (fibulare Bandruptur)<\/li>\n<li>Gelenkverschlei\u00df (Arthrose) und Gelenkentz\u00fcndung (Arthritis)<\/li>\n<\/ul>\n<h3>Kontraindikationen<\/h3>\n<p>In folgenden F\u00e4llen sollten Sie vor Anwendung des Produktes Ihren Arzt konsultieren:<\/p>\n<ul>\n<li>Hauterkrankungen oder -verletzungen im Anwendungsbereich, insbesondere bei Entz\u00fcndungszeichen wie R\u00f6tungen, Erw\u00e4rmungen oder Schwellungen<\/li>\n<li>Empfindungs- und Durchblutungsst\u00f6rungen im Anwendungsbereich<\/li>\n<li>Lymphabflussst\u00f6rungen sowie nicht eindeutige Schwellungen<\/li>\n<\/ul>\n<h3>Farben und Ausf\u00fchrungen<\/h3>\n<p>Die Dynamics Plus Kn\u00f6chelbandage ist in einem <strong>edlem Carbon <\/strong>und <strong>dezenten Bronze<\/strong> erh\u00e4ltlich und universell sowohl f\u00fcr den linken als auch rechten Kn\u00f6chel einsetzbar.<\/p>\n<h3 class=\"subheadline\">Gut zu wissen<\/h3>\n<ul>\n<li>Das<strong> erstmalige Anpassen und Anlegen<\/strong> des Produktes sowie die Einweisung in den sachgem\u00e4\u00dfen, sicheren Gebrauch muss <strong>durch geschultes, medizinisches\/orthop\u00e4disches Fachpersonal<\/strong> erfolgen.<\/li>\n<li>Tragen Sie das <strong>Produkt direkt auf der Haut<\/strong>. Es darf nur auf <strong>intakter Haut <\/strong>getragen werden. Soll es in Kombination mit anderen Produkten getragen werden, besprechen Sie dies bitte vorher mit Ihrem Arzt.<\/li>\n<li>Sofern nicht anders verordnet, sollte das<strong> Produkt w\u00e4hrend l\u00e4ngerer Ruhezeiten<\/strong> (<acronym title=\"zum Beispiel\">z. B.<\/acronym> beim Schlafen)<strong> abgelegt <\/strong>werden.<\/li>\n<li>Sollten w\u00e4hrend des Tragens ein <strong>unangenehmes Gef\u00fchl, st\u00e4rkere Schmerzen oder andere Beschwerden <\/strong>auftreten, <strong>legen Sie das Produkt ab<\/strong> und kontaktieren Sie Ihren Arzt oder Fachh\u00e4ndler.<\/li>\n<\/ul>\n<h3 class=\"subheadline\">Der richtige Umgang mit der Dynamics Plus Kn\u00f6chelbandage<\/h3>\n<div>\n<p>Bitte beachten Sie folgende Hinweise zum Waschen und Pflegen Ihres Hilfsmittels:<\/p>\n<ul>\n<li>Bitte <strong>waschen <\/strong>Sie die Bandage<strong> vor dem ersten Gebrauch <\/strong>und<strong> danach regelm\u00e4\u00dfig.<\/strong><\/li>\n<li>Waschen Sie die Bandage separat in einem W\u00e4sches\u00e4ckchen bei maximal 30\u00b0 C. Verwenden Sie dazu <strong>Feinwaschmittel ohne Weichmacher<\/strong> (z. B. <a class=\" \" href=\"https:\/\/www.ofa.de\/de-de\/kompressionsstruempfe\/zubehoer\/ofa-clean\/\" target=\"_blank\" rel=\"noopener\">Ofa Clean Spezialwaschmittel<\/a>) und sp\u00fclen Sie die Bandage gut aus. Sie kann schonend geschleudert werden, bitte wringen Sie sie aber nicht aus.<\/li>\n<li>Bringen Sie die Bandage in Form und lassen Sie sie an der Luft trocknen. Bitte trocknen Sie die Bandage <strong>nicht im Trockner, <\/strong>auf der <strong>Heizung<\/strong> oder in <strong>direktem Sonnenlicht<\/strong> und b\u00fcgeln Sie sie nicht.<\/li>\n<li>Um die Qualit\u00e4t der Bandage zu erhalten, verwenden Sie bitte<strong> keine chemischen Reinigungsmittel, Bleichmittel, Benzin oder Weichsp\u00fcler.<\/strong><\/li>\n<li>Tragen Sie im Anwendungsbereich<strong> keine fett- oder s\u00e4urehaltigen Mittel<\/strong>, Salben oder Lotionen auf die Haut auf. Diese Substanzen k\u00f6nnen das Material angreifen.<\/li>\n<li><strong>Lagern<\/strong> Sie die Bandage <strong>trocken<\/strong> und <strong>gesch\u00fctzt vor Sonne und Hitze <\/strong>m\u00f6glichst in der Originalverpackung. Bitte entsorgen Sie die Bandage nach Nutzungsende entsprechend der \u00f6rtlichen Vorgaben.<\/li>\n<\/ul>\n<\/div>\n","protected":false},"excerpt":{"rendered":"<h3><strong>Die intelligente orthop\u00e4dische Versorgung<\/strong><\/h3>\n<p>Die <strong>Dynamics Plus Kn\u00f6chelbandage<\/strong> \u00fcberzeugt durch ihr Plus an Details. Die <strong>Arthroflex\u00ae Komfortzone<\/strong> im Bereich der Fu\u00dfbeuge reduziert die Faltenbildung und schmiegt sich sanft an die Haut an. Massierende <strong>Silikonpelotten<\/strong> f\u00f6rdern den raschen Abbau von Schwellungen. Das <strong>atmungsaktive, latexfreie Mikrofasergestrick<\/strong> sorgt f\u00fcr ein angenehmes Klima.<\/p>\n","protected":false},"featured_media":5932,"comment_status":"closed","ping_status":"closed","template":"","meta":[],"product_brand":[],"product_cat":[287,209,286],"product_tag":[],"class_list":{"0":"post-5918","1":"product","2":"type-product","3":"status-publish","4":"has-post-thumbnail","6":"product_cat-bandagen-3","7":"product_cat-bandagen-2","8":"product_cat-ofa-bamberg","10":"first","11":"instock","12":"taxable","13":"shipping-taxable","14":"product-type-simple"},"_links":{"self":[{"href":"https:\/\/www.allortho.de\/en\/wp-json\/wp\/v2\/product\/5918","targetHints":{"allow":["GET"]}}],"collection":[{"href":"https:\/\/www.allortho.de\/en\/wp-json\/wp\/v2\/product"}],"about":[{"href":"https:\/\/www.allortho.de\/en\/wp-json\/wp\/v2\/types\/product"}],"replies":[{"embeddable":true,"href":"https:\/\/www.allortho.de\/en\/wp-json\/wp\/v2\/comments?post=5918"}],"wp:featuredmedia":[{"embeddable":true,"href":"https:\/\/www.allortho.de\/en\/wp-json\/wp\/v2\/media\/5932"}],"wp:attachment":[{"href":"https:\/\/www.allortho.de\/en\/wp-json\/wp\/v2\/media?parent=5918"}],"wp:term":[{"taxonomy":"product_brand","embeddable":true,"href":"https:\/\/www.allortho.de\/en\/wp-json\/wp\/v2\/product_brand?post=5918"},{"taxonomy":"product_cat","embeddable":true,"href":"https:\/\/www.allortho.de\/en\/wp-json\/wp\/v2\/product_cat?post=5918"},{"taxonomy":"product_tag","embeddable":true,"href":"https:\/\/www.allortho.de\/en\/wp-json\/wp\/v2\/product_tag?post=5918"}],"curies":[{"name":"wp","href":"https:\/\/api.w.org\/{rel}","templated":true}]}}