{"id":5894,"date":"2024-02-02T03:04:02","date_gmt":"2024-02-02T02:04:02","guid":{"rendered":"https:\/\/www.allortho.de\/?post_type=product&#038;p=5894"},"modified":"2024-10-03T22:53:44","modified_gmt":"2024-10-03T20:53:44","slug":"oessur-formfit-universal-wrist","status":"publish","type":"product","link":"https:\/\/www.allortho.de\/en\/produkt\/oessur-formfit-universal-wrist\/","title":{"rendered":"\u00d6ssur Formfit\u00ae Universal Wrist"},"content":{"rendered":"<p>Die Formfit\u00ae Universal Wrist-Prothese dient der Bewegungseinschr\u00e4nkung des Handgelenks. Sie bietet Immobilisierung und Schutz f\u00fcr Patienten, die an Verletzungen der Weichteile oder leichten bis mittelschweren Verstauchungen und Zerrungen leiden. Die Orthesen werden au\u00dferdem zur Heilung nach Ablegen des Gipsverbandes eingesetzt. Das leichte, universelle Design tr\u00e4gt au\u00dferdem zur Platzreduzierung von Lagerbest\u00e4nden bei.<\/p>\n<p><strong>Besondere Eigenschaften und Vorteile<\/strong><\/p>\n<ul>\n<li>Atmungsaktives Material<\/li>\n<li>Schnellverschlussriemen<\/li>\n<li>Positionsabh\u00e4ngige Dorsalschiene<\/li>\n<li>Formbare Palmarschiene<\/li>\n<\/ul>\n<p><strong>Indikationen<\/strong><\/p>\n<ul>\n<li>Leichte bis moderate Verstauchungen und Zerrungen<\/li>\n<li>Sehnenentz\u00fcndung<\/li>\n<li>Heilung nach Gipsverband<\/li>\n<li>Weichteilverletzungen<\/li>\n<\/ul>\n<p><strong>Allgemeine Informationen<\/strong><\/p>\n<p>Erh\u00e4ltliche Gr\u00f6\u00dfen: Universal, P\u00e4diatrisch, XL<\/p>\n","protected":false},"excerpt":{"rendered":"<p>Die Formfit\u00ae Universal Wrist-Orthese dient der Bewegungseinschr\u00e4nkung des Handgelenks. Das leichte, universelle Design bietet Patienten Schutz und Immobilisierung.<\/p>\n","protected":false},"featured_media":5895,"comment_status":"closed","ping_status":"closed","template":"","meta":[],"product_brand":[],"product_cat":[226,210,283,282],"product_tag":[],"class_list":{"0":"post-5894","1":"product","2":"type-product","3":"status-publish","4":"has-post-thumbnail","6":"product_cat-marken","7":"product_cat-orthesen-2","8":"product_cat-orthesen-oessur","9":"product_cat-oessur","11":"first","12":"instock","13":"taxable","14":"shipping-taxable","15":"product-type-simple"},"_links":{"self":[{"href":"https:\/\/www.allortho.de\/en\/wp-json\/wp\/v2\/product\/5894","targetHints":{"allow":["GET"]}}],"collection":[{"href":"https:\/\/www.allortho.de\/en\/wp-json\/wp\/v2\/product"}],"about":[{"href":"https:\/\/www.allortho.de\/en\/wp-json\/wp\/v2\/types\/product"}],"replies":[{"embeddable":true,"href":"https:\/\/www.allortho.de\/en\/wp-json\/wp\/v2\/comments?post=5894"}],"wp:featuredmedia":[{"embeddable":true,"href":"https:\/\/www.allortho.de\/en\/wp-json\/wp\/v2\/media\/5895"}],"wp:attachment":[{"href":"https:\/\/www.allortho.de\/en\/wp-json\/wp\/v2\/media?parent=5894"}],"wp:term":[{"taxonomy":"product_brand","embeddable":true,"href":"https:\/\/www.allortho.de\/en\/wp-json\/wp\/v2\/product_brand?post=5894"},{"taxonomy":"product_cat","embeddable":true,"href":"https:\/\/www.allortho.de\/en\/wp-json\/wp\/v2\/product_cat?post=5894"},{"taxonomy":"product_tag","embeddable":true,"href":"https:\/\/www.allortho.de\/en\/wp-json\/wp\/v2\/product_tag?post=5894"}],"curies":[{"name":"wp","href":"https:\/\/api.w.org\/{rel}","templated":true}]}}