{"id":5879,"date":"2024-02-02T02:52:17","date_gmt":"2024-02-02T01:52:17","guid":{"rendered":"https:\/\/www.allortho.de\/?post_type=product&#038;p=5879"},"modified":"2024-10-03T22:53:44","modified_gmt":"2024-10-03T20:53:44","slug":"oessur-unloader-one","status":"publish","type":"product","link":"https:\/\/www.allortho.de\/en\/produkt\/oessur-unloader-one\/","title":{"rendered":"\u00d6ssur Unloader One\u00ae"},"content":{"rendered":"<p>Unloader One\u00ae wurde entwickelt, um Knieschmerzen bei Arthrose zu lindern, wobei das Tragen zur Verbesserung der Mobilit\u00e4t beitragen kann. Sie verf\u00fcgt \u00fcber das einzigartige, patentierte 3-Punkt-Wirkprinzip von \u00d6ssur, das ein einzelnes Gelenk mit zwei Dynamic Force System (DFS)-Gurten kombiniert, um das Kniegelenk zu entlasten. Klinische Studien belegen, dass dieses System Knieschmerzen bei Gonarthrose lindern und beim Tragen die Funktion und Lebensqualit\u00e4t verbessern kann.<\/p>\n<p>Farbcodierte Quick Fit Buckles erm\u00f6glichen ein einfaches An- und Ablegen, w\u00e4hrend flexible Schalen und ein atmungsaktives Futter den Tragekomfort erh\u00f6hen und das Verrutschen verringern k\u00f6nnen, was zu einer verbesserten Compliance beitr\u00e4gt.<\/p>\n<p><strong>Besondere Eigenschaften und Vorteile<\/strong><\/p>\n<ul>\n<li>Dual Dynamic Force Straps\u00ae reduzieren den Druck auf die empfindlichen kn\u00f6chernen Oberfl\u00e4chen des Kniegelenks und tragen so zur Schmerzlinderung bei<\/li>\n<li>SmartDosing-Drehrad zur pr\u00e4zisen Einstellung des Schmerzmanagements \u2013 ohne Werkzeug einstellbar, auch w\u00e4hrend des Tragens unter der Kleidung<\/li>\n<li>Werkzeugloses polyzentrisches Gelenk mit optionalen ROM-Anschl\u00e4gen f\u00fcr Bewegungseinschr\u00e4nkung<\/li>\n<li>Farbcodierte Quick Fit Schnellverschl\u00fcsse f\u00fcr einfaches An- und Ablegen<\/li>\n<li>Patentiertes Sensil\u00ae-Silikon-Polster verringert das Verrutschen<\/li>\n<li>Flexibles, vertikales St\u00fctzelement mit Flachprofil passt sich der Patientenanatomie an und erm\u00f6glicht das Tragen unter der Kleidung<\/li>\n<li>Schnellverschlussriemen f\u00fcr ein An- und Ablegen ohne Werkzeug<\/li>\n<li>Das leichtgewichtige Rahmen ist zwecks Flexibilit\u00e4t und Bel\u00fcftung perforiert und bietet in der Custom-Ausf\u00fchrung individuelle Farboptionen<\/li>\n<\/ul>\n<p><strong>Indikationen<\/strong><\/p>\n<ul>\n<li>Moderate bis schwere unikompartimentelle Gonarthrose<\/li>\n<li>Degenerative Meniskusrisse<\/li>\n<li>Andere Kniebeschwerden, bei denen eine unikompartimentelle Entlastung sinnvoll ist<\/li>\n<\/ul>\n<p><strong>Allgemeine Informationen<\/strong><\/p>\n<p>Eigenschaften: BOA\u00ae Fit System<\/p>\n<p>Erh\u00e4ltliche Gr\u00f6\u00dfen: XS, S, M, L, XL<\/p>\n","protected":false},"excerpt":{"rendered":"<p>Unloader One\u00ae wurde entwickelt, um Knieschmerzen bei Gonarthrose zu lindern, wobei das Tragen zur Verbesserung der Mobilit\u00e4t beitragen kann. Sie verf\u00fcgt \u00fcber das patentierte 3-Punkt-Wirkprinzip von \u00d6ssur, bei dem ein einzelnes Gelenk in Kombination mit zwei Dynamic Force System\u2122-Gurten das betroffene Kniegelenk entlastet.<\/p>\n","protected":false},"featured_media":5880,"comment_status":"closed","ping_status":"closed","template":"","meta":[],"product_brand":[],"product_cat":[226,283,210,282],"product_tag":[],"class_list":{"0":"post-5879","1":"product","2":"type-product","3":"status-publish","4":"has-post-thumbnail","6":"product_cat-marken","7":"product_cat-orthesen-oessur","8":"product_cat-orthesen-2","9":"product_cat-oessur","11":"first","12":"instock","13":"taxable","14":"shipping-taxable","15":"product-type-simple"},"_links":{"self":[{"href":"https:\/\/www.allortho.de\/en\/wp-json\/wp\/v2\/product\/5879","targetHints":{"allow":["GET"]}}],"collection":[{"href":"https:\/\/www.allortho.de\/en\/wp-json\/wp\/v2\/product"}],"about":[{"href":"https:\/\/www.allortho.de\/en\/wp-json\/wp\/v2\/types\/product"}],"replies":[{"embeddable":true,"href":"https:\/\/www.allortho.de\/en\/wp-json\/wp\/v2\/comments?post=5879"}],"wp:featuredmedia":[{"embeddable":true,"href":"https:\/\/www.allortho.de\/en\/wp-json\/wp\/v2\/media\/5880"}],"wp:attachment":[{"href":"https:\/\/www.allortho.de\/en\/wp-json\/wp\/v2\/media?parent=5879"}],"wp:term":[{"taxonomy":"product_brand","embeddable":true,"href":"https:\/\/www.allortho.de\/en\/wp-json\/wp\/v2\/product_brand?post=5879"},{"taxonomy":"product_cat","embeddable":true,"href":"https:\/\/www.allortho.de\/en\/wp-json\/wp\/v2\/product_cat?post=5879"},{"taxonomy":"product_tag","embeddable":true,"href":"https:\/\/www.allortho.de\/en\/wp-json\/wp\/v2\/product_tag?post=5879"}],"curies":[{"name":"wp","href":"https:\/\/api.w.org\/{rel}","templated":true}]}}