{"id":5866,"date":"2024-02-02T02:34:13","date_gmt":"2024-02-02T01:34:13","guid":{"rendered":"https:\/\/www.allortho.de\/?post_type=product&#038;p=5866"},"modified":"2024-10-03T22:53:44","modified_gmt":"2024-10-03T20:53:44","slug":"oessur-miami-tlso-456","status":"publish","type":"product","link":"https:\/\/www.allortho.de\/en\/produkt\/oessur-miami-tlso-456\/","title":{"rendered":"\u00d6ssur Miami TLSO\u2122 456"},"content":{"rendered":"<p>Die Miami TLSO 456 von \u00d6ssur ist direkt auf die Bed\u00fcrfnisse von Patienten und \u00c4rzten zugeschnitten und vereinfacht die Vorbereitung, ohne Kompromisse bei Passform oder Leistung eingehen zu m\u00fcssen. Diese benutzerfreundliche, vormontierte Miami TLSO bietet den Komfort einer Universalorthese in Einheitsgr\u00f6\u00dfe oder eines anatomischen Designs in einzigartiger Gr\u00f6\u00dfe.<\/p>\n<p>Akzeptanz: Dank der Blue is You\u2122-Ber\u00fchrungspunkte f\u00fcr den Patienten kann dieser nach der Behandlung mit gutem Gewissen nach Hause entlassen werden.<\/p>\n<p>Einstellbarkeit: Das universelle Riemendesign erm\u00f6glicht die Einstellung der Riemenl\u00e4nge am Patienten f\u00fcr ein genaueres Gr\u00f6\u00dfenerlebnis. Durch W\u00e4rme formbare hintere Paneele erm\u00f6glichen eine individuelle Passform, w\u00e4hrend das modulare Design die Abr\u00fcstung zu einer Miami LSO erm\u00f6glicht.<\/p>\n<p>Komfort: Die Miami LSO\u2122 mit sp\u00fcrbarer Lendenwirbelkompression und anatomisch geformtem Design sorgt f\u00fcr eine bessere Immobilisierung der Wirbels\u00e4ule bei maximalem Patientenkomfort.<\/p>\n<p>Benutzerfreundlichkeit: Die Miami TLSO l\u00e4sst sich leicht \u00fcber die Schulterriemen anlegen und erfordert nur minimale Vorbereitung. Sie bietet optimalen Patientenkomfort.<\/p>\n<p><strong>Besondere Eigenschaften und Vorteile<\/strong><\/p>\n<ul>\n<li>Deutlich \u00fcberlegener Komfort und einfaches An- und Ausziehen (im Vergleich zu Miami Lumbar TLSO).<\/li>\n<li>F\u00fcr einfache Anpassung bereits vollst\u00e4ndig montiert<\/li>\n<li>F\u00fcr K\u00f6rpergr\u00f6\u00dfen von 155\u2013193 cm (5&#8217;1&#8243;\u20136&#8217;5&#8243;)<\/li>\n<li>Step-down zu einer LSO zur Anpassung an den Fortschritt durch die Rehabilitation<\/li>\n<li>Der Komfort einer Universalgr\u00f6\u00dfe oder die individuelle Anpassung mit einem auf die Patientenanatomie abgestimmten Design<\/li>\n<\/ul>\n<p><strong>Indikationen<\/strong><\/p>\n<p>Indikationen, die eine Ruhigstellung der gesamten Brust- und Lendenwirbels\u00e4ule erfordern Solche Indikationen k\u00f6nnen beinhalten:<\/p>\n<ul>\n<li>Postoperative Immobilisierung<\/li>\n<li>TLSO f\u00fcr Wirbels\u00e4ulenst\u00fctze reicht bis T7<\/li>\n<li>Spinalkanalstenose<\/li>\n<li>Bandscheibenvorfall<\/li>\n<li>Degenerative Wirbels\u00e4ulenfrakturen<\/li>\n<li>Spondylolisthese<\/li>\n<li>Spondylolyse<\/li>\n<\/ul>\n<p><strong>Allgemeine Informationen<\/strong><\/p>\n<p>Erh\u00e4ltliche Gr\u00f6\u00dfen: Universal, S, M, L, XL<\/p>\n","protected":false},"excerpt":{"rendered":"<p>Die Miami TLSO 456 von \u00d6ssur ist direkt auf die Bed\u00fcrfnisse von Patienten und \u00c4rzten zugeschnitten und vereinfacht die Vorbereitung, ohne Kompromisse bei Passform oder Leistung eingehen zu m\u00fcssen. Diese benutzerfreundliche, vormontierte Miami TLSO bietet den Komfort einer Universalorthese in Einheitsgr\u00f6\u00dfe oder eines anatomischen Designs in einzigartiger Gr\u00f6\u00dfe.<\/p>\n","protected":false},"featured_media":5867,"comment_status":"closed","ping_status":"closed","template":"","meta":[],"product_brand":[],"product_cat":[226,210,283,282],"product_tag":[],"class_list":{"0":"post-5866","1":"product","2":"type-product","3":"status-publish","4":"has-post-thumbnail","6":"product_cat-marken","7":"product_cat-orthesen-2","8":"product_cat-orthesen-oessur","9":"product_cat-oessur","11":"first","12":"instock","13":"taxable","14":"shipping-taxable","15":"product-type-simple"},"_links":{"self":[{"href":"https:\/\/www.allortho.de\/en\/wp-json\/wp\/v2\/product\/5866","targetHints":{"allow":["GET"]}}],"collection":[{"href":"https:\/\/www.allortho.de\/en\/wp-json\/wp\/v2\/product"}],"about":[{"href":"https:\/\/www.allortho.de\/en\/wp-json\/wp\/v2\/types\/product"}],"replies":[{"embeddable":true,"href":"https:\/\/www.allortho.de\/en\/wp-json\/wp\/v2\/comments?post=5866"}],"wp:featuredmedia":[{"embeddable":true,"href":"https:\/\/www.allortho.de\/en\/wp-json\/wp\/v2\/media\/5867"}],"wp:attachment":[{"href":"https:\/\/www.allortho.de\/en\/wp-json\/wp\/v2\/media?parent=5866"}],"wp:term":[{"taxonomy":"product_brand","embeddable":true,"href":"https:\/\/www.allortho.de\/en\/wp-json\/wp\/v2\/product_brand?post=5866"},{"taxonomy":"product_cat","embeddable":true,"href":"https:\/\/www.allortho.de\/en\/wp-json\/wp\/v2\/product_cat?post=5866"},{"taxonomy":"product_tag","embeddable":true,"href":"https:\/\/www.allortho.de\/en\/wp-json\/wp\/v2\/product_tag?post=5866"}],"curies":[{"name":"wp","href":"https:\/\/api.w.org\/{rel}","templated":true}]}}