{"id":3895,"date":"2017-04-20T00:54:23","date_gmt":"2017-04-19T22:54:23","guid":{"rendered":"https:\/\/www.allortho.de\/?post_type=product&#038;p=3895"},"modified":"2019-03-18T23:21:59","modified_gmt":"2019-03-18T22:21:59","slug":"medi-4-punkt-hartrahmen-knieorthese-m-4s-oa","status":"publish","type":"product","link":"https:\/\/www.allortho.de\/en\/produkt\/medi-4-punkt-hartrahmen-knieorthese-m-4s-oa\/","title":{"rendered":"medi 4-Punkt-Hartrahmen-Knieorthese M.4\u00aes OA"},"content":{"rendered":"<h2>Hartrahmenorthese zur Entlastung des Kniegelenks<\/h2>\n<p>4-Punkt-Hartrahmen-Knieorthese zur Entlastung M.4\u00aes OA<\/p>\n<ul>\n<li>Schmerzreduktion und Wiedererlangung der Mobilit\u00e4t<\/li>\n<li>Leichte Rahmen- und Gelenkkonstruktion<\/li>\n<li>Gro\u00dfe Entlastung des betroffenen Kompartiments<\/li>\n<\/ul>\n<h4>Produktvorteile<\/h4>\n<p>Entlastung des lateralen bzw. medialen Kompartments durch 3 Punkt Prinzip<\/p>\n<p>Schmerzentlastung durch Druckreduzierung auf der betroffenen Seite des Gelenks<\/p>\n<p>Zuverl\u00e4ssige Stabilisierung des Kniegelenks durch 4-Punkt-Stabilisierungssystem<\/p>\n<p>Sichere collaterale Stabilisierung durch festen Rahmen<\/p>\n<p>Extensions- und Flexionsbegrenzung sch\u00fctzen vor unzutr\u00e4glichen Gelenkbewegungen und entlasten verletzte Strukturen<\/p>\n<p>Limitierungsm\u00f6glichkeiten:<\/p>\n<p>&#8211; Extension: 0\u00b0, 10\u00b0, 20\u00b0, 30\u00b0, 45\u00b0<\/p>\n<p>&#8211; Flexion: 0\u00b0, 10\u00b0, 20\u00b0, 30\u00b0, 45\u00b0, 60\u00b0, 75\u00b0, 90\u00b0<\/p>\n<p>&#8211; Immobilisierung: 0\u00b0, 10\u00b0, 20\u00b0, 30\u00b0, 45\u00b0<\/p>\n<h4>Wirkungsweise<\/h4>\n<p>Die Orthese soll Ihnen helfen, das Knie zu entlasten. Sowohl in der postoperativen Therapie, als auch in der konservativen (nicht-operativen) Behandlung findet die Orthese ihren Einsatz. Sie sch\u00fctzt das Bein vor dem seitlichen Ausbrechen. So werden die schmerzhaften Bereiche des Kniegelenkes entlastet und die Orthese leistet ihren Teil zu einer sp\u00fcrbaren Schmerzlinderung. In manchen F\u00e4llen stellt sich die Besserung erst nach und nach ein.<\/p>\n<h4>Anziehanleitung<\/h4>\n<p>\u00d6ffnen Sie alle Gurte und ziehen Sie das nummerierte Ende aus den Gurt\u00f6sen. Tipp: Um ein Verkletten der Gurte zu verhindern, empfiehlt es sich, den Klett im Anschluss wieder zu schlie\u00dfen.<br \/>\nSetzen Sie sich auf die Kante eines Stuhls und streifen Sie die Orthese \u00fcber das betroffene Bein. Winkeln Sie das Bein leicht an. Positionieren Sie die Orthese so, dass die von vorne zu sehenden Keile auf H\u00f6he der oberen Kante der Kniescheibe sitzen. Achten Sie bitte auch darauf, dass die Orthese nicht verdreht am Bein sitzt.<br \/>\nSchlie\u00dfen Sie nun den untersten Gurt auf der Vorderseite und den obersten hinteren Gurt. Dr\u00fccken Sie die Gelenke leicht nach hinten.<br \/>\nSchlie\u00dfen Sie nun auf der R\u00fcckseite des Oberschenkels den unteren Gurt. Kontrollieren Sie den richtigen Sitz der Orthese. Dabei sollen die seitlichen Gelenke leicht nach hinten (genauer: hinter der seitlichen Mittellinie des Knies) positioniert sein.<br \/>\nSchlie\u00dfen Sie nun den vorderen, oberen Unterschenkelgurt. Anschlie\u00dfend den hinteren Unterschenkelgurt und abschlie\u00dfend den vorderen Oberschenkelgurt.<br \/>\nMachen Sie einige Schritte oder leichte Kniebeugen, um den richtigen Sitz zu pr\u00fcfen. Bei Bedarf k\u00f6nnen die Gurte nochmals in der gleichen Reihenfolge gerichtet werden, um einen guten Sitz der Orthese zu garantieren.<br \/>\nSollten \u00fcberm\u00e4\u00dfige Schmerzen oder ein unangenehmes Gef\u00fchl w\u00e4hrend des Tragens auftreten, kontaktieren Sie bitte umgehend Ihren Arzt oder Orthop\u00e4die techniker. Tragen Sie die Orthese nicht auf offenen Wunden und nur unter vorheriger medizinischer Anleitung.<\/p>\n<h4>Trage- \/Anwendungshinweise<\/h4>\n<p>Einstellen von Flexions- und Extensionsbegrenzung (nur vom Orthop\u00e4dietechniker der AllOrtho durchzuf\u00fchren):<br \/>\nDie Orthese ist mit einem 0\u00b0-Extensionskeil ausgestattet. Weitere Keile liegen der Orthese bei. \u00c4nderung der Extensions- und Flexionsbegrenzungen nur auf Vorgabe des behandelnden Arztes. Um eine Hyperextension zu vermeiden, m\u00fcssen immer Extensionskeile eingesetzt sein. Die Keile geben der Orthese den exakten Bewegungsradius vor. Bei bestimmten Weichteilverh\u00e4ltnissen kann es, bedingt durch die Weichteilkompression, notwendig sein, einen gr\u00f6\u00dferen Keil einzusetzen, um die Kniebewegung auf den gew\u00fcnschten Radius zu beschr\u00e4nken.<br \/>\nW\u00e4hlen Sie den geforderten Keil aus (Extensionskeile sind mit einem \u201eE\u201c gekennzeichnet, Flexionskeile mit einem \u201eF\u201c; kombiniert mit der jeweiligen Gradzahl). Legen Sie den Keil in das Gelenk ein und arretieren Sie ihn durch das Einklemmen mit Hilfe der Rahmenenden. Dadurch rutscht der Keil automatisch in die richtige Position und dreht sich nicht. Sichern Sie den Keil mit Hilfe der Schraube. Dabei ist es ausreichend, die Schraube mit der Hand festzuziehen. Sie ben\u00f6tigen dazu keine gro\u00dfe Kraftanwendung. Handfest ist ausreichend.<\/p>\n<h4>Einstellen der Varus- \/ Valgus-Entlastung<\/h4>\n<p>Tipp: Lassen Sie sich die Einstellm\u00f6glichkeiten der M.4s OA durch den Sie versorgenden Techniker in der AllOrtho gut erkl\u00e4ren. So finden Sie schnell einen Weg zur sicheren Handhabung und profitieren von einer bestm\u00f6glichen Unterst\u00fctzung durch die Orthese.<br \/>\nStellen Sie im Sitzen die Varus-\/ Valgus-Einstellgelenke mit Hilfe des Inbusschl\u00fcssels auf die neutrale Position ein. Die neutrale Position ist erreicht, wenn das Polster des Orthesengelenkes fl\u00e4chig anliegt, jedoch noch kein oder nur ganz leichter Druck erzeugt wird. Stellen Sie nun im Stehen die Belastung auf eine Vierteldrehung (an beiden Einstellschrauben) ein. Diese Einstellung ist ein guter Ausgangswert f\u00fcr das erste Tragen. Bei Bedarf k\u00f6nnen Sie mit den verschiedenen beiliegenden Gelenkpolstern die Orthese auf die Kniebreite einstellen. Achten Sie darauf, dass die Orthese korrekt angelegt ist.<br \/>\nBei konservativer Therapie (ohne Operation) sollte die Tragedauer zwei Stunden pro Tag zun\u00e4chst nicht \u00fcberschreiten. Dehnen Sie die Tragedauer anschlie\u00dfend entsprechend der Vertr\u00e4glichkeit aus. Die Orthese sollte vor allem bei Aktivit\u00e4ten angelegt werden, die normalerweise Schmerzen hervorrufen. Mit Hilfe des Inbusschl\u00fcssels kann die Entlastung mit der Zeit nach und nach angepasst oder im Laufe des Tages variiert werden.<br \/>\nBei postoperativer Therapie muss die Orthese immer bei Belastungen getragen werden. Bitte fragen Sie Ihren behandelnden Arzt nach seinen Vorgaben.<br \/>\nVorsicht: Extreme Einstellungen haben keinen therapeutischen Wert und verursachen nur zus\u00e4tzliche Schmerzen.<\/p>\n<p>Was hilft, wenn &#8230;<br \/>\n&#8230; die Orthese rutscht?<br \/>\nDer hintere Unterschenkelgurt (Gurt 5) sollte oberhalb des Wadenbauches liegen.<br \/>\nEntfernen Sie die \u00dcberz\u00fcge der Kondylenpolster und tragen Sie die Polster direkt auf der Haut. Achten Sie dabei aber auf Hautreaktionen. Bei sehr empfindlichen Personen k\u00f6nnen Hautirritationen auftreten.<br \/>\nTragen Sie die Orthese nicht \u00fcber der Kleidung.<\/p>\n<p>Was hilft, wenn &#8230;<br \/>\n\u2026 die Polster verschlissen sind?<br \/>\nAustauschpolster k\u00f6nnen Sie \u00fcber die AllOrtho nachbestellen.<\/p>\n","protected":false},"excerpt":{"rendered":"<p>Ursache von Knieschmerzen ist oftmals ein Knorpelschaden aufgrund von Achsenfehlstellungen. Dieser tritt insbesondere unter Belastung, also z. B. im Stehen und bei Bewegung auf. Mit der M.4s OA Entlastungsorthese von\u00a0medi wird das Bein in der richtigen Achse gehalten und der Druck auf die schmerzhaften Bereiche wird verringert. Dies f\u00fchrt zu einer sp\u00fcrbaren Schmerzlinderung und sorgt f\u00fcr mehr Mobilit\u00e4t und Aktivit\u00e4t im Alltag.<\/p>\n","protected":false},"featured_media":3896,"comment_status":"closed","ping_status":"closed","template":"","meta":[],"product_brand":[],"product_cat":[96,131,210],"product_tag":[148,147,152,146],"class_list":{"0":"post-3895","1":"product","2":"type-product","3":"status-publish","4":"has-post-thumbnail","6":"product_cat-medi","7":"product_cat-knieorthesen","8":"product_cat-orthesen-2","9":"product_tag-4-punkt-hartrahmen-knieorthese","10":"product_tag-knieorthese","11":"product_tag-m-4s-oa","12":"product_tag-medi","14":"first","15":"instock","16":"taxable","17":"shipping-taxable","18":"product-type-simple"},"_links":{"self":[{"href":"https:\/\/www.allortho.de\/en\/wp-json\/wp\/v2\/product\/3895","targetHints":{"allow":["GET"]}}],"collection":[{"href":"https:\/\/www.allortho.de\/en\/wp-json\/wp\/v2\/product"}],"about":[{"href":"https:\/\/www.allortho.de\/en\/wp-json\/wp\/v2\/types\/product"}],"replies":[{"embeddable":true,"href":"https:\/\/www.allortho.de\/en\/wp-json\/wp\/v2\/comments?post=3895"}],"wp:featuredmedia":[{"embeddable":true,"href":"https:\/\/www.allortho.de\/en\/wp-json\/wp\/v2\/media\/3896"}],"wp:attachment":[{"href":"https:\/\/www.allortho.de\/en\/wp-json\/wp\/v2\/media?parent=3895"}],"wp:term":[{"taxonomy":"product_brand","embeddable":true,"href":"https:\/\/www.allortho.de\/en\/wp-json\/wp\/v2\/product_brand?post=3895"},{"taxonomy":"product_cat","embeddable":true,"href":"https:\/\/www.allortho.de\/en\/wp-json\/wp\/v2\/product_cat?post=3895"},{"taxonomy":"product_tag","embeddable":true,"href":"https:\/\/www.allortho.de\/en\/wp-json\/wp\/v2\/product_tag?post=3895"}],"curies":[{"name":"wp","href":"https:\/\/api.w.org\/{rel}","templated":true}]}}