{"id":3889,"date":"2017-04-19T23:37:14","date_gmt":"2017-04-19T21:37:14","guid":{"rendered":"https:\/\/www.allortho.de\/?post_type=product&#038;p=3889"},"modified":"2021-05-27T21:49:34","modified_gmt":"2021-05-27T19:49:34","slug":"medi-4-punkt-hartrahmenorthese-m-4s-pcl-dynamic","status":"publish","type":"product","link":"https:\/\/www.allortho.de\/en\/produkt\/medi-4-punkt-hartrahmenorthese-m-4s-pcl-dynamic\/","title":{"rendered":"medi 4-Punkt-Hartrahmenorthese M.4s\u00ae PCL dynamic"},"content":{"rendered":"<h2>4-Punkt-Hartrahmenorthese zur Versorgung von Verletzungen des hinteren Kreuzbandes<\/h2>\n<p>Funktionelle PCL-Orthese M.4s\u00ae PCL dynamic<\/p>\n<ul>\n<li>Sicherer Halt der Tibia durch Unterst\u00fctzungspad<\/li>\n<li>Individuelle Einstellbarkeit des Pads durch integriertes Drehrad<\/li>\n<li>Sicherer Sitz dank patentiertem physioglide Gelenk<\/li>\n<\/ul>\n<h4>Produktvorteile<\/h4>\n<p>Durch die aktive Krafteinwirkung \u00fcber das Unterst\u00fctzungspad wird die Tibia in der gew\u00fcnschten Position gehalten<\/p>\n<p>Sichere collaterale Stabilisierung durch festen Rahmen<\/p>\n<p>Extensions- und Flexionsbegrenzung sch\u00fctzt vor unzutr\u00e4glichen Gelenkbewegungen und entlastet verletzte Strukturen<\/p>\n<p>Limitierungsm\u00f6glichkeiten:<\/p>\n<p>&#8211; Extension: 0\u00b0, 10\u00b0, 20\u00b0, 30\u00b0, 45\u00b0,<\/p>\n<p>&#8211; Flexion: 0\u00b0, 10\u00b0, 20\u00b0, 30\u00b0, 45\u00b0, 60\u00b0, 75\u00b0, 90\u00b0,<\/p>\n<p>&#8211; Immobilisierung: 0\u00b0, 10\u00b0, 20\u00b0, 30\u00b0, 45\u00b0<\/p>\n<p>Optimale Nachahmung der Roll-Gleit-Bewegung des Knies durch patentierte physioglide Gelenktechnik<\/p>\n<h4>Wirkungsweise<\/h4>\n<p>\u00c4nderung der Extensions- und Flexionsbegrenzungen nur auf Vorgabe Ihres behandelnden Arztes. Um eine Hyperextension zu vermeiden, m\u00fcssen immer Extensionskeile oder aber 0\u00b0-Keile eingesetzt sein.<br \/>\nDie Keile geben der Orthese den exakten Bewegungsradius vor.<br \/>\nBei schwierigen Weichteilverh\u00e4ltnissen kann es, bedingt durch die Weichteilkompression, notwendig sein, einen gr\u00f6\u00dferen Keil einzusetzen, um die Kniebewegung auf den gew\u00fcnschten Radius zu beschr\u00e4nken.<br \/>\nAchten Sie auch auf die korrekte Position der Orthesengelenke: Die Mitte der Gelenke sollte auf H\u00f6he der Kniescheibenoberkante liegen.<br \/>\nDas Gelenk muss hinter der seitlichen Mittellinie des Beins positioniert sein.<\/p>\n<h4>Anziehanleitung<\/h4>\n<p>\u00d6ffnen Sie alle Gurte und schlie\u00dfen Sie den Klett wieder auf dem Gurtband, um diesen aus dem Weg zu halten.<br \/>\nZiehen Sie den Drehknopf auf der \u00a0Wadenschale heraus. Ein Klick best\u00e4tigt die korrekte Position. Ziehen Sie die Schale bis zum Anschlag nach hinten raus.\u00a0Beugen sie das Bein auf ~70\u00b0 und ziehen Sie die Orthese auf das verletzte Bein.<br \/>\nPositionieren Sie die Gelenke so, dass die Gelenkmitte (H\u00f6he der Extensionskeile) auf H\u00f6he der oberen Kante der Kniescheibe sitzt. Achten Sie darauf, dass die Orthese gerade und nicht verdreht am Bein sitzt.<br \/>\nSchlie\u00dfen Sie als erstes den Gurt Nr. 1 und im Anschluss schlie\u00dfen Sie Gurt Nr. 2.<br \/>\nHalten sie Ihr Bein in gebeugter Position und vergewissern Sie sich nochmals des korrekten Sitzes der Orthese.<br \/>\nDie Orthese sitzt richtig, wenn die Gelenkmitten auf H\u00f6he der Kniescheibenoberkante sitzen und leicht hinter der seitlichen Mittellinie des Beines positioniert sind.<br \/>\nNun schlie\u00dfen sie den vorderen Oberschenkelgurt Nr. 3 und ziehen diesen fest. Achten Sie darauf, dass Sie die Orthese nicht zu weit nach vorne positionieren.<br \/>\nDr\u00fccken Sie den Drehknopf wieder hinein, um den Drehmechanismus zu aktivieren. Wiederum best\u00e4tigt ein Klick die richtige Position.<br \/>\nDrehen sie nun das R\u00e4dchen soweit, dass die Tuberositas Tibiae (hervorstehender Knochen am oberen Ende des Schienbeins) auf gleichem Niveau steht wie am gesunden Bein. Bei Bedarf und zu rein stabilisierendem Zweck, bitte den Tibia-Gurt schlie\u00dfen. Dieser darf immer nur als letzter Gurt geschlossen werden.<br \/>\nBewegen Sie nun das Knie ein paar Mal leicht und pr\u00fcfen Sie nochmalsn den richtigen Sitz der Orthese. Ggf. korrigieren Sie den Sitz der Orthese noch mal.<br \/>\nDie seitlichen Anzeigen auf den F\u00fchrungsschienen k\u00f6nnen als Referenz f\u00fcr die Position der Wadenschale genommen werden.<\/p>\n<h4>Trage- \/Anwendungshinweise<\/h4>\n<p>\u00c4nderung der Extensions- und Flexionsbegrenzungen nur auf Vorgabe Ihres behandelnden Arztes. Um eine Hyperextension zu vermeiden, m\u00fcssen immer Extensionskeile oder aber 0\u00b0-Keile eingesetzt sein. Die Keile geben der Orthese den exakten Bewegungsradius vor. Bei schwierigen Weichteilverh\u00e4ltnissen kann es, bedingt durch die Weichteilkompression, notwendig sein, einen gr\u00f6\u00dferen Keil einzusetzen, um die Kniebewegung auf den gew\u00fcnschten Radius zu beschr\u00e4nken. Achten Sie auch auf die korrekte Position der Orthesengelenke: Die Mitte der Gelenke sollte auf H\u00f6he der Kniescheibenoberkante liegen. Das Gelenk muss hinter der seitlichen Mittellinie des Beins positioniert sein.<\/p>\n","protected":false},"excerpt":{"rendered":"<p>Die M.4s PCL dynamic ist eine funktionelle Knieorthese. Die Orthese erm\u00f6glicht die konservative oder postoperative Versorgung von Patienten mit einer (Teil-) Ruptur des hinteren Kreuzbandes.<\/p>\n","protected":false},"featured_media":3890,"comment_status":"closed","ping_status":"closed","template":"","meta":[],"product_brand":[],"product_cat":[96,131,210],"product_tag":[150,147,151,146],"class_list":{"0":"post-3889","1":"product","2":"type-product","3":"status-publish","4":"has-post-thumbnail","6":"product_cat-medi","7":"product_cat-knieorthesen","8":"product_cat-orthesen-2","9":"product_tag-4-punkt-hartrahmenorthese","10":"product_tag-knieorthese","11":"product_tag-m-4s-pcl-dynamic","12":"product_tag-medi","14":"first","15":"instock","16":"taxable","17":"shipping-taxable","18":"product-type-simple"},"_links":{"self":[{"href":"https:\/\/www.allortho.de\/en\/wp-json\/wp\/v2\/product\/3889","targetHints":{"allow":["GET"]}}],"collection":[{"href":"https:\/\/www.allortho.de\/en\/wp-json\/wp\/v2\/product"}],"about":[{"href":"https:\/\/www.allortho.de\/en\/wp-json\/wp\/v2\/types\/product"}],"replies":[{"embeddable":true,"href":"https:\/\/www.allortho.de\/en\/wp-json\/wp\/v2\/comments?post=3889"}],"wp:featuredmedia":[{"embeddable":true,"href":"https:\/\/www.allortho.de\/en\/wp-json\/wp\/v2\/media\/3890"}],"wp:attachment":[{"href":"https:\/\/www.allortho.de\/en\/wp-json\/wp\/v2\/media?parent=3889"}],"wp:term":[{"taxonomy":"product_brand","embeddable":true,"href":"https:\/\/www.allortho.de\/en\/wp-json\/wp\/v2\/product_brand?post=3889"},{"taxonomy":"product_cat","embeddable":true,"href":"https:\/\/www.allortho.de\/en\/wp-json\/wp\/v2\/product_cat?post=3889"},{"taxonomy":"product_tag","embeddable":true,"href":"https:\/\/www.allortho.de\/en\/wp-json\/wp\/v2\/product_tag?post=3889"}],"curies":[{"name":"wp","href":"https:\/\/api.w.org\/{rel}","templated":true}]}}