{"id":3877,"date":"2017-04-19T22:36:41","date_gmt":"2017-04-19T20:36:41","guid":{"rendered":"https:\/\/www.allortho.de\/?post_type=product&#038;p=3877"},"modified":"2019-03-18T23:22:16","modified_gmt":"2019-03-18T22:22:16","slug":"medi-4-punkt-hartrahmen-knieorthese-m-4s-comfort","status":"publish","type":"product","link":"https:\/\/www.allortho.de\/en\/produkt\/medi-4-punkt-hartrahmen-knieorthese-m-4s-comfort\/","title":{"rendered":"medi 4-Punkt-Hartrahmen-Knieorthese M.4s\u00ae comfort"},"content":{"rendered":"<h2>Knieorthese zur Einschr\u00e4nkung der Beugung und Streckung des Kniegelenks<\/h2>\n<p>4-Punkt-Hartrahmen-Knieorthese\u00a0M.4s\u00ae comfort<\/p>\n<ul class=\"checkmarks\">\n<li>Sicherer Sitz dank patentiertem physioglide Gelenk<\/li>\n<li>Kein Druck auf OP-Naht dank geteiltem Gurtpolster<\/li>\n<li>Guter Halt durch flexible Gurt\u00f6sen<\/li>\n<\/ul>\n<p>Sicherer Sitz dank patentiertem physioglide Gelenk<br \/>\nKein Druck auf OP-Naht dank geteiltem Gurtpolster<br \/>\nGuter Halt durch flexible Gurt\u00f6sen<\/p>\n<p><strong>NEU:<\/strong><br \/>\nSeit Oktober 2016 ist die M.4s comfort auch in der Farbvariante lime \/ hawaii blue erh\u00e4ltlich. Zus\u00e4tzlich enthalten alle M.4s comfort Orthesen ein erweitertes Keile-Set mit einem 5\u00b0-Hyperextensionskeil und einem 120\u00b0-Flexionskeil. So kann der Bewegungsspielraum des Knies im Rahmen der Therapie noch individueller eingestellt werden.<\/p>\n<h4>Produktvorteile<\/h4>\n<p>Zuverl\u00e4ssige Stabilisierung des Kniegelenks durch 4-Punkt-Hartrahmenkonstruktion<\/p>\n<p>Sichere collaterale Stabilisierung durch festen Rahmen<\/p>\n<p>Extensions- und Flexionsbegrenzung sch\u00fctzt vor unzutr\u00e4glichen Gelenkbewegungen und entlastet verletzte Strukturen<\/p>\n<p>Limitierungsm\u00f6glichkeiten:<\/p>\n<ul>\n<li>\u00a0Extension: 5\u00b0 Hypex*, 0\u00b0, 10\u00b0, 20\u00b0, 30\u00b0, 45\u00b0<\/li>\n<li>\u00a0Flexion: 0\u00b0, 10\u00b0, 20\u00b0, 30\u00b0, 45\u00b0, 60\u00b0, 75\u00b0,90\u00b0, 120\u00b0*<\/li>\n<li>\u00a0Immobilisierung: 0\u00b0, 10\u00b0, 20\u00b0, 30\u00b0, 45\u00b0<\/li>\n<\/ul>\n<p>Optimale Nachahmung der Roll-Gleit-Bewegung des Knies durch patentierte physioglide Gelenktechnik* Das erweiterte Keile-Set ist in der Variante lime \/ hawaii blue enthalten. Die Umstellung auf das erweiterte Keile-Set f\u00fcr die schwarze und wei\u00dfe Variante erfolgt in Q1 \/ Q2 2017.<\/p>\n<h4>Anziehanleitung<\/h4>\n<p>\u00d6ffnen Sie alle Gurte. Setzen Sie sich auf die Kante eines Stuhls, streifen Sie die Orthese \u00fcber das betroffene Bein und winkeln Sie das Bein in einer 45\u00b0 -Stellung an. Positionieren Sie die Gelenke so, dass sich die Scharniermitten (Extensionskeile) auf H\u00f6he der Oberkante der Kniescheibe befinden. Achten Sie darauf, dass die Orthese dabei nicht verdreht am Bein sitzt.<br \/>\nSchlie\u00dfen Sie zuerst den vorderen unteren Unterschenkelgurt, anschlie\u00dfend den hinteren oberen Oberschenkelgurt. Behalten Sie das Knie in der Beugestellung und dr\u00fccken Sie die beiden Gelenke in Richtung Beinr\u00fcckseite.<br \/>\nSchlie\u00dfen Sie nun den hinteren unteren Oberschenkelgurt. Ziehen Sie die Gelenke wieder etwas nach vorne. Achten Sie aber darauf, die Gelenke nicht vor die seitliche Mittellinie des Beins zu ziehen.<br \/>\nSchlie\u00dfen Sie nun den vorderen oberen Unterschenkelgurt. Anschlie\u00dfend den hinteren oberen Unterschenkelgurt und schlie\u00dflich den vorderen Oberschenkelgurt.<br \/>\nMachen Sie einige leichte Kniebeugen und ziehen Sie die Gurte in der gleichen Reihenfolge nochmals fest, um ein Rutschen der Orthese zu vermeiden.<\/p>\n<h4>Trage- \/Anwendungshinweise<\/h4>\n<p>\u00c4nderung der Extensions- und Flexionsbegrenzungen nur auf Vorgabe Ihres behandelnden Arztes. Um eine Hyperextension zu vermeiden, m\u00fcssen immer Extensionskeile oder aber 0\u00b0-Keile eingesetzt sein. Die Keile geben der Orthese den exakten Bewegungsradius vor. Bei schwierigen Weichteilverh\u00e4ltnissen kann es, bedingt durch die Weichteilkompression, notwendig sein, einen gr\u00f6\u00dferen Keil einzusetzen, um die Kniebewegung auf den gew\u00fcnschten Radius zu beschr\u00e4nken. Achten Sie auch auf die korrekte Position der Orthesengelenke: Die Mitte der Gelenke sollte auf H\u00f6he der Kniescheibenoberkante liegen. Das Gelenk muss hinter der seitlichen Mittellinie des Beins positioniert sein.<\/p>\n<p>Schr\u00e4nken der Orthese:<br \/>\nBitte achten Sie beim Schr\u00e4nken der Orthese darauf, dass die Gelenke weiterhin parallel sind. Sie gew\u00e4hrleisten so die korrekte Funktion, den leichten Lauf und provozieren keinen \u00fcberm\u00e4\u00dfigen Verschlei\u00df.<\/p>\n<p>Befestigung der Gurt\u00f6sen:<br \/>\nDie Gurt\u00f6sen sind ausreichend befestigt und zum Teil gewollt beweglich. Bitte ziehen Sie die Schrauben nicht nach, sie sind ausreichend fest. Durch \u00fcberm\u00e4\u00dfige Kraft-Einwirkung k\u00f6nnen die Schrauben abrei\u00dfen.<\/p>\n","protected":false},"excerpt":{"rendered":"<p>Verletzungen an B\u00e4ndern und Sehnen des Knies sind gerade bei Sportlern h\u00e4ufige Verletzungen: Bei einem Kreuzbandriss oder einer Seitenbandruptur, teilweise auch in Kombination mit einer Meniskusl\u00e4sion (Riss des Meniskus), bleibt oft nur die Operation als wirksame Therapie. Nach einer Verletzung oder Operation an B\u00e4ndern und Sehnen des Knies ist eine Hartrahmenorthese die richtige Wahl: Die M.4s comfort Knie-Orthese stabilisiert das verletzte Knie zuverl\u00e4ssig durch ein 4-Punkt-Stabilisierungssystem und einen festen Rahmen. Dabei ist die Orthese aufgrund ihrer leichten Bauweise und der besonderen Gelenktechnik, welche die nat\u00fcrliche Bewegung des Knies nachahmt, angenehm zu tragen. Gleichzeitig kann die Beugung und Streckung des Knies passend zum Befund durch die Orthese begrenzt oder das Knie komplett ruhig gestellt werden.<\/p>\n","protected":false},"featured_media":3879,"comment_status":"closed","ping_status":"closed","template":"","meta":[],"product_brand":[],"product_cat":[96,131,210],"product_tag":[148,147,149,146],"class_list":{"0":"post-3877","1":"product","2":"type-product","3":"status-publish","4":"has-post-thumbnail","6":"product_cat-medi","7":"product_cat-knieorthesen","8":"product_cat-orthesen-2","9":"product_tag-4-punkt-hartrahmen-knieorthese","10":"product_tag-knieorthese","11":"product_tag-m-4s-comfort","12":"product_tag-medi","14":"first","15":"instock","16":"taxable","17":"shipping-taxable","18":"product-type-simple"},"_links":{"self":[{"href":"https:\/\/www.allortho.de\/en\/wp-json\/wp\/v2\/product\/3877","targetHints":{"allow":["GET"]}}],"collection":[{"href":"https:\/\/www.allortho.de\/en\/wp-json\/wp\/v2\/product"}],"about":[{"href":"https:\/\/www.allortho.de\/en\/wp-json\/wp\/v2\/types\/product"}],"replies":[{"embeddable":true,"href":"https:\/\/www.allortho.de\/en\/wp-json\/wp\/v2\/comments?post=3877"}],"wp:featuredmedia":[{"embeddable":true,"href":"https:\/\/www.allortho.de\/en\/wp-json\/wp\/v2\/media\/3879"}],"wp:attachment":[{"href":"https:\/\/www.allortho.de\/en\/wp-json\/wp\/v2\/media?parent=3877"}],"wp:term":[{"taxonomy":"product_brand","embeddable":true,"href":"https:\/\/www.allortho.de\/en\/wp-json\/wp\/v2\/product_brand?post=3877"},{"taxonomy":"product_cat","embeddable":true,"href":"https:\/\/www.allortho.de\/en\/wp-json\/wp\/v2\/product_cat?post=3877"},{"taxonomy":"product_tag","embeddable":true,"href":"https:\/\/www.allortho.de\/en\/wp-json\/wp\/v2\/product_tag?post=3877"}],"curies":[{"name":"wp","href":"https:\/\/api.w.org\/{rel}","templated":true}]}}