{"id":3804,"date":"2017-03-11T03:58:47","date_gmt":"2017-03-11T02:58:47","guid":{"rendered":"https:\/\/www.allortho.de\/?post_type=product&#038;p=3804"},"modified":"2018-02-19T22:07:46","modified_gmt":"2018-02-19T21:07:46","slug":"bort-manustabil","status":"publish","type":"product","link":"https:\/\/www.allortho.de\/en\/produkt\/bort-manustabil\/","title":{"rendered":"BORT ManuStabil\u00ae"},"content":{"rendered":"<p>&#8211; Feste Handgelenkbandage mit volarer und dorsaler Verst\u00e4rkungsschiene<br \/>\n&#8211; Atmungsaktives Material<br \/>\n&#8211; Lange Ausf\u00fchrung<br \/>\n&#8211; L\u00e4nge: ca. 22 cm<\/p>\n<p>FARBE:\u00a0 blau<\/p>\n<p>DAS MED-PLUS<br \/>\n&#8211; Individuell leicht anformbar<br \/>\n&#8211; Sehr gute Stabilisierung des Handgelenks durch verl\u00e4ngerte Ausf\u00fchrung und spezielle Verschlusstechnik<br \/>\n&#8211; Auch nachts zu tragen<\/p>\n<h5>Indikationen<\/h5>\n<ul>\n<li>Pr\u00e4operativ<\/li>\n<li>postoperativ<\/li>\n<li>posttraumatisch<\/li>\n<li>degenerativ<\/li>\n<li>Karpaltunnelsyndrom (CTS)<\/li>\n<li>Tendovaginitis<\/li>\n<li>periphere Nervenl\u00e4hmung<\/li>\n<\/ul>\n","protected":false},"excerpt":{"rendered":"<p>Handgelenkbandagen unterst\u00fctzen gesch\u00e4digte Gewebestrukturen (Gelenk, B\u00e4nder, Kapseln, Knorpel). Die Kompression unterst\u00fctzt dabei die Haltefunktion der B\u00e4nder und entlastet so das Gelenk. Durch die Aussparung des Daumens kann die Bandage nicht verrutschen. Die eingelegte Aluminium-Schiene ist so geformt, dass sie die Hand in einer entspannten Schonhaltung h\u00e4lt. Zus\u00e4tzlich bietet die Schiene einen erh\u00f6hten Schutz vor Fehlbewegungen.<\/p>\n","protected":false},"featured_media":3805,"comment_status":"closed","ping_status":"closed","template":"","meta":[],"product_brand":[],"product_cat":[116,120],"product_tag":[],"class_list":{"0":"post-3804","1":"product","2":"type-product","3":"status-publish","4":"has-post-thumbnail","6":"product_cat-bort-medical","7":"product_cat-hand","9":"first","10":"instock","11":"taxable","12":"shipping-taxable","13":"product-type-simple"},"_links":{"self":[{"href":"https:\/\/www.allortho.de\/en\/wp-json\/wp\/v2\/product\/3804","targetHints":{"allow":["GET"]}}],"collection":[{"href":"https:\/\/www.allortho.de\/en\/wp-json\/wp\/v2\/product"}],"about":[{"href":"https:\/\/www.allortho.de\/en\/wp-json\/wp\/v2\/types\/product"}],"replies":[{"embeddable":true,"href":"https:\/\/www.allortho.de\/en\/wp-json\/wp\/v2\/comments?post=3804"}],"wp:featuredmedia":[{"embeddable":true,"href":"https:\/\/www.allortho.de\/en\/wp-json\/wp\/v2\/media\/3805"}],"wp:attachment":[{"href":"https:\/\/www.allortho.de\/en\/wp-json\/wp\/v2\/media?parent=3804"}],"wp:term":[{"taxonomy":"product_brand","embeddable":true,"href":"https:\/\/www.allortho.de\/en\/wp-json\/wp\/v2\/product_brand?post=3804"},{"taxonomy":"product_cat","embeddable":true,"href":"https:\/\/www.allortho.de\/en\/wp-json\/wp\/v2\/product_cat?post=3804"},{"taxonomy":"product_tag","embeddable":true,"href":"https:\/\/www.allortho.de\/en\/wp-json\/wp\/v2\/product_tag?post=3804"}],"curies":[{"name":"wp","href":"https:\/\/api.w.org\/{rel}","templated":true}]}}