{"id":3794,"date":"2017-03-11T03:46:27","date_gmt":"2017-03-11T02:46:27","guid":{"rendered":"https:\/\/www.allortho.de\/?post_type=product&#038;p=3794"},"modified":"2021-05-27T21:42:25","modified_gmt":"2021-05-27T19:42:25","slug":"bort-patella-sehnenband","status":"publish","type":"product","link":"https:\/\/www.allortho.de\/en\/produkt\/bort-patella-sehnenband\/","title":{"rendered":"BORT Patella-Sehnenband"},"content":{"rendered":"<p>&#8211; Sogenannte Kasseler Patellarsehnenbandage zur gezielten Entlastung der Patellasehne<br \/>\n&#8211; Elastisches Kurzzug-Material<br \/>\n&#8211; Anatomische Propriozeptionspelotte aus Silikon<br \/>\n&#8211; Weiches Einfassband<br \/>\n&#8211; Umkehrz\u00fcgel mit Klettverschluss<\/p>\n<p>FARBE: schwarz<\/p>\n<p>DAS MED-PLUS<br \/>\n&#8211; Stufenlos anpassbarer Pelottendruck<br \/>\n&#8211; Verbesserte Gelenkkoordination<br \/>\n&#8211; Schmerzlinderung<br \/>\n&#8211; Druckfreie Kniekehle<\/p>\n<h5>Indikationen<\/h5>\n<ul>\n<li>Chondropathia patellae<\/li>\n<li>Patellaspitzensyndrom<\/li>\n<li>femoropatellare Arthrose<\/li>\n<\/ul>\n","protected":false},"excerpt":{"rendered":"<p>Mit dem BORT Patella-Sehnenband wird Druck auf die mit der Kniescheibe (Patella) verbundene Sehne ausge\u00fcbt. Dies unterst\u00fctzt die Patella bei Kniebewegungen in der korrekten Bahn zu gleiten. Gleichzeitig f\u00fchrt der Druck zur Spannungserh\u00f6hung der Muskulatur, die f\u00fcr die F\u00fchrung der Patella verantwortlich ist.<\/p>\n","protected":false},"featured_media":3795,"comment_status":"closed","ping_status":"closed","template":"","meta":[],"product_brand":[],"product_cat":[116,117],"product_tag":[],"class_list":{"0":"post-3794","1":"product","2":"type-product","3":"status-publish","4":"has-post-thumbnail","6":"product_cat-bort-medical","7":"product_cat-knie","9":"first","10":"instock","11":"taxable","12":"shipping-taxable","13":"product-type-simple"},"_links":{"self":[{"href":"https:\/\/www.allortho.de\/en\/wp-json\/wp\/v2\/product\/3794","targetHints":{"allow":["GET"]}}],"collection":[{"href":"https:\/\/www.allortho.de\/en\/wp-json\/wp\/v2\/product"}],"about":[{"href":"https:\/\/www.allortho.de\/en\/wp-json\/wp\/v2\/types\/product"}],"replies":[{"embeddable":true,"href":"https:\/\/www.allortho.de\/en\/wp-json\/wp\/v2\/comments?post=3794"}],"wp:featuredmedia":[{"embeddable":true,"href":"https:\/\/www.allortho.de\/en\/wp-json\/wp\/v2\/media\/3795"}],"wp:attachment":[{"href":"https:\/\/www.allortho.de\/en\/wp-json\/wp\/v2\/media?parent=3794"}],"wp:term":[{"taxonomy":"product_brand","embeddable":true,"href":"https:\/\/www.allortho.de\/en\/wp-json\/wp\/v2\/product_brand?post=3794"},{"taxonomy":"product_cat","embeddable":true,"href":"https:\/\/www.allortho.de\/en\/wp-json\/wp\/v2\/product_cat?post=3794"},{"taxonomy":"product_tag","embeddable":true,"href":"https:\/\/www.allortho.de\/en\/wp-json\/wp\/v2\/product_tag?post=3794"}],"curies":[{"name":"wp","href":"https:\/\/api.w.org\/{rel}","templated":true}]}}