{"id":3784,"date":"2017-03-11T03:33:00","date_gmt":"2017-03-11T02:33:00","guid":{"rendered":"https:\/\/www.allortho.de\/?post_type=product&#038;p=3784"},"modified":"2018-02-19T22:07:47","modified_gmt":"2018-02-19T21:07:47","slug":"bort-genuxpress","status":"publish","type":"product","link":"https:\/\/www.allortho.de\/en\/produkt\/bort-genuxpress\/","title":{"rendered":"BORT GenuXpress"},"content":{"rendered":"<p>&#8211; Knierahmenorthese nach 4-Punkt-Prinzip zur F\u00fchrung und Stabilisierung des Kniegelenks<br \/>\n&#8211; \u00dcberarbeitetes monozentrisches Gelenk<br \/>\n&#8211; Begrenzung der Extension: 0\u00b0, 10\u00b0, 20\u00b0, 30\u00b0, 45\u00b0, 60\u00b0, 70\u00b0, 90\u00b0<br \/>\n&#8211; Begrenzung der Flexion: 0\u00b0, 10\u00b0, 20\u00b0, 30\u00b0, 45\u00b0, 60\u00b0, 70\u00b0, 90\u00b0, 105\u00b0, 120\u00b0<\/p>\n<p>FARBE: silber<\/p>\n<p>DAS MED-PLUS<br \/>\n&#8211; Hohe Rahmenfestigkeit bei geringem Eigengewicht durch modernste Werkstoffe<br \/>\n&#8211; Sehr gute Anformbarkeit des Orthesenrahmens<br \/>\n&#8211; Montagefreie Einstellm\u00f6glichkeit der Extension und Flexion<\/p>\n<h5>Indikationen<\/h5>\n<ul>\n<li>Schwere und\/oder komplexe Instabilit\u00e4t des Kniegelenks<\/li>\n<li>Meniskusverletzungen<\/li>\n<li>Genu recurvatum<\/li>\n<li>funktionelle pr\u00e4- und\/oder postoperative Versorgung von Bandrupturen (ACL, PCL, Seitenb\u00e4nder)<\/li>\n<\/ul>\n","protected":false},"excerpt":{"rendered":"<p>Die Ruhigstellung ist ein Grundprinzip bei der Behandlung von Verletzungen und \u00dcberbelastungen, da der Gesundungsprozess wesentlich beschleunigt und Folgesch\u00e4den vorgebeugt wird. Hartrahmen-Knieorthesen unterst\u00fctzen gesch\u00e4digte Gewebestrukturen (Gelenke, B\u00e4nder, Kapseln, Knorpel), stabilisieren, f\u00fchren und tragen somit zum positiven Genesungsprozess bei.<\/p>\n","protected":false},"featured_media":3785,"comment_status":"closed","ping_status":"closed","template":"","meta":[],"product_brand":[],"product_cat":[116,117],"product_tag":[],"class_list":{"0":"post-3784","1":"product","2":"type-product","3":"status-publish","4":"has-post-thumbnail","6":"product_cat-bort-medical","7":"product_cat-knie","9":"first","10":"instock","11":"taxable","12":"shipping-taxable","13":"product-type-simple"},"_links":{"self":[{"href":"https:\/\/www.allortho.de\/en\/wp-json\/wp\/v2\/product\/3784","targetHints":{"allow":["GET"]}}],"collection":[{"href":"https:\/\/www.allortho.de\/en\/wp-json\/wp\/v2\/product"}],"about":[{"href":"https:\/\/www.allortho.de\/en\/wp-json\/wp\/v2\/types\/product"}],"replies":[{"embeddable":true,"href":"https:\/\/www.allortho.de\/en\/wp-json\/wp\/v2\/comments?post=3784"}],"wp:featuredmedia":[{"embeddable":true,"href":"https:\/\/www.allortho.de\/en\/wp-json\/wp\/v2\/media\/3785"}],"wp:attachment":[{"href":"https:\/\/www.allortho.de\/en\/wp-json\/wp\/v2\/media?parent=3784"}],"wp:term":[{"taxonomy":"product_brand","embeddable":true,"href":"https:\/\/www.allortho.de\/en\/wp-json\/wp\/v2\/product_brand?post=3784"},{"taxonomy":"product_cat","embeddable":true,"href":"https:\/\/www.allortho.de\/en\/wp-json\/wp\/v2\/product_cat?post=3784"},{"taxonomy":"product_tag","embeddable":true,"href":"https:\/\/www.allortho.de\/en\/wp-json\/wp\/v2\/product_tag?post=3784"}],"curies":[{"name":"wp","href":"https:\/\/api.w.org\/{rel}","templated":true}]}}