{"id":3780,"date":"2017-03-11T03:24:22","date_gmt":"2017-03-11T02:24:22","guid":{"rendered":"https:\/\/www.allortho.de\/?post_type=product&#038;p=3780"},"modified":"2017-03-13T22:32:25","modified_gmt":"2017-03-13T21:32:25","slug":"bort-fersenspornpolster","status":"publish","type":"product","link":"https:\/\/www.allortho.de\/en\/produkt\/bort-fersenspornpolster\/","title":{"rendered":"BORT Fersenspornpolster"},"content":{"rendered":"<p>&#8211; Viscoelastisches Fersenspornpolster mit herausnehmbarem Polstermodul<br \/>\n&#8211; Reduzierung der Sto\u00dfbelastung auf Sprung-, Knie- und H\u00fcftgelenke sowie auf die Wirbels\u00e4ule<br \/>\n&#8211; Fu\u00dfseite beschichtet, selbsthaftend<br \/>\n&#8211; H\u00f6he: 6 mm<br \/>\n&#8211; Verpackung: Paar<\/p>\n<p>DAS MED-PLUS<\/p>\n<p>&#8211; Rutschfest<br \/>\n&#8211; F\u00fcr alle Schuharten geeignet<br \/>\n&#8211; Abwaschbar<br \/>\n&#8211; Hygienisch<\/p>\n<p>Indikationen<\/p>\n<p>Fersensporn<br \/>\nAchillodynie<br \/>\nHaglundferse<br \/>\naxiale Sto\u00dfd\u00e4mpfung bei Beingelenkarthrose<\/p>\n","protected":false},"excerpt":{"rendered":"<p>Das BORT Fersenspornpolster besteht aus viscoelastischem Material. Dieses nimmt Ersch\u00fctterungen auf und d\u00e4mpft sie ab. Diese Ersch\u00fctterungen k\u00f6nnen zu Ersch\u00f6pfungen und kumulativem Trauma f\u00fchren und auch die Heilung von Fu\u00df-, Bein- und R\u00fcckenverletzungen beeintr\u00e4chtigen.<\/p>\n","protected":false},"featured_media":3781,"comment_status":"closed","ping_status":"closed","template":"","meta":[],"product_brand":[],"product_cat":[116,118],"product_tag":[],"class_list":{"0":"post-3780","1":"product","2":"type-product","3":"status-publish","4":"has-post-thumbnail","6":"product_cat-bort-medical","7":"product_cat-knoechelfuss","9":"first","10":"instock","11":"taxable","12":"shipping-taxable","13":"product-type-simple"},"_links":{"self":[{"href":"https:\/\/www.allortho.de\/en\/wp-json\/wp\/v2\/product\/3780","targetHints":{"allow":["GET"]}}],"collection":[{"href":"https:\/\/www.allortho.de\/en\/wp-json\/wp\/v2\/product"}],"about":[{"href":"https:\/\/www.allortho.de\/en\/wp-json\/wp\/v2\/types\/product"}],"replies":[{"embeddable":true,"href":"https:\/\/www.allortho.de\/en\/wp-json\/wp\/v2\/comments?post=3780"}],"wp:featuredmedia":[{"embeddable":true,"href":"https:\/\/www.allortho.de\/en\/wp-json\/wp\/v2\/media\/3781"}],"wp:attachment":[{"href":"https:\/\/www.allortho.de\/en\/wp-json\/wp\/v2\/media?parent=3780"}],"wp:term":[{"taxonomy":"product_brand","embeddable":true,"href":"https:\/\/www.allortho.de\/en\/wp-json\/wp\/v2\/product_brand?post=3780"},{"taxonomy":"product_cat","embeddable":true,"href":"https:\/\/www.allortho.de\/en\/wp-json\/wp\/v2\/product_cat?post=3780"},{"taxonomy":"product_tag","embeddable":true,"href":"https:\/\/www.allortho.de\/en\/wp-json\/wp\/v2\/product_tag?post=3780"}],"curies":[{"name":"wp","href":"https:\/\/api.w.org\/{rel}","templated":true}]}}