{"id":3759,"date":"2017-03-11T02:48:50","date_gmt":"2017-03-11T01:48:50","guid":{"rendered":"https:\/\/www.allortho.de\/?post_type=product&#038;p=3759"},"modified":"2018-02-19T22:07:48","modified_gmt":"2018-02-19T21:07:48","slug":"bort-omoars","status":"publish","type":"product","link":"https:\/\/www.allortho.de\/en\/produkt\/bort-omoars\/","title":{"rendered":"BORT OmoARS"},"content":{"rendered":"<p>&#8211; Armlagerungskissen zur Ruhigstellung und Entlastung des Schultergelenks in 15\u00b0 oder 30\u00b0 Au\u00dfenrotation<br \/>\n&#8211; Gurtsystem mit Klettverschluss<br \/>\n&#8211; Handauflage mit Ball zum Training der Unterarmmuskulatur<\/p>\n<p>FARBE: blau<\/p>\n<p>ZUBEH\u00d6R: Art. Nr. 121 960 Keil zur Lagerung in 30\u00b0 Au\u00dfenrotation<\/p>\n<p>DAS MED-PLUS<br \/>\n&#8211; Sichere Stabilit\u00e4t und Lagerung durch anatomisches Kissen<br \/>\n&#8211; Einfache Handhabung<br \/>\n&#8211; Hautfreundlicher Velours\u00fcberzug<\/p>\n<h5>Indikationen<\/h5>\n<ul>\n<li>Pr\u00e4operativ<\/li>\n<li>postoperativ<\/li>\n<li>posttraumatisch<\/li>\n<li>z. B. bei Impingementsyndrom<\/li>\n<li>Rotatorenmanschettenruptur<\/li>\n<li>Endoprothesenimplantat<\/li>\n<li>subakromiale Defil\u00e9e-Erweiterung (nach Neer)<\/li>\n<li>Bursitis subacromialis<\/li>\n<\/ul>\n","protected":false},"excerpt":{"rendered":"<p>Die Ruhigstellung ist ein Grundprinzip bei der Behandlung von Verletzungen und \u00dcberbelastungen, da die Gesundungsprozesse dadurch wesentlich beschleunigt werden. Schulter-Arm-Abduktionsorthesen unterst\u00fctzen gesch\u00e4digte Gewebestrukturen (Gelenke, B\u00e4nder, Kapseln, Knorpel) und erlauben gleichzeitig eine funktionelle Be\u00fcbung nicht verletzter Strukturen. Mit der BORT OmoARS Schulter-Abduktionsorthese l\u00e4sst sich das Schultergelenk sehr bequem in einem Abduktionswinkel von ca. 15\u00b0 fixieren.<\/p>\n","protected":false},"featured_media":3760,"comment_status":"closed","ping_status":"closed","template":"","meta":[],"product_brand":[],"product_cat":[116,122],"product_tag":[],"class_list":{"0":"post-3759","1":"product","2":"type-product","3":"status-publish","4":"has-post-thumbnail","6":"product_cat-bort-medical","7":"product_cat-halsschulterellenbogen","9":"first","10":"instock","11":"taxable","12":"shipping-taxable","13":"product-type-simple"},"_links":{"self":[{"href":"https:\/\/www.allortho.de\/en\/wp-json\/wp\/v2\/product\/3759","targetHints":{"allow":["GET"]}}],"collection":[{"href":"https:\/\/www.allortho.de\/en\/wp-json\/wp\/v2\/product"}],"about":[{"href":"https:\/\/www.allortho.de\/en\/wp-json\/wp\/v2\/types\/product"}],"replies":[{"embeddable":true,"href":"https:\/\/www.allortho.de\/en\/wp-json\/wp\/v2\/comments?post=3759"}],"wp:featuredmedia":[{"embeddable":true,"href":"https:\/\/www.allortho.de\/en\/wp-json\/wp\/v2\/media\/3760"}],"wp:attachment":[{"href":"https:\/\/www.allortho.de\/en\/wp-json\/wp\/v2\/media?parent=3759"}],"wp:term":[{"taxonomy":"product_brand","embeddable":true,"href":"https:\/\/www.allortho.de\/en\/wp-json\/wp\/v2\/product_brand?post=3759"},{"taxonomy":"product_cat","embeddable":true,"href":"https:\/\/www.allortho.de\/en\/wp-json\/wp\/v2\/product_cat?post=3759"},{"taxonomy":"product_tag","embeddable":true,"href":"https:\/\/www.allortho.de\/en\/wp-json\/wp\/v2\/product_tag?post=3759"}],"curies":[{"name":"wp","href":"https:\/\/api.w.org\/{rel}","templated":true}]}}