{"id":3757,"date":"2017-03-11T02:46:49","date_gmt":"2017-03-11T01:46:49","guid":{"rendered":"https:\/\/www.allortho.de\/?post_type=product&#038;p=3757"},"modified":"2021-05-27T21:45:15","modified_gmt":"2021-05-27T19:45:15","slug":"bort-omotwinair","status":"publish","type":"product","link":"https:\/\/www.allortho.de\/en\/produkt\/bort-omotwinair\/","title":{"rendered":"BORT OmoTwinAir"},"content":{"rendered":"<p>&#8211; Aufblasbares Schulter-Arm-Abduktionskissen zur Ruhigstellung und Entlastung des Schultergelenks<br \/>\n&#8211; Abduktion: ca. 50-60\u00b0<br \/>\n&#8211; Handauflage mit Ball zum Trainieren der Unterarmmuskulatur<br \/>\n&#8211; Hautfreundlicher Velours\u00fcberzug<\/p>\n<p>FARBE: blau<\/p>\n<p>DAS MED-PLUS<br \/>\n&#8211; 2-geteiltes Luftkammer-System zur Vermeidung unerw\u00fcnschter Anteversion des Oberarms beim Liegen<br \/>\n&#8211; Fixierung des Oberarms mit zus\u00e4tzlichem Oberarmkeil<br \/>\n&#8211; Sehr geringes Gewicht<\/p>\n<h5>Indikationen<\/h5>\n<ul>\n<li>Pr\u00e4operativ<\/li>\n<li>postoperativ<\/li>\n<li>posttraumatisch<\/li>\n<li>z. B. bei Impingementsyndrom<\/li>\n<li>Rotatorenmanschettenverletzung<\/li>\n<li>Endoprothesenimplantat<\/li>\n<\/ul>\n","protected":false},"excerpt":{"rendered":"<p>Die Ruhigstellung ist ein Grundprinzip bei der Behandlung von Verletzungen und \u00dcberbelastungen, da der Gesundungsprozess wesentlich beschleunigt und Folgesch\u00e4den vorgebeugt wird. Schulter-Arm-Abduktionsorthesen unterst\u00fctzen gesch\u00e4digte Gewebestrukturen (Gelenke, B\u00e4nder, Kapseln, Knorpel) und erlauben gleichzeitig eine funktionelle Be\u00fcbung nicht verletzter Strukturen. Mit der BORT OmoTwinAir Schulter-Arm-Abduktionsorthese lassen sich Schultergelenk und Ellenbogen sehr bequem in einem Abduktionswinkel von ca. 50\u00b0 fixieren.<\/p>\n","protected":false},"featured_media":3758,"comment_status":"closed","ping_status":"closed","template":"","meta":[],"product_brand":[],"product_cat":[116,122],"product_tag":[],"class_list":{"0":"post-3757","1":"product","2":"type-product","3":"status-publish","4":"has-post-thumbnail","6":"product_cat-bort-medical","7":"product_cat-halsschulterellenbogen","9":"first","10":"instock","11":"taxable","12":"shipping-taxable","13":"product-type-simple"},"_links":{"self":[{"href":"https:\/\/www.allortho.de\/en\/wp-json\/wp\/v2\/product\/3757","targetHints":{"allow":["GET"]}}],"collection":[{"href":"https:\/\/www.allortho.de\/en\/wp-json\/wp\/v2\/product"}],"about":[{"href":"https:\/\/www.allortho.de\/en\/wp-json\/wp\/v2\/types\/product"}],"replies":[{"embeddable":true,"href":"https:\/\/www.allortho.de\/en\/wp-json\/wp\/v2\/comments?post=3757"}],"wp:featuredmedia":[{"embeddable":true,"href":"https:\/\/www.allortho.de\/en\/wp-json\/wp\/v2\/media\/3758"}],"wp:attachment":[{"href":"https:\/\/www.allortho.de\/en\/wp-json\/wp\/v2\/media?parent=3757"}],"wp:term":[{"taxonomy":"product_brand","embeddable":true,"href":"https:\/\/www.allortho.de\/en\/wp-json\/wp\/v2\/product_brand?post=3757"},{"taxonomy":"product_cat","embeddable":true,"href":"https:\/\/www.allortho.de\/en\/wp-json\/wp\/v2\/product_cat?post=3757"},{"taxonomy":"product_tag","embeddable":true,"href":"https:\/\/www.allortho.de\/en\/wp-json\/wp\/v2\/product_tag?post=3757"}],"curies":[{"name":"wp","href":"https:\/\/api.w.org\/{rel}","templated":true}]}}