{"id":3755,"date":"2017-03-11T02:44:21","date_gmt":"2017-03-11T01:44:21","guid":{"rendered":"https:\/\/www.allortho.de\/?post_type=product&#038;p=3755"},"modified":"2021-05-27T21:46:38","modified_gmt":"2021-05-27T19:46:38","slug":"bort-omotex","status":"publish","type":"product","link":"https:\/\/www.allortho.de\/en\/produkt\/bort-omotex\/","title":{"rendered":"BORT OmoTex"},"content":{"rendered":"<p>&#8211; Schulter-Aktivbandage<br \/>\n&#8211; Zus\u00e4tzlicher Klettz\u00fcgel zur Begrenzung der Au\u00dfenrotation<br \/>\n&#8211; Silikonpelotte, frei positionierbar<br \/>\n&#8211; Anatomisches, muskelaktivierendes Formgestrick<\/p>\n<p>FARBE: schwarz<\/p>\n<p>DAS MED-PLUS<br \/>\n&#8211; Verbesserte F\u00fchrung des Glenohumeralgelenks<br \/>\n&#8211; Gurtl\u00e4ngen individuell einstellbar<br \/>\n&#8211; Komfortables Tragen auch unter der Kleidung<\/p>\n<h5>Indikationen<\/h5>\n<ul>\n<li>Chronische, posttraumatische oder postoperative Weichteilreizzust\u00e4nde im Schultergelenkbereich<\/li>\n<li>z. B. bei Arthrose<\/li>\n<\/ul>\n","protected":false},"excerpt":{"rendered":"<p>Die Ruhigstellung ist ein Grundprinzip bei der Behandlung von Verletzungen und \u00dcberbelastungen, da der Gesundungsprozess wesentlich beschleunigt und Folgesch\u00e4den vorgebeugt wird. Schulter-Arm-Bandagen unterst\u00fctzen gesch\u00e4digte Gewebestrukturen (Gelenke, B\u00e4nder, Kapseln, Knorpel). Die BORT OmoTex ist eine Aktivbandage zur Behandlung des Schultergelenkes, wirkt zentrierend auf das Glenohumeral-Gelenk, verbessert die Gelenkf\u00fchrung und erm\u00f6glicht die Beschr\u00e4nkung der Au\u00dfenrotation des Schultergelenks.<\/p>\n","protected":false},"featured_media":3756,"comment_status":"closed","ping_status":"closed","template":"","meta":[],"product_brand":[],"product_cat":[116,122],"product_tag":[],"class_list":{"0":"post-3755","1":"product","2":"type-product","3":"status-publish","4":"has-post-thumbnail","6":"product_cat-bort-medical","7":"product_cat-halsschulterellenbogen","9":"first","10":"instock","11":"taxable","12":"shipping-taxable","13":"product-type-simple"},"_links":{"self":[{"href":"https:\/\/www.allortho.de\/en\/wp-json\/wp\/v2\/product\/3755","targetHints":{"allow":["GET"]}}],"collection":[{"href":"https:\/\/www.allortho.de\/en\/wp-json\/wp\/v2\/product"}],"about":[{"href":"https:\/\/www.allortho.de\/en\/wp-json\/wp\/v2\/types\/product"}],"replies":[{"embeddable":true,"href":"https:\/\/www.allortho.de\/en\/wp-json\/wp\/v2\/comments?post=3755"}],"wp:featuredmedia":[{"embeddable":true,"href":"https:\/\/www.allortho.de\/en\/wp-json\/wp\/v2\/media\/3756"}],"wp:attachment":[{"href":"https:\/\/www.allortho.de\/en\/wp-json\/wp\/v2\/media?parent=3755"}],"wp:term":[{"taxonomy":"product_brand","embeddable":true,"href":"https:\/\/www.allortho.de\/en\/wp-json\/wp\/v2\/product_brand?post=3755"},{"taxonomy":"product_cat","embeddable":true,"href":"https:\/\/www.allortho.de\/en\/wp-json\/wp\/v2\/product_cat?post=3755"},{"taxonomy":"product_tag","embeddable":true,"href":"https:\/\/www.allortho.de\/en\/wp-json\/wp\/v2\/product_tag?post=3755"}],"curies":[{"name":"wp","href":"https:\/\/api.w.org\/{rel}","templated":true}]}}