{"id":3752,"date":"2017-03-11T02:41:24","date_gmt":"2017-03-11T01:41:24","guid":{"rendered":"https:\/\/www.allortho.de\/?post_type=product&#038;p=3752"},"modified":"2018-02-19T22:07:48","modified_gmt":"2018-02-19T21:07:48","slug":"bort-omobasic-geschlossene-form","status":"publish","type":"product","link":"https:\/\/www.allortho.de\/en\/produkt\/bort-omobasic-geschlossene-form\/","title":{"rendered":"BORT OmoBasic\u00ae geschlossene Form"},"content":{"rendered":"<p>&#8211; Geschlossene Schulter-Arm-Adduktionsorthese zur Ruhigstellung des Schultergelenks<br \/>\n&#8211; Hochelastisches Schlauchmaterial<br \/>\n&#8211; Elastisches Band in der Kommissur des Daumens<br \/>\n&#8211; Sicherer Sitz und Fixierung des Arms in Adduktionsstellung durch stabilisierende Gurtf\u00fchrung<\/p>\n<p>FARBEN: blau, wei\u00df<\/p>\n<p>DAS BASIC-PLUS<br \/>\n&#8211; Stabilisierung der Schulter bei freier Beweglichkeit des Daumens und der Langfinger<br \/>\n&#8211; Elastischer Abschlussrand im Schulterbereich<br \/>\n&#8211; Hautfreundlich<\/p>\n<h5>Indikationen<\/h5>\n<ul>\n<li>Pr\u00e4operativ<\/li>\n<li>postoperativ<\/li>\n<li>posttraumatisch<\/li>\n<li>z. B. bei Distorsion<\/li>\n<li>Luxation<\/li>\n<li>subcapitale Humerusfraktur<\/li>\n<li>Scapulafraktur<\/li>\n<li>Rotatorenmanschettenverletzung<\/li>\n<\/ul>\n","protected":false},"excerpt":{"rendered":"<p>Die Ruhigstellung ist ein Grundprinzip bei der Behandlung von Verletzungen und \u00dcberbelastungen, da der Gesundungsprozess wesentlich beschleunigt und Folgesch\u00e4den vorgebeugt wird. Schulter-Arm-Bandagen unterst\u00fctzen gesch\u00e4digte Gewebestrukturen (Gelenke, B\u00e4nder, Kapseln, Knorpel). Mit der BORT OmoBasic\u00ae geschlossene Form lassen sich Schultergelenk und Ellenbogen sehr bequem und sicher in Adduktionsstellung am K\u00f6rper lagern.<\/p>\n","protected":false},"featured_media":3753,"comment_status":"closed","ping_status":"closed","template":"","meta":[],"product_brand":[],"product_cat":[116,122],"product_tag":[],"class_list":{"0":"post-3752","1":"product","2":"type-product","3":"status-publish","4":"has-post-thumbnail","6":"product_cat-bort-medical","7":"product_cat-halsschulterellenbogen","9":"first","10":"instock","11":"taxable","12":"shipping-taxable","13":"product-type-simple"},"_links":{"self":[{"href":"https:\/\/www.allortho.de\/en\/wp-json\/wp\/v2\/product\/3752","targetHints":{"allow":["GET"]}}],"collection":[{"href":"https:\/\/www.allortho.de\/en\/wp-json\/wp\/v2\/product"}],"about":[{"href":"https:\/\/www.allortho.de\/en\/wp-json\/wp\/v2\/types\/product"}],"replies":[{"embeddable":true,"href":"https:\/\/www.allortho.de\/en\/wp-json\/wp\/v2\/comments?post=3752"}],"wp:featuredmedia":[{"embeddable":true,"href":"https:\/\/www.allortho.de\/en\/wp-json\/wp\/v2\/media\/3753"}],"wp:attachment":[{"href":"https:\/\/www.allortho.de\/en\/wp-json\/wp\/v2\/media?parent=3752"}],"wp:term":[{"taxonomy":"product_brand","embeddable":true,"href":"https:\/\/www.allortho.de\/en\/wp-json\/wp\/v2\/product_brand?post=3752"},{"taxonomy":"product_cat","embeddable":true,"href":"https:\/\/www.allortho.de\/en\/wp-json\/wp\/v2\/product_cat?post=3752"},{"taxonomy":"product_tag","embeddable":true,"href":"https:\/\/www.allortho.de\/en\/wp-json\/wp\/v2\/product_tag?post=3752"}],"curies":[{"name":"wp","href":"https:\/\/api.w.org\/{rel}","templated":true}]}}