{"id":3743,"date":"2017-03-11T02:17:02","date_gmt":"2017-03-11T01:17:02","guid":{"rendered":"https:\/\/www.allortho.de\/?post_type=product&#038;p=3743"},"modified":"2021-05-27T21:41:34","modified_gmt":"2021-05-27T19:41:34","slug":"bort-cervicalstuetze-2","status":"publish","type":"product","link":"https:\/\/www.allortho.de\/en\/produkt\/bort-cervicalstuetze-2\/","title":{"rendered":"BORT Cervicalst\u00fctze"},"content":{"rendered":"<p>&#8211; Anatomische Cervicalst\u00fctze zur Stabilisierung der HWS<br \/>\n&#8211; Weicher, offenporigerSchaumstoff<br \/>\n&#8211; Kehlkopfaussparung<br \/>\n&#8211; Klettverschluss, verstellbar<br \/>\n&#8211; Auch f\u00fcr Kinder<\/p>\n<p>FARBE: haut, wei\u00df (Art. 127 260), blau\/schwarz (Art. 127 660)<\/p>\n<p>DAS MED-PLUS<br \/>\n&#8211; Zum Tragen bei Tag und Nacht<br \/>\n&#8211; Extra abgerundete Kanten<br \/>\n&#8211; Hautfreundlicher Bezug aus 100 % Baumwolle<\/p>\n<h5>Indikationen<\/h5>\n<ul>\n<li>Schmerzzust\u00e4nde im HWS-Bereich<\/li>\n<li>leichtes Schleudertrauma<\/li>\n<li>Distorsion<\/li>\n<li>Cervicalsyndrom<\/li>\n<li>postoperativ<\/li>\n<\/ul>\n","protected":false},"excerpt":{"rendered":"<p>Verletzungen im Halswirbelbereich betreffen komplexe Strukturen aus B\u00e4ndern, Muskeln, Sehnen, Nerven und Gef\u00e4\u00dfen. Die Ruhigstellung unterst\u00fctzt die Regeneration dieser Gewebestrukturen und hilft gleichzeitig Fehlbewegungen weitgehend zu vermeiden.<\/p>\n","protected":false},"featured_media":3744,"comment_status":"closed","ping_status":"closed","template":"","meta":[],"product_brand":[],"product_cat":[116,123],"product_tag":[],"class_list":{"0":"post-3743","1":"product","2":"type-product","3":"status-publish","4":"has-post-thumbnail","6":"product_cat-bort-medical","7":"product_cat-hals","9":"first","10":"instock","11":"taxable","12":"shipping-taxable","13":"product-type-simple"},"_links":{"self":[{"href":"https:\/\/www.allortho.de\/en\/wp-json\/wp\/v2\/product\/3743","targetHints":{"allow":["GET"]}}],"collection":[{"href":"https:\/\/www.allortho.de\/en\/wp-json\/wp\/v2\/product"}],"about":[{"href":"https:\/\/www.allortho.de\/en\/wp-json\/wp\/v2\/types\/product"}],"replies":[{"embeddable":true,"href":"https:\/\/www.allortho.de\/en\/wp-json\/wp\/v2\/comments?post=3743"}],"wp:featuredmedia":[{"embeddable":true,"href":"https:\/\/www.allortho.de\/en\/wp-json\/wp\/v2\/media\/3744"}],"wp:attachment":[{"href":"https:\/\/www.allortho.de\/en\/wp-json\/wp\/v2\/media?parent=3743"}],"wp:term":[{"taxonomy":"product_brand","embeddable":true,"href":"https:\/\/www.allortho.de\/en\/wp-json\/wp\/v2\/product_brand?post=3743"},{"taxonomy":"product_cat","embeddable":true,"href":"https:\/\/www.allortho.de\/en\/wp-json\/wp\/v2\/product_cat?post=3743"},{"taxonomy":"product_tag","embeddable":true,"href":"https:\/\/www.allortho.de\/en\/wp-json\/wp\/v2\/product_tag?post=3743"}],"curies":[{"name":"wp","href":"https:\/\/api.w.org\/{rel}","templated":true}]}}