{"id":3728,"date":"2017-03-10T23:49:37","date_gmt":"2017-03-10T22:49:37","guid":{"rendered":"https:\/\/www.allortho.de\/?post_type=product&#038;p=3728"},"modified":"2018-02-19T22:07:48","modified_gmt":"2018-02-19T21:07:48","slug":"bort-omobasic-nach-gilchrist","status":"publish","type":"product","link":"https:\/\/www.allortho.de\/en\/produkt\/bort-omobasic-nach-gilchrist\/","title":{"rendered":"BORT OmoBasic\u00ae nach Gilchrist"},"content":{"rendered":"<p>&#8211; Offene Schulter-Arm-Adduktionsorthese zur Ruhigstellung des Schultergelenks<br \/>\n&#8211; Sicherer Sitz und Fixierung des Arms in Adduktionsstellung durch stabilisierende Gurtf\u00fchrung<br \/>\n&#8211; Weiches, zugstabiles Gurtmaterial<br \/>\n&#8211; Auch f\u00fcr Kinder<\/p>\n<p>FARBEN: blau, wei\u00df<\/p>\n<p>DAS BASIC-PLUS<br \/>\n&#8211; Flexible Einstellung an Hand und Oberarm<br \/>\n&#8211; Gute Erreichbarkeit des OP-Gebietes zur Wundversorgung<br \/>\n&#8211; Hautfreundlich<\/p>\n<h4>Indikationen<\/h4>\n<ul>\n<li>Pr\u00e4operativ<\/li>\n<li>postoperativ<\/li>\n<li>posttraumatisch<\/li>\n<li>z. B. bei Distorsion<\/li>\n<li>Luxation<\/li>\n<li>subcapitale Humerusfraktur<\/li>\n<li>Scapulafraktur<\/li>\n<li>Rotatorenmanschettenverletzung<\/li>\n<\/ul>\n","protected":false},"excerpt":{"rendered":"<p>Die Ruhigstellung ist ein Grundprinzip bei der Behandlung von Verletzungen und \u00dcberbelastungen, da der Gesundungsprozess wesentlich beschleunigt und Folgesch\u00e4den vorgebeugt wird. Schulter-Arm-Bandagen unterst\u00fctzen gesch\u00e4digte Gewebestrukturen (Gelenke, B\u00e4nder, Kapseln, Knorpel). Mit der BORT OmoBasic\u00ae Schulterbandage nach Gilchrist lassen sich Schultergelenk und Ellenbogen sehr bequem und sicher in Adduktionsstellung am K\u00f6rper lagern, eine problemlose Wundinspektion wird somit erm\u00f6glicht.<\/p>\n","protected":false},"featured_media":3730,"comment_status":"closed","ping_status":"closed","template":"","meta":[],"product_brand":[],"product_cat":[116,122],"product_tag":[],"class_list":{"0":"post-3728","1":"product","2":"type-product","3":"status-publish","4":"has-post-thumbnail","6":"product_cat-bort-medical","7":"product_cat-halsschulterellenbogen","9":"first","10":"instock","11":"taxable","12":"shipping-taxable","13":"product-type-simple"},"_links":{"self":[{"href":"https:\/\/www.allortho.de\/en\/wp-json\/wp\/v2\/product\/3728","targetHints":{"allow":["GET"]}}],"collection":[{"href":"https:\/\/www.allortho.de\/en\/wp-json\/wp\/v2\/product"}],"about":[{"href":"https:\/\/www.allortho.de\/en\/wp-json\/wp\/v2\/types\/product"}],"replies":[{"embeddable":true,"href":"https:\/\/www.allortho.de\/en\/wp-json\/wp\/v2\/comments?post=3728"}],"wp:featuredmedia":[{"embeddable":true,"href":"https:\/\/www.allortho.de\/en\/wp-json\/wp\/v2\/media\/3730"}],"wp:attachment":[{"href":"https:\/\/www.allortho.de\/en\/wp-json\/wp\/v2\/media?parent=3728"}],"wp:term":[{"taxonomy":"product_brand","embeddable":true,"href":"https:\/\/www.allortho.de\/en\/wp-json\/wp\/v2\/product_brand?post=3728"},{"taxonomy":"product_cat","embeddable":true,"href":"https:\/\/www.allortho.de\/en\/wp-json\/wp\/v2\/product_cat?post=3728"},{"taxonomy":"product_tag","embeddable":true,"href":"https:\/\/www.allortho.de\/en\/wp-json\/wp\/v2\/product_tag?post=3728"}],"curies":[{"name":"wp","href":"https:\/\/api.w.org\/{rel}","templated":true}]}}