{"id":3530,"date":"2016-08-05T21:59:05","date_gmt":"2016-08-05T19:59:05","guid":{"rendered":"https:\/\/www.allortho.de\/?post_type=product&#038;p=3530"},"modified":"2019-03-18T23:30:50","modified_gmt":"2019-03-18T22:30:50","slug":"medi-lumbamed-plus-lws-stabilisierungsorthese-pelotte","status":"publish","type":"product","link":"https:\/\/www.allortho.de\/en\/produkt\/medi-lumbamed-plus-lws-stabilisierungsorthese-pelotte\/","title":{"rendered":"medi Lumbamed\u00ae plus LWS-Stabilisierungsorthese mit Pelotte"},"content":{"rendered":"<p><strong>Produktvorteile<\/strong><\/p>\n<p>Stabilisierung des LWS-Bereichs und lumbosakralen \u00dcbergangs durch integrierte Massagepelotte<\/p>\n<p>Entlordosierung der Lendenwirbels\u00e4ule durch propriozeptive Kompression im Bauchbereich<\/p>\n<p><strong>Wirkungsweise<\/strong><\/p>\n<p>Lumbamed plus stabilisiert und entlastet die Lendenwirbels\u00e4ule. Das kompressive Gestrick und die einklettbare Pelotte f\u00f6rdern zudem die Durchblutung und haben einen schmerzlindernden Massageeffekt, ohne dabei die Muskelkraft zu beeintr\u00e4chtigen. Die gr\u00f6\u00dfte Wirkung erzielen Bandagen w\u00e4hrend der k\u00f6rperlichen Aktivit\u00e4t.<\/p>\n<p><strong>Anziehanleitung<\/strong><\/p>\n<p>Textilen \u00dcberzug \u00fcber die Massagepelotte ziehen und die Pelotte mittig bzw. nach Anweisung des Arztes oder des Fachpersonals auf der mittleren, grauen Klettflache zwischen den beiden Staben fixieren. Die Pelotte sollte so befestigt sein, dass beim Tragen das untere Ende am Beginn der Pofalte liegt.<br \/>\nDas Etikett auf der rechten Verschlussinnenseite gibt Ihnen den Hinweis, wie die Orthese anzulegen ist.<br \/>\nSchlupfen Sie zuerst in die Handschlaufe in der linken inneren Verschlussseite. F\u00fchren Sie die Bandage um den K\u00f6rper und kontrollieren Sie bitte noch einmal anhand des Etiketts, ob sie die Bandage richtig halten. Schlupfen Sie nun in die \u00e4u\u00dfere Handschlaufe der rechten Seite.<br \/>\nZiehen Sie die beiden Verschlussseiten \u00fcbereinander und kletten Sie sie m\u00f6glichst mittig fest. Die Bandage sitzt richtig, wenn die Unterkante des Verschlusses kurz \u00fcber dem Schambein liegt.<br \/>\nUm die Bandage wieder zu \u00f6ffnen, hilft Ihnen die kleine Fingerlasche am Rand der rechten Verschlussseite. Die beste Atmungsaktivit\u00e4t des Clima Comfort Gestrickes erzielen Sie, wenn Sie die Bandage direkt auf der Haut tragen.<br \/>\nTrage- \/Anwendungshinweise<\/p>\n<p>Grunds\u00e4tzlich kann die Bandage ganztags getragen werden. Die spezielle Schnittform im Bereich der Leistenbeuge (Comfort Zone) tr\u00e4gt dabei ma\u00dfgeblich zum korrekten und komfortablen Sitz der Bandage bei. Die Tragedauer sollte sich aber nach dem eigenen Bed\u00fcrfnis und K\u00f6rpergef\u00fchl richten. Bei l\u00e4ngeren Ruhepausen (z.B. langes Sitzen\/Autofahrten, Schlafen) sollte die Bandage abgelegt werden.<br \/>\nSollten \u00fcberm\u00e4\u00dfige Schmerzen oder ein unangenehmes Gef\u00fchl w\u00e4hrend des Tragens auftreten, so legen Sie das Produkt bitte umgehend ab und kontaktieren Ihren Arzt oder versorgendes Fachgesch\u00e4ft.<\/p>\n<p><strong>Details<\/strong><\/p>\n<p>Materialzusammensetzung<\/p>\n<p>Bandage: Polyamid, Polyester, Elasthan, Viskose<br \/>\nPelotte: Polyurethan, Polyethylen<\/p>\n<p><strong>Waschanleitung<\/strong><\/p>\n<p>Die Pelotte sollte nicht mitgewaschen werden. Den Klettverschluss bitte vor dem Waschen schlie\u00dfen. Fette, \u00d6le,<br \/>\nLotionen und Salben k\u00f6nnen das Material angreifen und den Clima Comfort Effekt beeintr\u00e4chtigen. Seifenr\u00fcckstande k\u00f6nnen Hautirritationen und Materialverschlei\u00df hervorrufen. Waschen Sie das Produkt, vorzugsweise mit medi clean Waschmittel, von Hand, oder im Schonwaschgang bei 30\u00b0C mit Feinwaschmittel ohne Weichsp\u00fcler.<\/p>\n<p>Nicht bleichen.<br \/>\nLufttrocknen.<br \/>\nNicht b\u00fcgeln.<br \/>\nNicht chemisch reinigen<\/p>\n<p><strong>Gr\u00f6\u00dfen<\/strong><\/p>\n<p>I<br \/>\nII<br \/>\nIII<br \/>\nIV<br \/>\nV<\/p>\n<p><strong>Varianten<\/strong><\/p>\n<p>Damen<br \/>\nHerren<\/p>\n<p><strong>Medizische Fachinformationen<\/strong><\/p>\n<p>Indikationen<\/p>\n<p>Lumbalgie, Ligamentosen<br \/>\nReizzust\u00e4nde (ISG, kleine Wirbelgelenke)<br \/>\nStatomotorisch-muskul\u00e4re Dysbalancen im Lendenbereich<br \/>\nLeichte Gef\u00fcgelockerungen (z.B. bei Osteochondrose, Spondylose, Spondylarthrose)<br \/>\nPostdiskotomiesyndrom<br \/>\nKontra-Indikationen<\/p>\n<p>Erkrankungen oder Verletzungen der Haut im Anwendungsbereich, vor allem bei entz\u00fcndlichen Anzeichen (\u00fcberm\u00e4\u00dfige Erw\u00e4rmung, Schwellung oder R\u00f6tung)<\/p>\n","protected":false},"excerpt":{"rendered":"<p><strong>R\u00fcckenorthese mit Massagepelotte<\/strong><\/p>\n<p>Bei Schmerzen im Lumbalbereich (Lendenwirbel) oder Iliosakralbereich (Kreuzbein-Darmbein-Gelenk) dient die Lumbamed plus der Stabilisierung. Das Besondere an der Lumbamed plus ist die Vario-Flex-Pelotte, die sich dank ihrer leichten und flexiblen Konstruktion besonders angenehm tragen l\u00e4sst. Die variierende Struktur ihrer Noppen ist optimal auf die Muskel- und Sehnenstruktur im Bereich der Lendenwirbel abgestimmt. Eine spezielle Strick- und Verschlussform im H\u00fcft-Beugebereich sorgt f\u00fcr einen komfortablen und vor allem korrekten Sitz, gerade dann wenn man l\u00e4nger sitzt. Dies gew\u00e4hrleistet die bestm\u00f6gliche therapeutische Wirkung beim Tragen. Den Tragekomfort unterst\u00fctzt ein hautsympathisches Frotteematerial auf der Verschlussinnenseite.<\/p>\n","protected":false},"featured_media":3609,"comment_status":"closed","ping_status":"closed","template":"","meta":[],"product_brand":[],"product_cat":[96,141,210,130],"product_tag":[],"class_list":{"0":"post-3530","1":"product","2":"type-product","3":"status-publish","4":"has-post-thumbnail","6":"product_cat-medi","7":"product_cat-orthesen","8":"product_cat-orthesen-2","9":"product_cat-rueckenorthesen","11":"first","12":"instock","13":"taxable","14":"shipping-taxable","15":"product-type-simple"},"_links":{"self":[{"href":"https:\/\/www.allortho.de\/en\/wp-json\/wp\/v2\/product\/3530","targetHints":{"allow":["GET"]}}],"collection":[{"href":"https:\/\/www.allortho.de\/en\/wp-json\/wp\/v2\/product"}],"about":[{"href":"https:\/\/www.allortho.de\/en\/wp-json\/wp\/v2\/types\/product"}],"replies":[{"embeddable":true,"href":"https:\/\/www.allortho.de\/en\/wp-json\/wp\/v2\/comments?post=3530"}],"wp:featuredmedia":[{"embeddable":true,"href":"https:\/\/www.allortho.de\/en\/wp-json\/wp\/v2\/media\/3609"}],"wp:attachment":[{"href":"https:\/\/www.allortho.de\/en\/wp-json\/wp\/v2\/media?parent=3530"}],"wp:term":[{"taxonomy":"product_brand","embeddable":true,"href":"https:\/\/www.allortho.de\/en\/wp-json\/wp\/v2\/product_brand?post=3530"},{"taxonomy":"product_cat","embeddable":true,"href":"https:\/\/www.allortho.de\/en\/wp-json\/wp\/v2\/product_cat?post=3530"},{"taxonomy":"product_tag","embeddable":true,"href":"https:\/\/www.allortho.de\/en\/wp-json\/wp\/v2\/product_tag?post=3530"}],"curies":[{"name":"wp","href":"https:\/\/api.w.org\/{rel}","templated":true}]}}