{"id":3470,"date":"2016-08-04T22:16:22","date_gmt":"2016-08-04T20:16:22","guid":{"rendered":"https:\/\/www.allortho.de\/?post_type=product&#038;p=3470"},"modified":"2018-02-19T22:07:49","modified_gmt":"2018-02-19T21:07:49","slug":"darco-body-armor-night-splint-dorsale-nachtschiene","status":"publish","type":"product","link":"https:\/\/www.allortho.de\/en\/produkt\/darco-body-armor-night-splint-dorsale-nachtschiene\/","title":{"rendered":"DARCO Body Armor\u00ae Night Splint &#8211; Dorsale Nachtschiene"},"content":{"rendered":"<p><strong>Nachtschiene bei Fersensporn (Fasciitis Plantaris), Verk\u00fcrzung der plantaren Faszie, Spitzfu\u00dfstellung, Achillessehnenentz\u00fcndung, etc.<\/strong><\/p>\n<p class=\"hilfsnr\">Hilfsmittelnummer 23.03.01.0009<\/p>\n<p class=\"space-p\"><b>Verk\u00fcrzung der plantaren Faszie<\/b><\/p>\n<p class=\"space-p\"><b>Fersensporn (Fasciitis Plantaris)<\/b><\/p>\n<p class=\"space-p\"><b>Achillessehnen-Entz\u00fcndungen und -schw\u00e4chen<\/b><\/p>\n<p class=\"space-p\"><b>Metatarsalgie<\/b><\/p>\n<p class=\"space-p\"><b>Spitzfu\u00dfstellungen und Fu\u00dfgelenkskontrakturen<\/b><\/p>\n<p>2 Gr\u00f6\u00dfen: Small, Standard<\/p>\n<p class=\"space-p\">Farbe: Wei\u00df-Blau<\/p>\n<p class=\"space-p\">Zehenplatte (optional)<\/p>\n<hr \/>\n<p class=\"space-p\">ndikationen:<br \/>\n\u203a \u00a0\u00a0\u00a0 \u00a0Verk\u00fcrzung der plantaren Faszie<br \/>\n\u203a \u00a0\u00a0\u00a0 \u00a0Fersensporn (Fasciitis Plantaris)<br \/>\n\u203a \u00a0\u00a0\u00a0 \u00a0Achillessehnen-Entz\u00fcndungen und -Schw\u00e4chen<br \/>\n\u203a \u00a0\u00a0\u00a0 \u00a0Metatarsalgie<br \/>\n\u203a \u00a0\u00a0\u00a0 \u00a0Spitzfu\u00dfstellungen und Fu\u00dfgelenkskontrakturen<\/p>\n<p>Wirkungsweise:<br \/>\n\u203a \u00a0\u00a0\u00a0 \u00a0Verhinderung einer Spitzfu\u00dfstellung des Fu\u00dfes und somit auch eine Verk\u00fcrzung der Achillessehne durch Fu\u00dfstellung in 90\u00b0 zum Unterschenkel<br \/>\n\u203a \u00a0\u00a0\u00a0 \u00a0Dehnung der plantaren Faszie (mit Hilfe des Windlass-Mechanismus)<\/p>\n<p>Eigenschaften:<br \/>\n\u203a \u00a0\u00a0\u00a0 \u00a0verstellbare Klettb\u00e4nder<br \/>\n\u203a \u00a0\u00a0\u00a0 \u00a0schnelles und einfaches Anlegen<br \/>\n\u203a \u00a0\u00a0\u00a0 \u00a0bequeme Passform<br \/>\n\u203a \u00a0\u00a0\u00a0 \u00a0rechts und links tragbar<\/p>\n<hr \/>\n<p class=\"space-p\"><b><u>Sehen Sie das neue Produktvideo:<br \/>\n<\/u><\/b><a href=\"http:\/\/www.darco.de\/lagerungshilfen-schienen-body-armor-nightsplint.html\" target=\"_blank\" rel=\"noopener\"><u>http:\/\/www.darco.de\/lagerungshilfen-schienen-body-armor-nightsplint.html<\/u><\/a><\/p>\n<p class=\"space-p\"><b><u>Weitere Informationen:<\/u><\/b><br \/>\n<a class=\"showcase-link\" href=\"http:\/\/www.darco.de\/download\/darco_de_bads_patienteninfo.pdf\" target=\"_blank\" download=\"\" rel=\"noopener\">Download: Patienteninformation Body Armor<sup>\u00ae<\/sup> Night Splint Dorsale Nachtschiene (PDF)<\/a><br \/>\n<a class=\"showcase-link\" href=\"http:\/\/www.darco.de\/download\/gebrauchsanweisungen\/darco_instructions_ba_nightsplint.pdf\" target=\"_blank\" download=\"\" rel=\"noopener\">Download: Gebrauchsanweisung Body Armor<sup>\u00ae<\/sup> Night Splint Dorsale Nachtschiene + Toe-Plate (PDF)<\/a><br \/>\n<a class=\"showcase-link\" href=\"http:\/\/www.darco.de\/download\/darco_de_ba_night_splint_dorsal.pdf\" target=\"_blank\" download=\"\" rel=\"noopener\">Download: Flyer &#8220;Body Armor<sup>\u00ae<\/sup> Night Splint \u2212 die dorsale Nachtschiene von DARCO&#8221; (PDF)<\/a><\/p>\n<p class=\"space-p\">\u00a0 <\/p>\n<div class=\"brlbs-cmpnt-container brlbs-cmpnt-content-blocker brlbs-cmpnt-with-individual-styles\" data-borlabs-cookie-content-blocker-id=\"youtube-content-blocker\" data-borlabs-cookie-content=\"PGlmcmFtZSBzcmM9Ii8vd3d3LnlvdXR1YmUtbm9jb29raWUuY29tL2VtYmVkLzRPMkljNGh1cU1JIiB3aWR0aD0iNTYwIiBoZWlnaHQ9IjMxNSIgZnJhbWVib3JkZXI9IjAiIGFsbG93ZnVsbHNjcmVlbj0iYWxsb3dmdWxsc2NyZWVuIj48L2lmcmFtZT48c2NyaXB0IGRhdGEtYm9ybGFicy1jb29raWUtc2NyaXB0LWJsb2NrZXItaWdub3JlPgooZnVuY3Rpb24oKSB7CiAgICBjb25zdCBmdXNpb25WaWRlbyA9IGRvY3VtZW50LmN1cnJlbnRTY3JpcHQuY2xvc2VzdCgnLmZ1c2lvbi12aWRlbycpOwogICAgaWYgKCFmdXNpb25WaWRlbyB8fCB0eXBlb2YgalF1ZXJ5ID09PSAndW5kZWZpbmVkJykgewogICAgICAgIHJldHVybjsKICAgIH0KICAgICFqUXVlcnkoZnVzaW9uVmlkZW8pLnBhcmVudHMoIi5mdXNpb24tbW9kYWwiKS5sZW5ndGggJiYgMSA9PSBqUXVlcnkoZnVzaW9uVmlkZW8pLmRhdGEoImF1dG9wbGF5IikgJiYgalF1ZXJ5KGZ1c2lvblZpZGVvKS5pcygiOnZpc2libGUiKSAmJiBqUXVlcnkoZnVzaW9uVmlkZW8pLmZpbmQoImlmcmFtZSIpLmVhY2goKGZ1bmN0aW9uICgpIHsKICAgICAgalF1ZXJ5KHRoaXMpLmhhc0NsYXNzKCJsYXp5bG9hZCIpID8galF1ZXJ5KHRoaXMpLm9uKCJsYXp5bG9hZGVkIiwgKGZ1bmN0aW9uICgpIHsKICAgICAgICB0aGlzLmNvbnRlbnRXaW5kb3cubG9jYXRpb24ucmVwbGFjZShqUXVlcnkodGhpcykuYXR0cigiZGF0YS1vcmlnLXNyYyIpLnJlcGxhY2UoImF1dG9wbGF5PTAiLCAiYXV0b3BsYXk9MSIpKQogICAgICB9KSkgOiBqUXVlcnkodGhpcykuYXR0cigic3JjIiwgalF1ZXJ5KHRoaXMpLmF0dHIoInNyYyIpLnJlcGxhY2UoImF1dG9wbGF5PTAiLCAiYXV0b3BsYXk9MSIpKQogICAgfSkpCn0pKCk7Cjwvc2NyaXB0Pg==\">\n<div class=\"brlbs-cmpnt-cb-preset-c brlbs-cmpnt-cb-youtube\">\n<div class=\"brlbs-cmpnt-cb-thumbnail\" style=\"background-image: url('https:\/\/www.allortho.de\/wp-content\/uploads\/borlabs-cookie\/1\/yt_4O2Ic4huqMI_hqdefault.jpg')\"><\/div>\n<div class=\"brlbs-cmpnt-cb-main\">\n<div class=\"brlbs-cmpnt-cb-play-button\"><\/div>\n<div class=\"brlbs-cmpnt-cb-content\">\n<p class=\"brlbs-cmpnt-cb-description\">You are currently viewing a placeholder content from <strong>YouTube<\/strong>. To access the actual content, click the button below. Please note that doing so will share data with third-party providers.<\/p>\n<p> <a class=\"brlbs-cmpnt-cb-provider-toggle\" href=\"#\" data-borlabs-cookie-show-provider-information role=\"button\">More Information<\/a> <\/div>\n<div class=\"brlbs-cmpnt-cb-buttons\"> <a class=\"brlbs-cmpnt-cb-btn\" href=\"#\" data-borlabs-cookie-unblock role=\"button\">Unblock content<\/a> <a class=\"brlbs-cmpnt-cb-btn\" href=\"#\" data-borlabs-cookie-accept-service role=\"button\" style=\"display: inherit\">Accept required service and unblock content<\/a> <\/div>\n<\/p><\/div>\n<\/p><\/div>\n<\/div>\n","protected":false},"excerpt":{"rendered":"<p>Die dorsale Nachtschiene h\u00e4lt den Fu\u00df in 90\u00b0 zum Unterschenkel, wodurch eine Spitzfu\u00dfstellung des Fu\u00dfes und somit auch eine Verk\u00fcrzung der Achillessehne verhindert werden. Die Gro\u00dfzehenschlaufe der Schiene hebt den Hallux an (dorsalisiert) wodurch eine Dehnung der plantaren Faszie erreicht wird. Die Kombination aus dem Dehnen der Faszie und die Stellung der Nachtschiene erm\u00f6glichen ein Entgegenwirken zahlreicher Indikationen, u.a. <strong>Fersensporn (Fasciitis Plantaris)<\/strong>.<\/p>\n<p class=\"space-p\">Die verstellbaren Klettb\u00e4nder erm\u00f6glichen ein schnelles und einfaches Anlegen und gew\u00e4hrleisten eine bequeme Passform der Nachtschiene.<\/p>\n","protected":false},"featured_media":3493,"comment_status":"closed","ping_status":"closed","template":"","meta":[],"product_brand":[],"product_cat":[98],"product_tag":[],"class_list":{"0":"post-3470","1":"product","2":"type-product","3":"status-publish","4":"has-post-thumbnail","6":"product_cat-darco","8":"first","9":"instock","10":"taxable","11":"shipping-taxable","12":"product-type-simple"},"_links":{"self":[{"href":"https:\/\/www.allortho.de\/en\/wp-json\/wp\/v2\/product\/3470","targetHints":{"allow":["GET"]}}],"collection":[{"href":"https:\/\/www.allortho.de\/en\/wp-json\/wp\/v2\/product"}],"about":[{"href":"https:\/\/www.allortho.de\/en\/wp-json\/wp\/v2\/types\/product"}],"replies":[{"embeddable":true,"href":"https:\/\/www.allortho.de\/en\/wp-json\/wp\/v2\/comments?post=3470"}],"wp:featuredmedia":[{"embeddable":true,"href":"https:\/\/www.allortho.de\/en\/wp-json\/wp\/v2\/media\/3493"}],"wp:attachment":[{"href":"https:\/\/www.allortho.de\/en\/wp-json\/wp\/v2\/media?parent=3470"}],"wp:term":[{"taxonomy":"product_brand","embeddable":true,"href":"https:\/\/www.allortho.de\/en\/wp-json\/wp\/v2\/product_brand?post=3470"},{"taxonomy":"product_cat","embeddable":true,"href":"https:\/\/www.allortho.de\/en\/wp-json\/wp\/v2\/product_cat?post=3470"},{"taxonomy":"product_tag","embeddable":true,"href":"https:\/\/www.allortho.de\/en\/wp-json\/wp\/v2\/product_tag?post=3470"}],"curies":[{"name":"wp","href":"https:\/\/api.w.org\/{rel}","templated":true}]}}