{"id":3469,"date":"2016-08-04T22:03:53","date_gmt":"2016-08-04T20:03:53","guid":{"rendered":"https:\/\/www.allortho.de\/?post_type=product&#038;p=3469"},"modified":"2018-02-19T22:07:49","modified_gmt":"2018-02-19T21:07:49","slug":"darco-posterior-splint-lagerungsschiene","status":"publish","type":"product","link":"https:\/\/www.allortho.de\/en\/produkt\/darco-posterior-splint-lagerungsschiene\/","title":{"rendered":"DARCO Posterior Splint Lagerungsschiene"},"content":{"rendered":"<p>Indikationen:<\/p>\n<p>Allgemein anwendbar bei konservativer und postoperativer Therapie von Unterschenkel-, Sprunggelenks- und Fu\u00dfverletzungen:<br \/>\n\u203a \u00a0\u00a0\u00a0 \u00a0postoperative Lagerung<br \/>\n\u203a \u00a0\u00a0\u00a0 \u00a0posttraumatische Stabilisierung \/ Ruhigstellung<br \/>\n\u203a \u00a0\u00a0\u00a0 \u00a0Immobilisierung nach Unfall<br \/>\n\u203a \u00a0\u00a0\u00a0 \u00a0kurzfristige Stabilisierung (Bandrupturen, Luxationen, Frakturen, Wunden,<br \/>\nZerrungen, Verstauchungen etc.)<br \/>\n\u203a \u00a0\u00a0\u00a0 \u00a0Achillessehnenriss<br \/>\n\u203a \u00a0\u00a0\u00a0 \u00a0pr\u00e4operative Lagerung<\/p>\n<p>Wirkungsweise:<br \/>\n\u203a \u00a0\u00a0\u00a0 \u00a0individuelle Lagerung des Patienten durch zwei unterschiedliche Winkelneigungen<br \/>\n\u203a \u00a0\u00a0\u00a0 \u00a0eingearbeitete Klettstreifen erm\u00f6glichen ein einfaches Wickeln mit herk\u00f6mmlichen Mullbinden<\/p>\n<p>Eigenschaften:<br \/>\n\u203a \u00a0\u00a0\u00a0 \u00a0110\u00b0 Modell f\u00fcr Achillessehnenpathologien in 20\u00b0 Spitzfu\u00dfstellung erh\u00e4ltlich<br \/>\n\u203a \u00a0\u00a0\u00a0 \u00a0weiche Innenpolsterung (PE-Schaumstoff)<br \/>\n\u203a \u00a0\u00a0\u00a0 \u00a0anatomisch optimierte Passform<br \/>\n\u203a \u00a0\u00a0\u00a0 \u00a0formstabil, geringes Eigengewicht<br \/>\n\u203a \u00a0\u00a0\u00a0 \u00a0rechts und links tragbar<\/p>\n<p>&nbsp;<\/p>\n<p class=\"space-p\"><b><u>3 Gr\u00f6\u00dfen in 2 Winkelstellungen:<\/u><\/b><\/p>\n<p class=\"space-p\">S 90\u00b0 (265 mm Fu\u00dfl\u00e4nge der Schiene \/ 340 mm Wadenteil der Schiene)<\/p>\n<p class=\"space-p\">M 90\u00b0 (295 mm Fu\u00dfl\u00e4nge der Schiene \/ 370 mm Wadenteil der Schiene)<\/p>\n<p class=\"space-p\">L 90\u00b0 (325 mm Fu\u00dfl\u00e4nge der Schiene \/ 400 mm Wadenteil der Schiene)<\/p>\n<p class=\"space-p\">S 110\u00b0 (265 mm Fu\u00dfl\u00e4nge der Schiene \/ 340 mm Wadenteil der Schiene)<\/p>\n<p class=\"space-p\">M 110\u00b0 (295 mm Fu\u00dfl\u00e4nge der Schiene \/ 370 mm Wadenteil der Schiene)<\/p>\n<p class=\"space-p\">L 110\u00b0 (325 mm Fu\u00dfl\u00e4nge der Schiene \/ 400 mm Wadenteil der Schiene)<\/p>\n<p class=\"space-p\">Im postoperativen Einsatz direkt im OP-Saal entf\u00e4llt l\u00e4stiges Gipsen oder das Erw\u00e4rmen und Anmodellieren einer Schiene. Dadurch verk\u00fcrzt sich die kostenintensive OP-Zeit deutlich!<\/p>\n<p class=\"space-p\">Der DARCO Posterior Splint wird nach dem Verbinden der OP-Wunde von posterior angelegt und durch eine herk\u00f6mmliche Mullbinde oder eine koh\u00e4sive Binde fixiert. Es empfiehlt sich, die Binde am Fu\u00dfr\u00fccken beginnend, von distal nach proximal zu wickeln.<\/p>\n<p class=\"space-p\">Eine unkomplizierte Verpackungsweise und dadurch platzsparende Lagerhaltung vervollst\u00e4ndigt die Vorteile dieses innovativen Produktes mit einem breiten orthop\u00e4dischen und unfallchirurgischen Einsatzspektrum f\u00fcr Klinik und Praxis.<\/p>\n<p class=\"space-p\">Die DARCO Posterior Splint Lagerungsschiene wurde von deutschen Fu\u00df- und Sprunggelenkschirurgen und Orthop\u00e4dietechnikermeistern entwickelt und auf die individuellen Bed\u00fcrfnisse von Patienten und Versorgern angepasst.<\/p>\n<p class=\"space-p\">Bitte beachten Sie bei der Anwendung des DARCO Posterior Splints, dass dieser bei Patienten mit einer auff\u00e4lligen Wadenmuskelverk\u00fcrzung oder einer ausgepr\u00e4gten Haglund- \/ posterolateralen Exostose evtl. zu Missempfindungen oder Druckstellen f\u00fchren kann.<\/p>\n<p class=\"space-p\"><b><u>Weitere Informationen:<\/u><\/b><br \/>\n<a class=\"showcase-link\" href=\"http:\/\/www.darco.de\/download\/gebrauchsanweisungen\/darco_instructions_posterior_splint.pdf\" target=\"_blank\" download=\"\" rel=\"noopener\">Download: Gebrauchsanweisung DARCO Posterior Splint (PDF)<\/a><br \/>\n<a class=\"showcase-link\" href=\"http:\/\/www.darco.de\/download\/darco-de-posterior-splint.pdf\" target=\"_blank\" download=\"\" rel=\"noopener\">Download: Flyer &#8220;DARCO Posterior Splint \u2013 Die innovative Lagerungsschiene&#8230;&#8221; (PDF)<\/a><\/p>\n<p class=\"space-p\"><img decoding=\"async\" class=\"lazyload divider slim\" src=\"data:image\/gif;base64,R0lGODlhAQABAAAAACH5BAEKAAEALAAAAAABAAEAAAICTAEAOw==\" data-orig-src=\"http:\/\/www.darco.de\/images\/therapieschuhe-orthesen-bandagen-lagerungshilfen-einlagen-tapes.jpg\" alt=\"Therapieschuhe Orthesen Bandagen Lagerungshilfen Einlagen Tapes\" \/><\/p>\n","protected":false},"excerpt":{"rendered":"<p>Die innovative Lagerungsschiene f\u00fcr viele Versorgungsgebiete<\/p>\n<p>Zum Einsatz als post- und pr\u00e4operative Lagerungsschiene, zur Immobilisierung nach Unf\u00e4llen und posttraumatischen Ruhigstellung<br \/>\nDie 110\u00b0 Modelle sind f\u00fcr Achillessehnenpathologien in 20\u00b0 Spitzfu\u00dfstellung entwickelt.<br \/>\nFarbe: Wei\u00df mit blauem Innenpolster<\/p>\n","protected":false},"featured_media":3483,"comment_status":"closed","ping_status":"closed","template":"","meta":[],"product_brand":[],"product_cat":[98],"product_tag":[],"class_list":{"0":"post-3469","1":"product","2":"type-product","3":"status-publish","4":"has-post-thumbnail","6":"product_cat-darco","8":"first","9":"instock","10":"taxable","11":"shipping-taxable","12":"product-type-simple"},"_links":{"self":[{"href":"https:\/\/www.allortho.de\/en\/wp-json\/wp\/v2\/product\/3469","targetHints":{"allow":["GET"]}}],"collection":[{"href":"https:\/\/www.allortho.de\/en\/wp-json\/wp\/v2\/product"}],"about":[{"href":"https:\/\/www.allortho.de\/en\/wp-json\/wp\/v2\/types\/product"}],"replies":[{"embeddable":true,"href":"https:\/\/www.allortho.de\/en\/wp-json\/wp\/v2\/comments?post=3469"}],"wp:featuredmedia":[{"embeddable":true,"href":"https:\/\/www.allortho.de\/en\/wp-json\/wp\/v2\/media\/3483"}],"wp:attachment":[{"href":"https:\/\/www.allortho.de\/en\/wp-json\/wp\/v2\/media?parent=3469"}],"wp:term":[{"taxonomy":"product_brand","embeddable":true,"href":"https:\/\/www.allortho.de\/en\/wp-json\/wp\/v2\/product_brand?post=3469"},{"taxonomy":"product_cat","embeddable":true,"href":"https:\/\/www.allortho.de\/en\/wp-json\/wp\/v2\/product_cat?post=3469"},{"taxonomy":"product_tag","embeddable":true,"href":"https:\/\/www.allortho.de\/en\/wp-json\/wp\/v2\/product_tag?post=3469"}],"curies":[{"name":"wp","href":"https:\/\/api.w.org\/{rel}","templated":true}]}}