{"id":3467,"date":"2016-08-04T21:58:58","date_gmt":"2016-08-04T19:58:58","guid":{"rendered":"https:\/\/www.allortho.de\/?post_type=product&#038;p=3467"},"modified":"2021-05-27T21:47:24","modified_gmt":"2021-05-27T19:47:24","slug":"darco-mecron-shoulder-universal-schulterbandage","status":"publish","type":"product","link":"https:\/\/www.allortho.de\/en\/produkt\/darco-mecron-shoulder-universal-schulterbandage\/","title":{"rendered":"DARCO MECRON Shoulder Universal &#8211; Schulterbandage"},"content":{"rendered":"<p><strong>Stabilisierung und Ruhigstellung von Schulter und Oberarm<\/strong><\/p>\n<p>Hilfsmittelnummer 23.09.01.0XXX<\/p>\n<p>Bei Schulterluxation, Frakturen der Scapula und Gelenkpfanne, Verletzungen des Oberarmkopfes und prox. Humerus, etc.<\/p>\n<p>Zur posttraumatischen \/<br \/>\npostoperativen Ruhigstellung<\/p>\n<p>Dreiteilig (Rumpfband, Handgelenk- und Oberarmmanschette)<\/p>\n<p>2 Gr\u00f6\u00dfen: Universal f\u00fcr Erwachsene,<br \/>\nUniversal f\u00fcr Kinder<\/p>\n<p>Farbe: Blau<br \/>\nIndikationen:<br \/>\n\u203a \u00a0\u00a0\u00a0 \u00a0Schulterluxation, Frakturen der Scapula und Gelenkpfanne<br \/>\n\u203a \u00a0\u00a0\u00a0 \u00a0Verletzung des Oberarmkopfes und prox. Humerus<br \/>\n\u203a \u00a0\u00a0\u00a0 \u00a0Weichteilverletzungen und Luxationen<br \/>\n\u203a \u00a0\u00a0\u00a0 \u00a0Omarthrose<br \/>\n\u203a \u00a0\u00a0\u00a0 \u00a0Posttraumatische \/ postoperative Ruhigstellung<\/p>\n<p>Wirkungsweise:<br \/>\n\u203a \u00a0\u00a0\u00a0 \u00a0Stabilisierung und Ruhigstellung von Schulter und Oberarm<\/p>\n<p>Eigenschaften:<br \/>\n\u203a \u00a0\u00a0\u00a0 \u00a0Dreiteilig (Rumpfband, Handgelenk- und Oberarmmanschette)<br \/>\n\u203a \u00a0\u00a0\u00a0 \u00a0Waschbar<br \/>\n\u203a \u00a0\u00a0\u00a0 \u00a0Version f\u00fcr Kinder erh\u00e4ltlich<br \/>\n\u203a \u00a0\u00a0\u00a0 \u00a0Rechts und links tragbar<\/p>\n<p>&nbsp;<\/p>\n","protected":false},"excerpt":{"rendered":"<p><a href=\"https:\/\/www.allortho.de\/wp-content\/uploads\/2016\/08\/mecron-by-darco-schienen-bandagen-90.jpg\"><img decoding=\"async\" class=\"alignnone size-full wp-image-3468\" src=\"https:\/\/www.allortho.de\/wp-content\/uploads\/2016\/08\/mecron-by-darco-schienen-bandagen-90.jpg\" alt=\"mecron-by-darco Logo\" width=\"181\" height=\"90\" \/><\/a><\/p>\n<p>MECRON steht f\u00fcr Schienen und Bandagen zur Erhaltung und Wiederherstellung des gesamten Bewegungsapparates. In der Produktgruppe finden sich:<\/p>\n<p>\u203a\u00a0 Knieschienen<br \/>\n\u203a\u00a0 Schulterbandagen<br \/>\n\u203a\u00a0 Ellenbogen- und Handgelenkschienen<br \/>\n\u203a\u00a0 Thorax- und Abdominalbandagen<br \/>\n\u203a\u00a0 H\u00fcftverb\u00e4nde<\/p>\n","protected":false},"featured_media":3480,"comment_status":"closed","ping_status":"closed","template":"","meta":[],"product_brand":[],"product_cat":[98],"product_tag":[],"class_list":{"0":"post-3467","1":"product","2":"type-product","3":"status-publish","4":"has-post-thumbnail","6":"product_cat-darco","8":"first","9":"instock","10":"taxable","11":"shipping-taxable","12":"product-type-simple"},"_links":{"self":[{"href":"https:\/\/www.allortho.de\/en\/wp-json\/wp\/v2\/product\/3467","targetHints":{"allow":["GET"]}}],"collection":[{"href":"https:\/\/www.allortho.de\/en\/wp-json\/wp\/v2\/product"}],"about":[{"href":"https:\/\/www.allortho.de\/en\/wp-json\/wp\/v2\/types\/product"}],"replies":[{"embeddable":true,"href":"https:\/\/www.allortho.de\/en\/wp-json\/wp\/v2\/comments?post=3467"}],"wp:featuredmedia":[{"embeddable":true,"href":"https:\/\/www.allortho.de\/en\/wp-json\/wp\/v2\/media\/3480"}],"wp:attachment":[{"href":"https:\/\/www.allortho.de\/en\/wp-json\/wp\/v2\/media?parent=3467"}],"wp:term":[{"taxonomy":"product_brand","embeddable":true,"href":"https:\/\/www.allortho.de\/en\/wp-json\/wp\/v2\/product_brand?post=3467"},{"taxonomy":"product_cat","embeddable":true,"href":"https:\/\/www.allortho.de\/en\/wp-json\/wp\/v2\/product_cat?post=3467"},{"taxonomy":"product_tag","embeddable":true,"href":"https:\/\/www.allortho.de\/en\/wp-json\/wp\/v2\/product_tag?post=3467"}],"curies":[{"name":"wp","href":"https:\/\/api.w.org\/{rel}","templated":true}]}}