{"id":3465,"date":"2016-08-04T21:49:24","date_gmt":"2016-08-04T19:49:24","guid":{"rendered":"https:\/\/www.allortho.de\/?post_type=product&#038;p=3465"},"modified":"2018-02-19T22:07:50","modified_gmt":"2018-02-19T21:07:50","slug":"darco-hallux-valgus-zehenschiene-toe-alignment-splint-tas","status":"publish","type":"product","link":"https:\/\/www.allortho.de\/en\/produkt\/darco-hallux-valgus-zehenschiene-toe-alignment-splint-tas\/","title":{"rendered":"DARCO Hallux Valgus Zehenschiene &#8211; Toe Alignment Splint (TAS\u00ae)"},"content":{"rendered":"<p><strong>Redressierender Verband nach Hallux Valgus Operationen<\/strong><\/p>\n<p>Hilfsmittelnummer 23.01.01.0008<\/p>\n<p>Postoperativ nach Hallux-Valgus-, Hammerzehen- oder Schneiderzehen- Operationen<\/p>\n<p>Gr\u00f6\u00dfe: Universal<\/p>\n<p>Farbe: Wei\u00df<br \/>\nZehenbandage Hallux Valgus Zehenschiene. Redressierender Verband nach Hallux Valgus Op<\/p>\n<p>Auch im praktischen 6er-Pack erh\u00e4ltlich.<br \/>\nIndikationen:<br \/>\npostoperativ nach:<br \/>\n\u203a \u00a0\u00a0\u00a0 \u00a0Hallux Valgus-Operationen<br \/>\n\u203a \u00a0\u00a0\u00a0 \u00a0Schneiderballen-Operationen<br \/>\n\u203a \u00a0\u00a0\u00a0 \u00a0Hammerzehen-Operationen<\/p>\n<p>Wirkungsweise:<br \/>\n\u203a \u00a0\u00a0\u00a0 \u00a0postoperativer redressierender Verband anstelle von Tapeverb\u00e4nden<br \/>\n\u203a \u00a0\u00a0\u00a0 \u00a0Fixierung und Ausrichtung der operierten \/ korrigierten Zehen in die gew\u00fcnschte Position<\/p>\n<p>Eigenschaften:<br \/>\n\u203a \u00a0\u00a0\u00a0 \u00a0angenehmer Tragekomfort durch weiches Material und Verzicht auf starre Kunststoffelemente<br \/>\n\u203a \u00a0\u00a0\u00a0 \u00a0rechts und links tragbar<\/p>\n<p><b><u>Sehen Sie das neue Produktvideo:<br \/>\n<\/u><\/b><a href=\"http:\/\/www.darco.de\/orthesen-bandagen-fuss-tas-hallux-valgus-zehenschiene.html\" target=\"_blank\" rel=\"noopener\"><u>http:\/\/www.darco.de\/orthesen-bandagen-fuss-tas-hallux-valgus-zehenschiene.html<\/u><\/a><\/p>\n<p><b><u>Weitere Informationen:<\/u><\/b><br \/>\n<a class=\"showcase-link\" href=\"http:\/\/www.darco.de\/download\/gebrauchsanweisungen\/darco_instructions_tas.pdf\" target=\"_blank\" download=\"\" rel=\"noopener\">Download: Gebrauchshinweis f\u00fcr die TAS\u00a0-Schiene (PDF)<\/a><br \/>\n<a class=\"showcase-link\" href=\"http:\/\/www.darco.de\/download\/darco_de_tas.pdf\" target=\"_blank\" download=\"\" rel=\"noopener\">Download: Flyer &#8220;DARCO TAS\u00ae Toe Alignment Splint zur postoperativen Versorgung&#8221; (PDF)<\/a><\/p>\n<div class=\"brlbs-cmpnt-container brlbs-cmpnt-content-blocker brlbs-cmpnt-with-individual-styles\" data-borlabs-cookie-content-blocker-id=\"youtube-content-blocker\" data-borlabs-cookie-content=\"PGlmcmFtZSBzcmM9Ii8vd3d3LnlvdXR1YmUtbm9jb29raWUuY29tL2VtYmVkLzNNRTQtNWEtRnprIiB3aWR0aD0iNTYwIiBoZWlnaHQ9IjMxNSIgZnJhbWVib3JkZXI9IjAiIGFsbG93ZnVsbHNjcmVlbj0iYWxsb3dmdWxsc2NyZWVuIj48L2lmcmFtZT48c2NyaXB0IGRhdGEtYm9ybGFicy1jb29raWUtc2NyaXB0LWJsb2NrZXItaWdub3JlPgooZnVuY3Rpb24oKSB7CiAgICBjb25zdCBmdXNpb25WaWRlbyA9IGRvY3VtZW50LmN1cnJlbnRTY3JpcHQuY2xvc2VzdCgnLmZ1c2lvbi12aWRlbycpOwogICAgaWYgKCFmdXNpb25WaWRlbyB8fCB0eXBlb2YgalF1ZXJ5ID09PSAndW5kZWZpbmVkJykgewogICAgICAgIHJldHVybjsKICAgIH0KICAgICFqUXVlcnkoZnVzaW9uVmlkZW8pLnBhcmVudHMoIi5mdXNpb24tbW9kYWwiKS5sZW5ndGggJiYgMSA9PSBqUXVlcnkoZnVzaW9uVmlkZW8pLmRhdGEoImF1dG9wbGF5IikgJiYgalF1ZXJ5KGZ1c2lvblZpZGVvKS5pcygiOnZpc2libGUiKSAmJiBqUXVlcnkoZnVzaW9uVmlkZW8pLmZpbmQoImlmcmFtZSIpLmVhY2goKGZ1bmN0aW9uICgpIHsKICAgICAgalF1ZXJ5KHRoaXMpLmhhc0NsYXNzKCJsYXp5bG9hZCIpID8galF1ZXJ5KHRoaXMpLm9uKCJsYXp5bG9hZGVkIiwgKGZ1bmN0aW9uICgpIHsKICAgICAgICB0aGlzLmNvbnRlbnRXaW5kb3cubG9jYXRpb24ucmVwbGFjZShqUXVlcnkodGhpcykuYXR0cigiZGF0YS1vcmlnLXNyYyIpLnJlcGxhY2UoImF1dG9wbGF5PTAiLCAiYXV0b3BsYXk9MSIpKQogICAgICB9KSkgOiBqUXVlcnkodGhpcykuYXR0cigic3JjIiwgalF1ZXJ5KHRoaXMpLmF0dHIoInNyYyIpLnJlcGxhY2UoImF1dG9wbGF5PTAiLCAiYXV0b3BsYXk9MSIpKQogICAgfSkpCn0pKCk7Cjwvc2NyaXB0Pg==\">\n<div class=\"brlbs-cmpnt-cb-preset-c brlbs-cmpnt-cb-youtube\">\n<div class=\"brlbs-cmpnt-cb-thumbnail\" style=\"background-image: url('https:\/\/www.allortho.de\/wp-content\/uploads\/borlabs-cookie\/1\/yt_3ME4-5a-Fzk_hqdefault.jpg')\"><\/div>\n<div class=\"brlbs-cmpnt-cb-main\">\n<div class=\"brlbs-cmpnt-cb-play-button\"><\/div>\n<div class=\"brlbs-cmpnt-cb-content\">\n<p class=\"brlbs-cmpnt-cb-description\">You are currently viewing a placeholder content from <strong>YouTube<\/strong>. To access the actual content, click the button below. Please note that doing so will share data with third-party providers.<\/p>\n<p> <a class=\"brlbs-cmpnt-cb-provider-toggle\" href=\"#\" data-borlabs-cookie-show-provider-information role=\"button\">More Information<\/a> <\/div>\n<div class=\"brlbs-cmpnt-cb-buttons\"> <a class=\"brlbs-cmpnt-cb-btn\" href=\"#\" data-borlabs-cookie-unblock role=\"button\">Unblock content<\/a> <a class=\"brlbs-cmpnt-cb-btn\" href=\"#\" data-borlabs-cookie-accept-service role=\"button\" style=\"display: inherit\">Accept required service and unblock content<\/a> <\/div>\n<\/p><\/div>\n<\/p><\/div>\n<\/div>\n","protected":false},"excerpt":{"rendered":"<p>Die TAS<sup>\u00ae<\/sup> Hallux Valgus Zehenschiene stellt einen postoperativen redressierenden Verband dar, welche anstelle von Tapeverb\u00e4nden eingesetzt wird. Sie erlaubt eine Fixierung und Ausrichtung der operierten \/ korrigierten Zehen in die gew\u00fcnschte Position, was das Operationsergebnis ma\u00dfgeblich bestimmt.<\/p>\n<p class=\"space-p\">Ein Sandalenband am R\u00fcckfu\u00df verhindert das Abgleiten der Mittelfu\u00dfbandage. Das weiche Material und der Verzicht auf starre Kunststoffelemente sorgen f\u00fcr einen angenehmen Tragekomfort.<\/p>\n","protected":false},"featured_media":3477,"comment_status":"closed","ping_status":"closed","template":"","meta":[],"product_brand":[],"product_cat":[98],"product_tag":[],"class_list":{"0":"post-3465","1":"product","2":"type-product","3":"status-publish","4":"has-post-thumbnail","6":"product_cat-darco","8":"first","9":"instock","10":"taxable","11":"shipping-taxable","12":"product-type-simple"},"_links":{"self":[{"href":"https:\/\/www.allortho.de\/en\/wp-json\/wp\/v2\/product\/3465","targetHints":{"allow":["GET"]}}],"collection":[{"href":"https:\/\/www.allortho.de\/en\/wp-json\/wp\/v2\/product"}],"about":[{"href":"https:\/\/www.allortho.de\/en\/wp-json\/wp\/v2\/types\/product"}],"replies":[{"embeddable":true,"href":"https:\/\/www.allortho.de\/en\/wp-json\/wp\/v2\/comments?post=3465"}],"wp:featuredmedia":[{"embeddable":true,"href":"https:\/\/www.allortho.de\/en\/wp-json\/wp\/v2\/media\/3477"}],"wp:attachment":[{"href":"https:\/\/www.allortho.de\/en\/wp-json\/wp\/v2\/media?parent=3465"}],"wp:term":[{"taxonomy":"product_brand","embeddable":true,"href":"https:\/\/www.allortho.de\/en\/wp-json\/wp\/v2\/product_brand?post=3465"},{"taxonomy":"product_cat","embeddable":true,"href":"https:\/\/www.allortho.de\/en\/wp-json\/wp\/v2\/product_cat?post=3465"},{"taxonomy":"product_tag","embeddable":true,"href":"https:\/\/www.allortho.de\/en\/wp-json\/wp\/v2\/product_tag?post=3465"}],"curies":[{"name":"wp","href":"https:\/\/api.w.org\/{rel}","templated":true}]}}