{"id":3462,"date":"2016-08-04T21:23:02","date_gmt":"2016-08-04T19:23:02","guid":{"rendered":"https:\/\/www.allortho.de\/?post_type=product&#038;p=3462"},"modified":"2016-08-04T22:08:52","modified_gmt":"2016-08-04T20:08:52","slug":"darco-puzzle-insole-modulare-innensohle","status":"publish","type":"product","link":"https:\/\/www.allortho.de\/en\/produkt\/darco-puzzle-insole-modulare-innensohle\/","title":{"rendered":"DARCO Puzzle Insole\u00ae &#8211; Modulare Innensohle"},"content":{"rendered":"<p>Die Modulare Innensohle zur plantaren Druckumverteilung.<br \/>\nSpeziell nach Vor- und Mittelfu\u00df-Operationen.<\/p>\n<p>Kompatibel mit:<\/p>\n<p>MedSurg Verbandschuh<br \/>\nMedSurg Pro\u00ae Verbandschuh<br \/>\nRelief Dual\u00ae Fu\u00dfteilentlastungsschuh<\/p>\n<p>7 Gr\u00f6\u00dfen:<br \/>\nDamen: S (34-36,5), M (37-38,5), L (39-41)<br \/>\nHerren: S (38-41), M (41,5-43), L (43,4-45), XL (45,5-47)<\/p>\n<p>Zur indikationsbezogenen Druckentlastung.<\/p>\n<p><a class=\"textlink\" href=\"http:\/\/www.darco.de\/download\/darco_de_puzzle_insole.pdf\" target=\"_blank\" download=\"\" rel=\"noopener\">Download: Typische Indikationen finden sie auf dem Produkt-Flyer<\/a><br \/>\nIndikationen:<br \/>\nKleinzehenmodul (schmal)<br \/>\n\u203a \u00a0\u00a0\u00a0 \u00a0Schneiderballen<br \/>\n\u203a \u00a0\u00a0\u00a0 \u00a0Jones-Fraktur<\/p>\n<p>Gro\u00dfzehenmodul (breit)<br \/>\n\u203a \u00a0\u00a0\u00a0 \u00a0Osteotomien: Austin, Scarf, Akin, Youngswick<br \/>\n\u203a \u00a0\u00a0\u00a0 \u00a0Arthrodesen: Lapidus, MPG und GZGG<\/p>\n<p>Mittelmodul<br \/>\n\u203a \u00a0\u00a0\u00a0 \u00a0Weil- und \/ oder Helal- Osteotomie I \u2013 IV<br \/>\n\u203a \u00a0\u00a0\u00a0 \u00a0Morton Neurom<br \/>\n\u203a \u00a0\u00a0\u00a0 \u00a0Hammerzeh-, Krallenzeh- Korrekturen<br \/>\n\u203a \u00a0\u00a0\u00a0 \u00a0PIP-Arthrodesen<\/p>\n<p>Wirkungsweise:<br \/>\n\u203a \u00a0\u00a0\u00a0 \u00a0modulare Innensohle zur plantaren Druckumverteilung<br \/>\n\u203a \u00a0\u00a0\u00a0 \u00a0speziell nach Vor- und Mittelfu\u00df-Operationen<\/p>\n<p>Eigenschaften:<br \/>\n\u203a \u00a0\u00a0\u00a0 \u00a0einfaches Austauschen der Module<br \/>\n\u203a \u00a0\u00a0\u00a0 \u00a0Negativabsatz von 2,4\u00b0 Dorsalextension<br \/>\n\u203a \u00a0\u00a0\u00a0 \u00a0rechts und links tragbar<br \/>\n<b><u>Sehen Sie unser neues Produktvideo:<br \/>\n<\/u><\/b><br \/>\n<a href=\"http:\/\/www.darco.de\/sohlen-zubehoer-puzzle-insole.html\" target=\"_blank\" rel=\"noopener\">http:\/\/www.darco.de\/sohlen-zubehoer-puzzle-insole.html<br \/>\n<\/a><\/p>\n<p class=\"space-p\"><b><u>Weitere Informationen:<\/u><\/b><\/p>\n<p><a class=\"showcase-link\" href=\"http:\/\/www.darco.de\/download\/gebrauchsanweisungen\/darco_instructions_puzzle_insole.pdf\" target=\"_blank\" download=\"\" rel=\"noopener\">Download: Gebrauchsanweisung Puzzle Insole<sup>\u00ae<\/sup> (PDF)<\/a><br \/>\n<a class=\"showcase-link\" href=\"http:\/\/www.darco.de\/download\/darco_de_puzzle_insole.pdf\" target=\"_blank\" download=\"\" rel=\"noopener\">Download: Flyer &#8220;Die original Puzzle Insole<sup>\u00ae<\/sup> von DARCO \u2013 zur gezielten Druckentlastung&#8221; (PDF)<\/a><br \/>\n<a class=\"showcase-link\" href=\"http:\/\/www.darco.de\/download\/darco_de_sohlen_flyer.pdf\" target=\"_blank\" download=\"\" rel=\"noopener\">Download: Sohlen-Flyer &#8220;Druckentlastung mit den Innensohlen von DARCO&#8221; (PDF)<\/a><\/p>\n","protected":false},"excerpt":{"rendered":"<p>Die Puzzle Insole<sup>\u00ae<\/sup> erlaubt eine plantare Druckentlastung durch das einfache Austauschen der Module. Die beiden Sohlen aus EVA Schaumstoff unterscheiden sich lediglich durch die unterschiedlichen Shore-H\u00e4rten. Die drei austauschbaren Module (Kleinzehenmodul, Gro\u00dfzehenmodul und Mittelmodul) sind f\u00fcr unterschiedlichste Indikationen einzeln auszutauschen.<\/p>\n","protected":false},"featured_media":3471,"comment_status":"closed","ping_status":"closed","template":"","meta":[],"product_brand":[],"product_cat":[98],"product_tag":[],"class_list":{"0":"post-3462","1":"product","2":"type-product","3":"status-publish","4":"has-post-thumbnail","6":"product_cat-darco","8":"first","9":"instock","10":"taxable","11":"shipping-taxable","12":"product-type-simple"},"_links":{"self":[{"href":"https:\/\/www.allortho.de\/en\/wp-json\/wp\/v2\/product\/3462","targetHints":{"allow":["GET"]}}],"collection":[{"href":"https:\/\/www.allortho.de\/en\/wp-json\/wp\/v2\/product"}],"about":[{"href":"https:\/\/www.allortho.de\/en\/wp-json\/wp\/v2\/types\/product"}],"replies":[{"embeddable":true,"href":"https:\/\/www.allortho.de\/en\/wp-json\/wp\/v2\/comments?post=3462"}],"wp:featuredmedia":[{"embeddable":true,"href":"https:\/\/www.allortho.de\/en\/wp-json\/wp\/v2\/media\/3471"}],"wp:attachment":[{"href":"https:\/\/www.allortho.de\/en\/wp-json\/wp\/v2\/media?parent=3462"}],"wp:term":[{"taxonomy":"product_brand","embeddable":true,"href":"https:\/\/www.allortho.de\/en\/wp-json\/wp\/v2\/product_brand?post=3462"},{"taxonomy":"product_cat","embeddable":true,"href":"https:\/\/www.allortho.de\/en\/wp-json\/wp\/v2\/product_cat?post=3462"},{"taxonomy":"product_tag","embeddable":true,"href":"https:\/\/www.allortho.de\/en\/wp-json\/wp\/v2\/product_tag?post=3462"}],"curies":[{"name":"wp","href":"https:\/\/api.w.org\/{rel}","templated":true}]}}