{"id":3302,"date":"2016-08-01T23:55:05","date_gmt":"2016-08-01T21:55:05","guid":{"rendered":"https:\/\/www.allortho.de\/?post_type=product&#038;p=3302"},"modified":"2018-02-19T22:07:50","modified_gmt":"2018-02-19T21:07:50","slug":"darco-medsurg-pediatric-kinderverbandschuh","status":"publish","type":"product","link":"https:\/\/www.allortho.de\/en\/produkt\/darco-medsurg-pediatric-kinderverbandschuh\/","title":{"rendered":"DARCO MedSurg Pediatric &#8211; Kinderverbandschuh"},"content":{"rendered":"<p><strong>Postoperativ zur Stabilit\u00e4t und Entlastung<\/strong><\/p>\n<p class=\"hilfsnr\">Hilfsmittelnummer 31.03.03.4026<\/p>\n<p class=\"space-p\">Eine Gr\u00f6\u00dfe: bis 32<\/p>\n<p class=\"space-p\">Farbe: Schwarz und Blau<\/p>\n<p class=\"space-p\">Indikationen:<br \/>\n\u203a \u00a0\u00a0\u00a0 \u00a0postoperativ zur Stabilisierung und Entlastung z. B. nach Fu\u00dfosteotomien<\/p>\n<p>Wirkungsweise:<br \/>\n\u203a \u00a0\u00a0\u00a0 \u00a0Stabilit\u00e4t, Sto\u00df- und Druckentlastung nach Operationen<br \/>\n\u203a \u00a0\u00a0\u00a0 \u00a0Tragen von sehr umfangreichen Verb\u00e4nden m\u00f6glich<\/p>\n<p>Eigenschaften:<br \/>\n\u203a \u00a0\u00a0\u00a0 \u00a0luftdurchl\u00e4ssiges Nylongewebe<br \/>\n\u203a \u00a0\u00a0\u00a0 \u00a0patentgesch\u00fctzte Sohlenversteifung<br \/>\n\u203a \u00a0\u00a0\u00a0 \u00a0herausnehmbare Innensohle<br \/>\n\u203a \u00a0\u00a0\u00a0 \u00a0rechts und links tragbar<\/p>\n<p class=\"space-p\"><b><u>Weitere Informationen:<\/u><\/b><br \/>\n<a class=\"showcase-link\" href=\"http:\/\/www.darco.de\/download\/gebrauchsanweisungen\/darco_instructions_medsurg.pdf\" target=\"_blank\" download=\"\" rel=\"noopener\">Download: Gebrauchsanweisung MedSurg + MedSurg Pediatric (PDF)<\/a><br \/>\n<a class=\"showcase-link\" href=\"http:\/\/www.darco.de\/download\/gebrauchsanweisungen\/darco_instructions_medsurg_original.pdf\" target=\"_blank\" download=\"\" rel=\"noopener\">Download: Gebrauchsanweisung MedSurg Original + MedSurg Original Pediatric (PDF)<\/a><\/p>\n","protected":false},"excerpt":{"rendered":"<p>Die Kinderchirurgie ist ein eigenst\u00e4ndiges Gebiet mit einem spezifischen Spektrum in der Krankenversorgung. DARCO hat sich den Bed\u00fcrfnissen der Kinderf\u00fc\u00dfe angepasst.<\/p>\n<p class=\"space-p\">Der MedSurg Verbandschuh ist nun auch in einer Kindergr\u00f6\u00dfe erh\u00e4ltlich. Auf die bew\u00e4hrte Konstruktion und Qualit\u00e4t des Schuhs wurde selbstverst\u00e4ndlich nicht verzichtet.<\/p>\n","protected":false},"featured_media":3454,"comment_status":"closed","ping_status":"closed","template":"","meta":[],"product_brand":[],"product_cat":[98],"product_tag":[],"class_list":{"0":"post-3302","1":"product","2":"type-product","3":"status-publish","4":"has-post-thumbnail","6":"product_cat-darco","8":"first","9":"instock","10":"taxable","11":"shipping-taxable","12":"product-type-simple"},"_links":{"self":[{"href":"https:\/\/www.allortho.de\/en\/wp-json\/wp\/v2\/product\/3302","targetHints":{"allow":["GET"]}}],"collection":[{"href":"https:\/\/www.allortho.de\/en\/wp-json\/wp\/v2\/product"}],"about":[{"href":"https:\/\/www.allortho.de\/en\/wp-json\/wp\/v2\/types\/product"}],"replies":[{"embeddable":true,"href":"https:\/\/www.allortho.de\/en\/wp-json\/wp\/v2\/comments?post=3302"}],"wp:featuredmedia":[{"embeddable":true,"href":"https:\/\/www.allortho.de\/en\/wp-json\/wp\/v2\/media\/3454"}],"wp:attachment":[{"href":"https:\/\/www.allortho.de\/en\/wp-json\/wp\/v2\/media?parent=3302"}],"wp:term":[{"taxonomy":"product_brand","embeddable":true,"href":"https:\/\/www.allortho.de\/en\/wp-json\/wp\/v2\/product_brand?post=3302"},{"taxonomy":"product_cat","embeddable":true,"href":"https:\/\/www.allortho.de\/en\/wp-json\/wp\/v2\/product_cat?post=3302"},{"taxonomy":"product_tag","embeddable":true,"href":"https:\/\/www.allortho.de\/en\/wp-json\/wp\/v2\/product_tag?post=3302"}],"curies":[{"name":"wp","href":"https:\/\/api.w.org\/{rel}","templated":true}]}}