{"id":3301,"date":"2016-08-01T23:40:11","date_gmt":"2016-08-01T21:40:11","guid":{"rendered":"https:\/\/www.allortho.de\/?post_type=product&#038;p=3301"},"modified":"2016-08-03T22:41:41","modified_gmt":"2016-08-03T20:41:41","slug":"darco-slimline-pediatric-kindergips-und-langzeitverbandschuh","status":"publish","type":"product","link":"https:\/\/www.allortho.de\/en\/produkt\/darco-slimline-pediatric-kindergips-und-langzeitverbandschuh\/","title":{"rendered":"DARCO SlimLine\u00ae Pediatric &#8211; Kindergips- und Langzeitverbandschuh"},"content":{"rendered":"<p><strong>Idealer Schutz vor zu schneller Abnutzung und Verschmutzung<\/strong><\/p>\n<p>Hilfsmittelnummer 31.03.03.4025<\/p>\n<p>Bei Kunststoffgipsverb\u00e4nden und Zinkleimverb\u00e4nden<\/p>\n<p>3 Gr\u00f6\u00dfen: S (bis 21), M (22 \u2013 26), L (27 \u2013 32)<\/p>\n<p>Farbe: Blau, Pink<br \/>\nIndikationen:<br \/>\n\u203a \u00a0\u00a0\u00a0 \u00a0Frakturen bzw. Gipsversorgungen<\/p>\n<p>Wirkungsweise:<br \/>\n\u203a \u00a0\u00a0\u00a0 \u00a0idealer Schutz vor zu schneller Abnutzung und Verschmutzung des Gips<\/p>\n<p>Eigenschaften:<br \/>\n\u203a \u00a0\u00a0\u00a0 \u00a0wetterfestes Obermaterial<br \/>\n\u203a \u00a0\u00a0\u00a0 \u00a0herausnehmbare Innensohle<br \/>\n\u203a \u00a0\u00a0\u00a0 \u00a0rechts und links tragbar<\/p>\n<p><b><u>Weitere Informationen:<\/u><\/b><br \/>\n<a class=\"showcase-link\" href=\"http:\/\/www.darco.de\/download\/gebrauchsanweisungen\/darco_instructions_slimline.pdf\" target=\"_blank\" download=\"\" rel=\"noopener\">Download: Gebrauchsanweisung &#8220;SlimLine<sup>\u00ae<\/sup> + SlimLine<sup>\u00ae<\/sup> Pediatric&#8221; (PDF)<\/a><\/p>\n","protected":false},"excerpt":{"rendered":"<p>Speziell der Kindergips ist h\u00e4ufig gro\u00dfer Belastung und hoher Beanspruchung ausgesetzt. Der SlimLine\u00ae Gips\u00fcberschuh ist ein idealer Schutz vor zu schneller Abnutzung und Verschmutzung.<\/p>\n<p class=\"space-p\">Selbstverst\u00e4ndlich wurden die Eigenschaften und Merkmale des bew\u00e4hrten Erwachsenenmodells ber\u00fccksichtigt.<\/p>\n","protected":false},"featured_media":3451,"comment_status":"closed","ping_status":"closed","template":"","meta":[],"product_brand":[],"product_cat":[98],"product_tag":[],"class_list":{"0":"post-3301","1":"product","2":"type-product","3":"status-publish","4":"has-post-thumbnail","6":"product_cat-darco","8":"first","9":"instock","10":"taxable","11":"shipping-taxable","12":"product-type-simple"},"_links":{"self":[{"href":"https:\/\/www.allortho.de\/en\/wp-json\/wp\/v2\/product\/3301","targetHints":{"allow":["GET"]}}],"collection":[{"href":"https:\/\/www.allortho.de\/en\/wp-json\/wp\/v2\/product"}],"about":[{"href":"https:\/\/www.allortho.de\/en\/wp-json\/wp\/v2\/types\/product"}],"replies":[{"embeddable":true,"href":"https:\/\/www.allortho.de\/en\/wp-json\/wp\/v2\/comments?post=3301"}],"wp:featuredmedia":[{"embeddable":true,"href":"https:\/\/www.allortho.de\/en\/wp-json\/wp\/v2\/media\/3451"}],"wp:attachment":[{"href":"https:\/\/www.allortho.de\/en\/wp-json\/wp\/v2\/media?parent=3301"}],"wp:term":[{"taxonomy":"product_brand","embeddable":true,"href":"https:\/\/www.allortho.de\/en\/wp-json\/wp\/v2\/product_brand?post=3301"},{"taxonomy":"product_cat","embeddable":true,"href":"https:\/\/www.allortho.de\/en\/wp-json\/wp\/v2\/product_cat?post=3301"},{"taxonomy":"product_tag","embeddable":true,"href":"https:\/\/www.allortho.de\/en\/wp-json\/wp\/v2\/product_tag?post=3301"}],"curies":[{"name":"wp","href":"https:\/\/api.w.org\/{rel}","templated":true}]}}