{"id":3298,"date":"2016-08-01T23:21:44","date_gmt":"2016-08-01T21:21:44","guid":{"rendered":"https:\/\/www.allortho.de\/?post_type=product&#038;p=3298"},"modified":"2018-02-19T22:07:54","modified_gmt":"2018-02-19T21:07:54","slug":"darco-medsurg-pro-verbandschuh","status":"publish","type":"product","link":"https:\/\/www.allortho.de\/en\/produkt\/darco-medsurg-pro-verbandschuh\/","title":{"rendered":"DARCO MedSurg Pro\u00ae Verbandschuh"},"content":{"rendered":"<p><strong>Stabilit\u00e4t, Sto\u00df- und Druckentlastung nach Operationen<\/strong><\/p>\n<p>Hilfsmittelnummer 31.03.03.4026<\/p>\n<p>Postoperativ zur Stabilisierung und Entlastung<br \/>\nErh\u00e4ltlich mit niedrigem und hohen Schaft<br \/>\nweiches Innenfutter<br \/>\nleichtes, luftdurchl\u00e4ssiges Obermaterial<br \/>\nFersenkappe f\u00fcr besseren R\u00fcckfu\u00dfhalt vergr\u00f6\u00dfert<\/p>\n<p>3 Damengr\u00f6\u00dfen:<br \/>\nWS (34 &#8211; 36,5), WM (37 &#8211; 38,5), WL (39 &#8211; 41)<\/p>\n<p>4 Herrengr\u00f6\u00dfen:<br \/>\nMS (39 &#8211; 41), MM (41,5 &#8211; 43), ML (43,5 &#8211; 45),<br \/>\nMXL (45,5 &#8211; 47)<\/p>\n<p>Farbe: Schwarz<br \/>\nIndikationen:<br \/>\n\u203a \u00a0\u00a0\u00a0 \u00a0postoperativ zur Stabilisierung und Entlastung z. B. nach Fu\u00dfosteotomien<\/p>\n<p>Wirkungsweise:<br \/>\n\u203a \u00a0\u00a0\u00a0 \u00a0Stabilit\u00e4t, Sto\u00df- und Druckentlastung nach Operationen<br \/>\n\u203a \u00a0\u00a0\u00a0 \u00a0Platz f\u00fcr Einlagen durch herausnehmbare Innensohle (auch diabetesadaptierte Fu\u00dfbettung)<br \/>\n\u203a \u00a0\u00a0\u00a0 \u00a0Tragen von sehr umfangreichen Verb\u00e4nden m\u00f6glich<\/p>\n<p>Eigenschaften:<br \/>\n\u203a \u00a0\u00a0\u00a0 \u00a0Fersenkappe f\u00fcr besseren R\u00fcckfu\u00dfhalt vergr\u00f6\u00dfert<br \/>\n\u203a \u00a0\u00a0\u00a0 \u00a0mit hohem und niedrigem Schaft erh\u00e4ltlich<br \/>\n\u203a \u00a0\u00a0\u00a0 \u00a0austauschbare Innensohle<br \/>\n\u203a \u00a0\u00a0\u00a0 \u00a0rechts und links tragbar<\/p>\n<p><b><u>Weitere Informationen:<\/u><\/b><br \/>\n<a class=\"showcase-link\" href=\"http:\/\/www.darco.de\/download\/gebrauchsanweisungen\/darco_instructions_ms_pro.pdf\" target=\"_blank\" download=\"\" rel=\"noopener\">Download: Gebrauchsanweisung MedSurg Pro<sup>\u00ae<\/sup> (PDF)<\/a><br \/>\n<a class=\"showcase-link\" href=\"http:\/\/www.darco.de\/download\/darco_de_medsurg_pro.pdf\" target=\"_blank\" download=\"\" rel=\"noopener\">Download: Flyer &#8220;Der neue MedSurg Pro<sup>\u00ae<\/sup>. Neues Design \u2013 bew\u00e4hrte Funktionalit\u00e4t&#8221; (PDF)<\/a><br \/>\n<a class=\"showcase-link\" href=\"http:\/\/www.darco.de\/druckmessungen\/DARCO_Analyse_Druckumverteilung_MedSurg_Pro_MedSurg.pdf\" target=\"_blank\" download=\"\" rel=\"noopener\">Download: Biomechanische Analyse zur Druckumverteilung MedSurg Pro<sup>\u00ae<\/sup> \/ MedSurg (PDF)<\/a><\/p>\n","protected":false},"excerpt":{"rendered":"<p class=\"space-p\">Mit dem MedSurg Pro<sup>\u00ae<\/sup> pr\u00e4sentiert DARCO seinen in Design und Funktion optimierten MedSurg Verbandschuh. Er dient der Stabilit\u00e4t und Druckentlastung nach Operationen und ist nun erstmals auch in zwei Varianten &#8211; niedrig oder kn\u00f6chel\u00fcbergreifend &#8211; erh\u00e4ltlich. Leichtes, luftdurchl\u00e4ssiges Obermaterial verleiht dem neuen MedSurg Pro<sup>\u00ae<\/sup> ein attraktiveres Aussehen. Das anschmiegsame, weiche Innenfutter sorgt f\u00fcr h\u00f6chsten Tragekomfort. Umlenkschlaufen auf beiden Seiten des Schuhs gew\u00e4hrleisten zudem die praktische Handhabung der breiten Klettverschl\u00fcsse und sichern stabilen Halt.<\/p>\n<p class=\"space-p\">Die bew\u00e4hrten Qualit\u00e4tsmerkmale wie Square Toe, geringe Profilh\u00f6he, breiter Einstieg und distale Gelenkfeder (Metatarsal-Metashank) bleiben weiterhin fester Bestandteil des Schuhs.<\/p>\n","protected":false},"featured_media":3447,"comment_status":"closed","ping_status":"closed","template":"","meta":[],"product_brand":[],"product_cat":[98],"product_tag":[],"class_list":{"0":"post-3298","1":"product","2":"type-product","3":"status-publish","4":"has-post-thumbnail","6":"product_cat-darco","8":"first","9":"instock","10":"taxable","11":"shipping-taxable","12":"product-type-simple"},"_links":{"self":[{"href":"https:\/\/www.allortho.de\/en\/wp-json\/wp\/v2\/product\/3298","targetHints":{"allow":["GET"]}}],"collection":[{"href":"https:\/\/www.allortho.de\/en\/wp-json\/wp\/v2\/product"}],"about":[{"href":"https:\/\/www.allortho.de\/en\/wp-json\/wp\/v2\/types\/product"}],"replies":[{"embeddable":true,"href":"https:\/\/www.allortho.de\/en\/wp-json\/wp\/v2\/comments?post=3298"}],"wp:featuredmedia":[{"embeddable":true,"href":"https:\/\/www.allortho.de\/en\/wp-json\/wp\/v2\/media\/3447"}],"wp:attachment":[{"href":"https:\/\/www.allortho.de\/en\/wp-json\/wp\/v2\/media?parent=3298"}],"wp:term":[{"taxonomy":"product_brand","embeddable":true,"href":"https:\/\/www.allortho.de\/en\/wp-json\/wp\/v2\/product_brand?post=3298"},{"taxonomy":"product_cat","embeddable":true,"href":"https:\/\/www.allortho.de\/en\/wp-json\/wp\/v2\/product_cat?post=3298"},{"taxonomy":"product_tag","embeddable":true,"href":"https:\/\/www.allortho.de\/en\/wp-json\/wp\/v2\/product_tag?post=3298"}],"curies":[{"name":"wp","href":"https:\/\/api.w.org\/{rel}","templated":true}]}}