{"id":3295,"date":"2016-08-01T23:08:41","date_gmt":"2016-08-01T21:08:41","guid":{"rendered":"https:\/\/www.allortho.de\/?post_type=product&#038;p=3295"},"modified":"2018-02-19T22:07:54","modified_gmt":"2018-02-19T21:07:54","slug":"darco-relief-contour-insole-weichbettungseinlegesohle","status":"publish","type":"product","link":"https:\/\/www.allortho.de\/en\/produkt\/darco-relief-contour-insole-weichbettungseinlegesohle\/","title":{"rendered":"DARCO Relief Contour Insole &#8211; Weichbettungseinlegesohle"},"content":{"rendered":"<p>ndikationen:<br \/>\n\u203a \u00a0\u00a0\u00a0 \u00a0nach Hallux Valgus- und Kleinzehen-Operationen (Austin, Akin, Scarf, Weil, Hohmann etc.)<br \/>\n\u203a \u00a0\u00a0\u00a0 \u00a0Knick-, Senk-, Spreizfu\u00df<br \/>\n\u203a \u00a0\u00a0\u00a0 \u00a0Angio-neuropathische Fu\u00dfver\u00e4nderungen in Kombination mit milden Fu\u00dfdeformit\u00e4ten<\/p>\n<p>Wirkungsweise:<br \/>\n\u203a \u00a0\u00a0\u00a0 \u00a0durch angepasste Konturen wird eine optimale Druckumverteilung erreicht<br \/>\n\u203a \u00a0\u00a0\u00a0 \u00a0bis zu 90 % fl\u00e4chige Belastung m\u00f6glich<\/p>\n<p>Eigenschaften:<br \/>\n\u203a \u00a0\u00a0\u00a0 \u00a0Weichbettungseinlegesohle (langsohlig)<br \/>\n\u203a \u00a0\u00a0\u00a0 \u00a0weicher, l\u00e4ngs- und querelastischer Sohlenbezug aus komfortablem Jersey-Lycra-Gemisch<br \/>\n\u203a \u00a0\u00a0\u00a0 \u00a0beschleifbares PU-Material<br \/>\n\u203a \u00a0\u00a0\u00a0 \u00a0Negativabsatz von 2,4\u00b0 Dorsalextension<br \/>\n\u203a \u00a0\u00a0\u00a0 \u00a0f\u00fcr den rechten und linken Fu\u00df erh\u00e4ltlich<\/p>\n","protected":false},"excerpt":{"rendered":"<p>Nach Hallux Valgus und Kleinzehen-Operationen<br \/>\n(Austin, Akin, Scarf, Weil, Hohmann), etc.<\/p>\n<p>Kompatibel mit:<br \/>\nMedSurg Verbandschuh<br \/>\nMedSurg Pro\u00ae Verbandschuh<br \/>\nRelief Dual\u00ae Fu\u00dfteilentlastungsschuh<\/p>\n","protected":false},"featured_media":3441,"comment_status":"closed","ping_status":"closed","template":"","meta":[],"product_brand":[],"product_cat":[98],"product_tag":[],"class_list":{"0":"post-3295","1":"product","2":"type-product","3":"status-publish","4":"has-post-thumbnail","6":"product_cat-darco","8":"first","9":"instock","10":"taxable","11":"shipping-taxable","12":"product-type-simple"},"_links":{"self":[{"href":"https:\/\/www.allortho.de\/en\/wp-json\/wp\/v2\/product\/3295","targetHints":{"allow":["GET"]}}],"collection":[{"href":"https:\/\/www.allortho.de\/en\/wp-json\/wp\/v2\/product"}],"about":[{"href":"https:\/\/www.allortho.de\/en\/wp-json\/wp\/v2\/types\/product"}],"replies":[{"embeddable":true,"href":"https:\/\/www.allortho.de\/en\/wp-json\/wp\/v2\/comments?post=3295"}],"wp:featuredmedia":[{"embeddable":true,"href":"https:\/\/www.allortho.de\/en\/wp-json\/wp\/v2\/media\/3441"}],"wp:attachment":[{"href":"https:\/\/www.allortho.de\/en\/wp-json\/wp\/v2\/media?parent=3295"}],"wp:term":[{"taxonomy":"product_brand","embeddable":true,"href":"https:\/\/www.allortho.de\/en\/wp-json\/wp\/v2\/product_brand?post=3295"},{"taxonomy":"product_cat","embeddable":true,"href":"https:\/\/www.allortho.de\/en\/wp-json\/wp\/v2\/product_cat?post=3295"},{"taxonomy":"product_tag","embeddable":true,"href":"https:\/\/www.allortho.de\/en\/wp-json\/wp\/v2\/product_tag?post=3295"}],"curies":[{"name":"wp","href":"https:\/\/api.w.org\/{rel}","templated":true}]}}